{"id":1064,"date":"2020-12-02T15:19:42","date_gmt":"2020-12-02T15:19:42","guid":{"rendered":"https:\/\/greenlinqdata.nl\/ueber-uns\/"},"modified":"2024-01-17T09:54:42","modified_gmt":"2024-01-17T09:54:42","slug":"ueber-uns","status":"publish","type":"page","link":"https:\/\/greenlinqdata.nl\/de\/ueber-uns\/","title":{"rendered":"\u00dcber uns"},"content":{"rendered":"<p>[et_pb_section fb_built=&#8220;1&#8243; admin_label=&#8220;section&#8220; _builder_version=&#8220;4.16&#8243; global_colors_info=&#8220;{}&#8220;][et_pb_row admin_label=&#8220;row&#8220; _builder_version=&#8220;4.16&#8243; background_size=&#8220;initial&#8220; background_position=&#8220;top_left&#8220; background_repeat=&#8220;repeat&#8220; global_colors_info=&#8220;{}&#8220;][et_pb_column type=&#8220;4_4&#8243; _builder_version=&#8220;4.16&#8243; custom_padding=&#8220;|||&#8220; global_colors_info=&#8220;{}&#8220; custom_padding__hover=&#8220;|||&#8220;][et_pb_text admin_label=&#8220;Text&#8220; _builder_version=&#8220;4.23.4&#8243; background_size=&#8220;initial&#8220; background_position=&#8220;top_left&#8220; background_repeat=&#8220;repeat&#8220; hover_enabled=&#8220;0&#8243; global_colors_info=&#8220;{}&#8220; sticky_enabled=&#8220;0&#8243;]<\/p>\n<h3>\u00dcber uns<\/h3>\n<p>GreenlinQdata unterst\u00fctzt Unternehmer in Landwirtschaft und Gartenbau bei der Meldung von Informationen \u00fcber den Anbau. Dar\u00fcber hinaus stellen wir den Austausch dieser Daten mit Erzeugerorganisationen und Handelsh\u00e4usern sicher. Mit praktischen und intelligenten Informationssystemen spart der Erzeuger Zeit und M\u00fche bei der obligatorischen Registrierung, Audit-Unterst\u00fctzung und R\u00fcckverfolgung seiner Kulturen. Der Austausch dieser Informationen erfolgt kontrolliert, sicher und schnell mit einem Knopfdruck. Dadurch kann sich der Unternehmer auf seine Produkte konzentrieren.<\/p>\n<p><img decoding=\"async\" class=\"wp-image-1839 alignleft size-medium\" src=\"https:\/\/greenlinqdata.nl\/wp-content\/uploads\/2022\/06\/GQ-data-1a.jpg\" alt=\"\" width=\"300\" height=\"200\" \/>Berrie de Mik, Direktor von GreenlinQdata: \u201eWir m\u00f6chten den Erzeugern mit praktischen Datenl\u00f6sungen einen Teil ihres Verwaltungsaufwands abnehmen.\u201c<\/p>\n<p>Das Unternehmen hat eine lange Tradition in der Verwaltung von Anbaudaten. Das Unternehmen ging aus Dienstleistungen hervor, die u.a. von Groeiservice und Groeinet erbracht wurden.\u00a0Bei der Entwicklung und Verbesserung unserer kundenspezifischen L\u00f6sungen arbeiten wir eng mit unseren Anteilseignern LTO Bedrijven und VAA sowie verschiedenen Erzeugergenossenschaften zusammen. Wir verstehen die Welt der Erzeuger, verf\u00fcgen \u00fcber die fachliche Kompetenz und viele unserer Mitarbeiter kommen selbst aus dem Agrarsektor. Gemeinsam tragen wir zu einer nachhaltigen, papierlosen, digitalen Gartenbaukette bei.<\/p>\n<p>GreenlinQdata hilft Landwirten und Gartenbauern, ihre Gesch\u00e4fte heute und in Zukunft leichter digital abwickeln zu k\u00f6nnen.<\/p>\n<p>[\/et_pb_text][et_pb_text _builder_version=&#8220;4.16&#8243; _module_preset=&#8220;default&#8220; width=&#8220;75.3%&#8220; global_colors_info=&#8220;{}&#8220;]<\/p>\n<h4 style=\"text-align: center;\"><strong>Haben Sie Fragen? W\u00fcnschen Sie weitere Informationen?<\/strong><\/h4>\n<p style=\"text-align: center;\">Dann <a href=\"https:\/\/greenlinqdata.nl\/de\/kontakt\/\">wenden<\/a> Sie sich bitte an einen unserer erfahrenen Spezialisten.<\/p>\n<p>&nbsp;<\/p>\n<p>[\/et_pb_text][\/et_pb_column][\/et_pb_row][\/et_pb_section]<\/p>\n","protected":false},"excerpt":{"rendered":"<p>\u00dcber uns GreenlinQdata unterst\u00fctzt Unternehmer in Landwirtschaft und Gartenbau bei der Meldung von Informationen \u00fcber den Anbau. Dar\u00fcber hinaus stellen wir den Austausch dieser Daten mit Erzeugerorganisationen und Handelsh\u00e4usern sicher. Mit praktischen und intelligenten Informationssystemen spart der Erzeuger Zeit und M\u00fche bei der obligatorischen Registrierung, Audit-Unterst\u00fctzung und R\u00fcckverfolgung seiner Kulturen. Der Austausch dieser Informationen erfolgt [&hellip;]<\/p>\n","protected":false},"author":11,"featured_media":0,"parent":0,"menu_order":0,"comment_status":"closed","ping_status":"closed","template":"","meta":{"_et_pb_use_builder":"on","_et_pb_old_content":"","_et_gb_content_width":"","footnotes":""},"class_list":["post-1064","page","type-page","status-publish","hentry"],"yoast_head":"<!-- This site is optimized with the Yoast SEO plugin v27.5 - https:\/\/yoast.com\/product\/yoast-seo-wordpress\/ -->\n<title>\u00dcber uns - GreenlinQdata<\/title>\n<meta name=\"description\" content=\"Software voor telers en afzetorganisatie voor het registreren van gewasbeschermingsmiddelen, meststoffen, biologie, water en energi. U maakt uitgebreide rapportages en houdt makkelijk uw voorraad bij. Siertelers kunnen met deze applicatie hun milieuregistratie doen voor GLOBAL G.A.P.\" \/>\n<meta name=\"robots\" content=\"index, follow, max-snippet:-1, max-image-preview:large, max-video-preview:-1\" \/>\n<link rel=\"canonical\" href=\"https:\/\/greenlinqdata.nl\/de\/ueber-uns\/\" \/>\n<meta property=\"og:locale\" content=\"de_DE\" \/>\n<meta property=\"og:type\" content=\"article\" \/>\n<meta property=\"og:title\" content=\"\u00dcber uns - GreenlinQdata\" \/>\n<meta property=\"og:description\" content=\"Software voor telers en afzetorganisatie voor het registreren van gewasbeschermingsmiddelen, meststoffen, biologie, water en energi. U maakt uitgebreide rapportages en houdt makkelijk uw voorraad bij. Siertelers kunnen met deze applicatie hun milieuregistratie doen voor GLOBAL G.A.P.\" \/>\n<meta property=\"og:url\" content=\"https:\/\/greenlinqdata.nl\/de\/ueber-uns\/\" \/>\n<meta property=\"og:site_name\" content=\"GreenlinQdata\" \/>\n<meta property=\"article:modified_time\" content=\"2024-01-17T09:54:42+00:00\" \/>\n<meta property=\"og:image\" content=\"https:\/\/greenlinqdata.nl\/wp-content\/uploads\/2022\/06\/GQ-data-1a.jpg\" \/>\n<meta name=\"twitter:card\" content=\"summary_large_image\" \/>\n<meta name=\"twitter:label1\" content=\"Gesch\u00e4tzte Lesezeit\" \/>\n\t<meta name=\"twitter:data1\" content=\"2\u00a0Minuten\" \/>\n<script type=\"application\/ld+json\" class=\"yoast-schema-graph\">{\"@context\":\"https:\\\/\\\/schema.org\",\"@graph\":[{\"@type\":\"WebPage\",\"@id\":\"https:\\\/\\\/greenlinqdata.nl\\\/de\\\/ueber-uns\\\/\",\"url\":\"https:\\\/\\\/greenlinqdata.nl\\\/de\\\/ueber-uns\\\/\",\"name\":\"\u00dcber uns - GreenlinQdata\",\"isPartOf\":{\"@id\":\"https:\\\/\\\/greenlinqdata.nl\\\/de\\\/#website\"},\"primaryImageOfPage\":{\"@id\":\"https:\\\/\\\/greenlinqdata.nl\\\/de\\\/ueber-uns\\\/#primaryimage\"},\"image\":{\"@id\":\"https:\\\/\\\/greenlinqdata.nl\\\/de\\\/ueber-uns\\\/#primaryimage\"},\"thumbnailUrl\":\"https:\\\/\\\/greenlinqdata.nl\\\/wp-content\\\/uploads\\\/2022\\\/06\\\/GQ-data-1a.jpg\",\"datePublished\":\"2020-12-02T15:19:42+00:00\",\"dateModified\":\"2024-01-17T09:54:42+00:00\",\"description\":\"Software voor telers en afzetorganisatie voor het registreren van gewasbeschermingsmiddelen, meststoffen, biologie, water en energi. U maakt uitgebreide rapportages en houdt makkelijk uw voorraad bij. Siertelers kunnen met deze applicatie hun milieuregistratie doen voor GLOBAL G.A.P.\",\"breadcrumb\":{\"@id\":\"https:\\\/\\\/greenlinqdata.nl\\\/de\\\/ueber-uns\\\/#breadcrumb\"},\"inLanguage\":\"de\",\"potentialAction\":[{\"@type\":\"ReadAction\",\"target\":[\"https:\\\/\\\/greenlinqdata.nl\\\/de\\\/ueber-uns\\\/\"]}]},{\"@type\":\"ImageObject\",\"inLanguage\":\"de\",\"@id\":\"https:\\\/\\\/greenlinqdata.nl\\\/de\\\/ueber-uns\\\/#primaryimage\",\"url\":\"https:\\\/\\\/greenlinqdata.nl\\\/wp-content\\\/uploads\\\/2022\\\/06\\\/GQ-data-1a.jpg\",\"contentUrl\":\"https:\\\/\\\/greenlinqdata.nl\\\/wp-content\\\/uploads\\\/2022\\\/06\\\/GQ-data-1a.jpg\"},{\"@type\":\"BreadcrumbList\",\"@id\":\"https:\\\/\\\/greenlinqdata.nl\\\/de\\\/ueber-uns\\\/#breadcrumb\",\"itemListElement\":[{\"@type\":\"ListItem\",\"position\":1,\"name\":\"Home\",\"item\":\"https:\\\/\\\/greenlinqdata.nl\\\/de\\\/\"},{\"@type\":\"ListItem\",\"position\":2,\"name\":\"\u00dcber uns\"}]},{\"@type\":\"WebSite\",\"@id\":\"https:\\\/\\\/greenlinqdata.nl\\\/de\\\/#website\",\"url\":\"https:\\\/\\\/greenlinqdata.nl\\\/de\\\/\",\"name\":\"GreenlinQdata\",\"description\":\"\",\"publisher\":{\"@id\":\"https:\\\/\\\/greenlinqdata.nl\\\/de\\\/#organization\"},\"potentialAction\":[{\"@type\":\"SearchAction\",\"target\":{\"@type\":\"EntryPoint\",\"urlTemplate\":\"https:\\\/\\\/greenlinqdata.nl\\\/de\\\/?s={search_term_string}\"},\"query-input\":{\"@type\":\"PropertyValueSpecification\",\"valueRequired\":true,\"valueName\":\"search_term_string\"}}],\"inLanguage\":\"de\"},{\"@type\":\"Organization\",\"@id\":\"https:\\\/\\\/greenlinqdata.nl\\\/de\\\/#organization\",\"name\":\"GreenlinQdata\",\"url\":\"https:\\\/\\\/greenlinqdata.nl\\\/de\\\/\",\"logo\":{\"@type\":\"ImageObject\",\"inLanguage\":\"de\",\"@id\":\"https:\\\/\\\/greenlinqdata.nl\\\/de\\\/#\\\/schema\\\/logo\\\/image\\\/\",\"url\":\"https:\\\/\\\/greenlinqdata.nl\\\/wp-content\\\/uploads\\\/2020\\\/10\\\/logo.png\",\"contentUrl\":\"https:\\\/\\\/greenlinqdata.nl\\\/wp-content\\\/uploads\\\/2020\\\/10\\\/logo.png\",\"width\":679,\"height\":100,\"caption\":\"GreenlinQdata\"},\"image\":{\"@id\":\"https:\\\/\\\/greenlinqdata.nl\\\/de\\\/#\\\/schema\\\/logo\\\/image\\\/\"}}]}<\/script>\n<!-- \/ Yoast SEO plugin. -->","yoast_head_json":{"title":"\u00dcber uns - GreenlinQdata","description":"Software voor telers en afzetorganisatie voor het registreren van gewasbeschermingsmiddelen, meststoffen, biologie, water en energi. U maakt uitgebreide rapportages en houdt makkelijk uw voorraad bij. Siertelers kunnen met deze applicatie hun milieuregistratie doen voor GLOBAL G.A.P.","robots":{"index":"index","follow":"follow","max-snippet":"max-snippet:-1","max-image-preview":"max-image-preview:large","max-video-preview":"max-video-preview:-1"},"canonical":"https:\/\/greenlinqdata.nl\/de\/ueber-uns\/","og_locale":"de_DE","og_type":"article","og_title":"\u00dcber uns - GreenlinQdata","og_description":"Software voor telers en afzetorganisatie voor het registreren van gewasbeschermingsmiddelen, meststoffen, biologie, water en energi. U maakt uitgebreide rapportages en houdt makkelijk uw voorraad bij. Siertelers kunnen met deze applicatie hun milieuregistratie doen voor GLOBAL G.A.P.","og_url":"https:\/\/greenlinqdata.nl\/de\/ueber-uns\/","og_site_name":"GreenlinQdata","article_modified_time":"2024-01-17T09:54:42+00:00","og_image":[{"url":"https:\/\/greenlinqdata.nl\/wp-content\/uploads\/2022\/06\/GQ-data-1a.jpg","type":"","width":"","height":""}],"twitter_card":"summary_large_image","twitter_misc":{"Gesch\u00e4tzte Lesezeit":"2\u00a0Minuten"},"schema":{"@context":"https:\/\/schema.org","@graph":[{"@type":"WebPage","@id":"https:\/\/greenlinqdata.nl\/de\/ueber-uns\/","url":"https:\/\/greenlinqdata.nl\/de\/ueber-uns\/","name":"\u00dcber uns - GreenlinQdata","isPartOf":{"@id":"https:\/\/greenlinqdata.nl\/de\/#website"},"primaryImageOfPage":{"@id":"https:\/\/greenlinqdata.nl\/de\/ueber-uns\/#primaryimage"},"image":{"@id":"https:\/\/greenlinqdata.nl\/de\/ueber-uns\/#primaryimage"},"thumbnailUrl":"https:\/\/greenlinqdata.nl\/wp-content\/uploads\/2022\/06\/GQ-data-1a.jpg","datePublished":"2020-12-02T15:19:42+00:00","dateModified":"2024-01-17T09:54:42+00:00","description":"Software voor telers en afzetorganisatie voor het registreren van gewasbeschermingsmiddelen, meststoffen, biologie, water en energi. U maakt uitgebreide rapportages en houdt makkelijk uw voorraad bij. Siertelers kunnen met deze applicatie hun milieuregistratie doen voor GLOBAL G.A.P.","breadcrumb":{"@id":"https:\/\/greenlinqdata.nl\/de\/ueber-uns\/#breadcrumb"},"inLanguage":"de","potentialAction":[{"@type":"ReadAction","target":["https:\/\/greenlinqdata.nl\/de\/ueber-uns\/"]}]},{"@type":"ImageObject","inLanguage":"de","@id":"https:\/\/greenlinqdata.nl\/de\/ueber-uns\/#primaryimage","url":"https:\/\/greenlinqdata.nl\/wp-content\/uploads\/2022\/06\/GQ-data-1a.jpg","contentUrl":"https:\/\/greenlinqdata.nl\/wp-content\/uploads\/2022\/06\/GQ-data-1a.jpg"},{"@type":"BreadcrumbList","@id":"https:\/\/greenlinqdata.nl\/de\/ueber-uns\/#breadcrumb","itemListElement":[{"@type":"ListItem","position":1,"name":"Home","item":"https:\/\/greenlinqdata.nl\/de\/"},{"@type":"ListItem","position":2,"name":"\u00dcber uns"}]},{"@type":"WebSite","@id":"https:\/\/greenlinqdata.nl\/de\/#website","url":"https:\/\/greenlinqdata.nl\/de\/","name":"GreenlinQdata","description":"","publisher":{"@id":"https:\/\/greenlinqdata.nl\/de\/#organization"},"potentialAction":[{"@type":"SearchAction","target":{"@type":"EntryPoint","urlTemplate":"https:\/\/greenlinqdata.nl\/de\/?s={search_term_string}"},"query-input":{"@type":"PropertyValueSpecification","valueRequired":true,"valueName":"search_term_string"}}],"inLanguage":"de"},{"@type":"Organization","@id":"https:\/\/greenlinqdata.nl\/de\/#organization","name":"GreenlinQdata","url":"https:\/\/greenlinqdata.nl\/de\/","logo":{"@type":"ImageObject","inLanguage":"de","@id":"https:\/\/greenlinqdata.nl\/de\/#\/schema\/logo\/image\/","url":"https:\/\/greenlinqdata.nl\/wp-content\/uploads\/2020\/10\/logo.png","contentUrl":"https:\/\/greenlinqdata.nl\/wp-content\/uploads\/2020\/10\/logo.png","width":679,"height":100,"caption":"GreenlinQdata"},"image":{"@id":"https:\/\/greenlinqdata.nl\/de\/#\/schema\/logo\/image\/"}}]}},"_links":{"self":[{"href":"https:\/\/greenlinqdata.nl\/de\/wp-json\/wp\/v2\/pages\/1064","targetHints":{"allow":["GET"]}}],"collection":[{"href":"https:\/\/greenlinqdata.nl\/de\/wp-json\/wp\/v2\/pages"}],"about":[{"href":"https:\/\/greenlinqdata.nl\/de\/wp-json\/wp\/v2\/types\/page"}],"author":[{"embeddable":true,"href":"https:\/\/greenlinqdata.nl\/de\/wp-json\/wp\/v2\/users\/11"}],"replies":[{"embeddable":true,"href":"https:\/\/greenlinqdata.nl\/de\/wp-json\/wp\/v2\/comments?post=1064"}],"version-history":[{"count":9,"href":"https:\/\/greenlinqdata.nl\/de\/wp-json\/wp\/v2\/pages\/1064\/revisions"}],"predecessor-version":[{"id":2124,"href":"https:\/\/greenlinqdata.nl\/de\/wp-json\/wp\/v2\/pages\/1064\/revisions\/2124"}],"wp:attachment":[{"href":"https:\/\/greenlinqdata.nl\/de\/wp-json\/wp\/v2\/media?parent=1064"}],"curies":[{"name":"wp","href":"https:\/\/api.w.org\/{rel}","templated":true}]}}