{"id":1075,"date":"2020-12-21T08:37:09","date_gmt":"2020-12-21T08:37:09","guid":{"rendered":"https:\/\/greenlinqdata.nl\/datenschutzerklaerung\/"},"modified":"2020-12-21T08:37:09","modified_gmt":"2020-12-21T08:37:09","slug":"datenschutzerklaerung","status":"publish","type":"page","link":"https:\/\/greenlinqdata.nl\/de\/datenschutzerklaerung\/","title":{"rendered":"Datenschutzerkl\u00e4rung"},"content":{"rendered":"<p>[et_pb_section fb_built=&#8220;1&#8243; _builder_version=&#8220;4.6.5&#8243; _module_preset=&#8220;default&#8220;][et_pb_row _builder_version=&#8220;4.6.5&#8243; _module_preset=&#8220;default&#8220;][et_pb_column type=&#8220;4_4&#8243; _builder_version=&#8220;4.6.5&#8243; _module_preset=&#8220;default&#8220;][et_pb_text _builder_version=&#8220;4.6.5&#8243; _module_preset=&#8220;default&#8220; hover_enabled=&#8220;0&#8243; sticky_enabled=&#8220;0&#8243;]<\/p>\n<h1>Datenschutzerkl\u00e4rung GreenlinQdata<\/h1>\n<h4>\u00a0<\/h4>\n<h4>Ihre Daten in vertrauensw\u00fcrdigen H\u00e4nden<\/h4>\n<p>Schlie\u00dfen Sie einen Dienst oder Vertrag ab oder abonnieren Sie einen Newsletter? Dann ben\u00f6tigen wir Ihre Angaben. Wir legen gro\u00dfen Wert auf den Schutz Ihrer personenbezogenen Daten. In dieser Datenschutzrichtlinie m\u00f6chten wir klare und transparente Informationen dar\u00fcber geben, wie wir mit personenbezogenen Daten umgehen.<\/p>\n<p>Wir tun alles in unserer Macht Stehende, um Ihre Privatsph\u00e4re zu sch\u00fctzen, und gehen daher mit personenbezogenen Daten sorgf\u00e4ltig um. In allen F\u00e4llen halten wir uns an die geltenden Gesetze und Vorschriften, einschlie\u00dflich der Allgemeinen Datenschutzverordnung. Das hei\u00dft, wir werden in jedem Fall:<\/p>\n<ul>\n<li>Ihre personenbezogenen Daten in \u00dcbereinstimmung mit dem Zweck verarbeiten, f\u00fcr den sie zur Verf\u00fcgung gestellt wurden. Diese Zwecke und die Art der personenbezogenen Daten werden in dieser Datenschutzrichtlinie beschrieben;<\/li>\n<li>Die Verarbeitung Ihrer personenbezogenen Daten ist auf diejenigen Daten beschr\u00e4nkt, die zumindest f\u00fcr die Zwecke, f\u00fcr die sie verarbeitet werden, notwendig sind;<\/li>\n<li>Sie um Ihre ausdr\u00fcckliche Zustimmung bitten, wenn wir diese f\u00fcr die Verarbeitung Ihrer personenbezogenen Daten ben\u00f6tigen;<\/li>\n<li>Geeignete technische und organisatorische Ma\u00dfnahmen ergreifen, um die Sicherheit Ihrer pers\u00f6nlichen Daten zu gew\u00e4hrleisten;<\/li>\n<li>Keine pers\u00f6nlichen Daten an andere Parteien weitergeben, es sei denn, dies ist f\u00fcr die Erf\u00fcllung der Zwecke, f\u00fcr die sie zur Verf\u00fcgung gestellt wurden, erforderlich;<\/li>\n<li>Ihre Rechte bez\u00fcglich Ihrer personenbezogenen Daten kennen, Sie dar\u00fcber informieren und diese respektieren.<\/li>\n<\/ul>\n<p>GreenlinQdata ist f\u00fcr die Verarbeitung Ihrer personenbezogenen Daten verantwortlich. Wenn Sie nach der Lekt\u00fcre unserer Datenschutzrichtlinie oder in einem allgemeineren Sinne Fragen dazu haben oder uns kontaktieren m\u00f6chten, k\u00f6nnen Sie dies \u00fcber die Kontaktdaten am Ende dieses Dokuments tun.<\/p>\n<p><strong>Welche Daten k\u00f6nnen wir von Ihnen erheben?<\/strong><br \/>F\u00fcr die Nutzung unserer Software fragen wir nach Ihrem Firmennamen, Namen, Adresse, E-Mail-Adresse und Telefonnummer. Um Ihnen einen Newsletter zukommen zu lassen, ben\u00f6tigen wir lediglich Ihren Namen und Ihre E-Mail-Adresse. Wenn Sie uns erm\u00e4chtigen, f\u00e4llige Abonnementgeb\u00fchren einzuziehen, ben\u00f6tigen wir auch Ihre Kontonummer. Sie geben Ihre Daten selbst an uns weiter.<\/p>\n<p><strong>Wir verwenden auch Cookies<\/strong><br \/>Cookies erm\u00f6glichen es uns, unsere Webseite zu verbessern. Was Cookies sind und wie wir mit Cookies umgehen, erfahren Sie hier in unserer <a href=\"https:\/\/greenlinqdata.nl\/de\/cookie-richtlinie\/\">Cookie-Richtlinie<\/a>.<\/p>\n<p><strong>Wof\u00fcr nutzen wir Ihre Daten?<\/strong><br \/>Wir verwenden die Daten unserer Kunden und Lieferanten f\u00fcr:<\/p>\n<ul>\n<li>Administrative Zwecke<\/li>\n<li>Kommunikation \u00fcber das von Ihnen verwendete Produkt (\u00fcber Newsletter)<\/li>\n<li>Die Umsetzung der in der Vereinbarung festgelegten Bedingungen<\/li>\n<li>Die Nachverfolgung, wie und wann wir Sie kontaktieren<\/li>\n<li>Die Identifizierung Ihrer Bed\u00fcrfnisse und Pr\u00e4ferenzen<\/li>\n<li>Die bessere Abstimmung unsere Produkte und Dienstleistungen auf Ihre Bed\u00fcrfnisse.<\/li>\n<\/ul>\n<p><strong>Welche Kontaktmomente zeichnen wir auf?<\/strong><br \/>Wir halten fest, was wir mit Ihnen vereinbaren. Und wir nutzen unsere Kontaktmomente, um unsere Kommunikation zu verbessern. Hier einige Beispiele von Kontaktmomenten, die wir aufzeichnen k\u00f6nnen:<\/p>\n<ul>\n<li>Briefe und E-Mails, die wir von Ihnen erhalten und an Sie versenden;<\/li>\n<li>Telefongespr\u00e4che;<\/li>\n<li>ausgef\u00fclltes Kontaktformular auf unserer Website;<\/li>\n<li>unser Kontakt \u00fcber soziale Medien, wie Facebook, Twitter und WhatsApp..<\/li>\n<\/ul>\n<p><strong>Weitergabe an Dritte<\/strong><br \/>Die Daten, die Sie uns zur Verf\u00fcgung stellen, k\u00f6nnen an Dritte weitergegeben werden, wenn dies f\u00fcr die Ausf\u00fchrung der oben beschriebenen Zwecke erforderlich ist oder weil es Teil der Vereinbarung ist.<\/p>\n<p>Zum Beispiel verwenden wir eine dritte Partei f\u00fcr:<\/p>\n<ul>\n<li>die Entwicklung unserer Software<\/li>\n<li>die Unterbringung und das Hosting unserer Software und unserer Webseite sowie f\u00fcr die B\u00fcroautomatisierung<\/li>\n<li>die Verarbeitung des Anmeldeformulars<\/li>\n<li>die Betreuung der (finanziellen) Verwaltung<\/li>\n<li>den Versand von Mailings.<\/li>\n<\/ul>\n<p>Wir geben personenbezogene Daten niemals an andere Parteien weiter, mit denen wir keine Verarbeitungsvereinbarung abgeschlossen haben. Selbstverst\u00e4ndlich treffen wir mit diesen Parteien (Verarbeitern) die notwendigen Vorkehrungen, um die Sicherheit Ihrer personenbezogenen Daten zu gew\u00e4hrleisten. Dar\u00fcber hinaus werden wir die von Ihnen bereitgestellten Informationen nicht an andere Parteien weitergeben, sofern dies nicht gesetzlich vorgeschrieben und erlaubt ist.<\/p>\n<p>Wir k\u00f6nnen personenbezogene Daten auch an Dritte weitergeben, wenn Sie uns hierzu eine schriftliche Genehmigung erteilen.<\/p>\n<p><strong>Daten au\u00dferhalb der EU<\/strong><br \/>Wir verwenden Parteien, die au\u00dferhalb der EU ans\u00e4ssig sind. Wir arbeiten nur mit Parteien zusammen, die f\u00fcr den EU-US-Datenschutzschild zertifiziert sind und mit denen wir eine Verarbeitungsvereinbarung haben.<\/p>\n<p><strong>Wie stellen wir sicher, dass Ihre Daten bei uns sicher sind?<\/strong><br \/>Unsere Website, App und IT-Systeme sind gut gesichert. Und wir ergreifen stets Ma\u00dfnahmen, um den Missbrauch Ihrer Daten zu verhindern. Auch unsere Mitarbeiter haben klare Anweisungen f\u00fcr den Umgang mit Ihren Daten erhalten.<\/p>\n<p><strong>Wir sind besonders vorsichtig mit sensiblen Daten<\/strong><br \/>Unter sensiblen Daten verstehen wir zum Beispiel Ihre Bankverbindung.<\/p>\n<p><strong>Wie lange speichern wir Ihre Daten?<\/strong><br \/>Wir speichern Ihre personenbezogenen Daten f\u00fcr den Zweck, f\u00fcr den Sie sie bereitgestellt haben. Nach Ablauf einer Vereinbarung speichern wir Ihre personenbezogenen Daten f\u00fcr maximal 2 Jahre oder so lange, wie es gesetzlich vorgeschrieben ist.<\/p>\n<p><strong>Wie werden Ihre Daten gesch\u00fctzt?<\/strong><br \/>Wir haben geeignete technische und organisatorische Ma\u00dfnahmen ergriffen, um Ihre personenbezogenen Daten vor unrechtm\u00e4\u00dfiger Verarbeitung zu sch\u00fctzen, wie z.B.:<\/p>\n<ul>\n<li>Alle Personen, die in unserem Namen auf Ihre Daten zugreifen k\u00f6nnen, sind zur Geheimhaltung verpflichtet;<\/li>\n<li>Wir wenden auf allen unseren Systemen eine Richtlinie f\u00fcr Benutzernamen und Passw\u00f6rter an;<\/li>\n<li>Wir pseudonymisieren und verschl\u00fcsseln personenbezogene Daten, wenn dazu Anlass besteht;<\/li>\n<li>Wir erstellen Sicherheitskopien der personenbezogenen Daten, um sie im Falle von physischen oder technischen Zwischenf\u00e4llen wiederherstellen zu k\u00f6nnen;<\/li>\n<li>Wir testen und bewerten unsere Ma\u00dfnahmen regelm\u00e4\u00dfig;<\/li>\n<li>Unsere Mitarbeiter sind \u00fcber die Bedeutung des Schutzes personenbezogener Daten informiert.<\/li>\n<\/ul>\n<p><strong>Ihre Rechte bez\u00fcglich Ihrer Daten<\/strong><br \/>Sie haben das Recht auf Einsicht, Berichtigung oder L\u00f6schung der personenbezogenen Daten, die wir von Ihnen erhalten haben. Sie k\u00f6nnen auch der Verarbeitung Ihrer personenbezogenen Daten (oder eines Teils davon) durch uns oder einen unserer Verarbeiter widersprechen. Sie haben auch das Recht, die von Ihnen bereitgestellten Daten von uns an Sie selbst oder in Ihrem Namen direkt an eine andere Partei \u00fcbertragen zu lassen. Wir k\u00f6nnen Sie bitten, sich zu identifizieren, bevor wir auf die oben genannten Anfragen reagieren k\u00f6nnen.<\/p>\n<p>Wenn wir Ihre personenbezogenen Daten aufgrund Ihrer Einwilligung verarbeiten d\u00fcrfen, haben Sie jederzeit das Recht, diese Einwilligung zu widerrufen.<\/p>\n<p><strong>Beschwerden<\/strong><br \/>Wenn Sie eine Beschwerde \u00fcber die Verarbeitung Ihrer personenbezogenen Daten haben, wenden Sie sich bitte direkt an uns. Wenn wir den Vorgang nicht gemeinsam mit Ihnen kl\u00e4ren k\u00f6nnen, finden wir das nat\u00fcrlich sehr \u00e4rgerlich. Sie haben jederzeit das Recht, eine Beschwerde bei der Datenschutzbeh\u00f6rde, der Aufsichtsbeh\u00f6rde im Bereich des Datenschutzes, einzureichen.<\/p>\n<p><strong>Haben Sie eine Frage, eine Anregung oder eine Beschwerde?<\/strong><br \/>Wenn Sie Fragen oder Anmerkungen zu unserer Datenschutzerkl\u00e4rung haben, kontaktieren Sie uns bitte!<\/p>\n<p>Senden Sie bitte eine E-Mail an info@greenlinqdata.nl. Sie k\u00f6nnen auch einen Brief senden an:<br \/>GreenlinQdata<br \/>Louis Pasteurlaan 6<br \/>2719 EE Zoetermeer, Niederlande<\/p>\n<p>K\u00f6nnen wir die Angelegenheit gemeinsam nicht kl\u00e4ren? Dann reichen Sie Ihre Beschwerde bei der niederl\u00e4ndischen Datenschutzbeh\u00f6rde ein.<\/p>\n<p>Wir k\u00f6nnen diese Datenschutzerkl\u00e4rung \u00e4ndern.<br \/>Dies ist beispielsweise zul\u00e4ssig, wenn sich etwas an den Gesetzen oder Vorschriften \u00e4ndert oder wenn wir neue Produkte oder Dienstleistungen entwickeln. Auf unserer Website finden Sie immer die neueste Version.<br \/>Diese letzte Version datiert vom 25. Mai 2018.<\/p>\n<p>[\/et_pb_text][\/et_pb_column][\/et_pb_row][\/et_pb_section]<\/p>\n","protected":false},"excerpt":{"rendered":"<p>Datenschutzerkl\u00e4rung GreenlinQdata \u00a0 Ihre Daten in vertrauensw\u00fcrdigen H\u00e4nden Schlie\u00dfen Sie einen Dienst oder Vertrag ab oder abonnieren Sie einen Newsletter? Dann ben\u00f6tigen wir Ihre Angaben. Wir legen gro\u00dfen Wert auf den Schutz Ihrer personenbezogenen Daten. In dieser Datenschutzrichtlinie m\u00f6chten wir klare und transparente Informationen dar\u00fcber geben, wie wir mit personenbezogenen Daten umgehen. Wir tun alles [&hellip;]<\/p>\n","protected":false},"author":11,"featured_media":0,"parent":0,"menu_order":0,"comment_status":"closed","ping_status":"closed","template":"","meta":{"_et_pb_use_builder":"on","_et_pb_old_content":"","_et_gb_content_width":"","footnotes":""},"class_list":["post-1075","page","type-page","status-publish","hentry"],"yoast_head":"<!-- This site is optimized with the Yoast SEO plugin v27.4 - https:\/\/yoast.com\/product\/yoast-seo-wordpress\/ -->\n<title>Datenschutzerkl\u00e4rung - GreenlinQdata<\/title>\n<meta name=\"description\" content=\"Software voor telers en afzetorganisatie voor het registreren van gewasbeschermingsmiddelen, meststoffen, biologie, water en energi. U maakt uitgebreide rapportages en houdt makkelijk uw voorraad bij. Siertelers kunnen met deze applicatie hun milieuregistratie doen voor GLOBAL G.A.P.\" \/>\n<meta name=\"robots\" content=\"index, follow, max-snippet:-1, max-image-preview:large, max-video-preview:-1\" \/>\n<link rel=\"canonical\" href=\"https:\/\/greenlinqdata.nl\/de\/datenschutzerklaerung\/\" \/>\n<meta property=\"og:locale\" content=\"de_DE\" \/>\n<meta property=\"og:type\" content=\"article\" \/>\n<meta property=\"og:title\" content=\"Datenschutzerkl\u00e4rung - GreenlinQdata\" \/>\n<meta property=\"og:description\" content=\"Software voor telers en afzetorganisatie voor het registreren van gewasbeschermingsmiddelen, meststoffen, biologie, water en energi. U maakt uitgebreide rapportages en houdt makkelijk uw voorraad bij. Siertelers kunnen met deze applicatie hun milieuregistratie doen voor GLOBAL G.A.P.\" \/>\n<meta property=\"og:url\" content=\"https:\/\/greenlinqdata.nl\/de\/datenschutzerklaerung\/\" \/>\n<meta property=\"og:site_name\" content=\"GreenlinQdata\" \/>\n<meta name=\"twitter:card\" content=\"summary_large_image\" \/>\n<meta name=\"twitter:label1\" content=\"Gesch\u00e4tzte Lesezeit\" \/>\n\t<meta name=\"twitter:data1\" content=\"6\u00a0Minuten\" \/>\n<script type=\"application\/ld+json\" class=\"yoast-schema-graph\">{\"@context\":\"https:\\\/\\\/schema.org\",\"@graph\":[{\"@type\":\"WebPage\",\"@id\":\"https:\\\/\\\/greenlinqdata.nl\\\/de\\\/datenschutzerklaerung\\\/\",\"url\":\"https:\\\/\\\/greenlinqdata.nl\\\/de\\\/datenschutzerklaerung\\\/\",\"name\":\"Datenschutzerkl\u00e4rung - GreenlinQdata\",\"isPartOf\":{\"@id\":\"https:\\\/\\\/greenlinqdata.nl\\\/de\\\/#website\"},\"datePublished\":\"2020-12-21T08:37:09+00:00\",\"description\":\"Software voor telers en afzetorganisatie voor het registreren van gewasbeschermingsmiddelen, meststoffen, biologie, water en energi. U maakt uitgebreide rapportages en houdt makkelijk uw voorraad bij. Siertelers kunnen met deze applicatie hun milieuregistratie doen voor GLOBAL G.A.P.\",\"breadcrumb\":{\"@id\":\"https:\\\/\\\/greenlinqdata.nl\\\/de\\\/datenschutzerklaerung\\\/#breadcrumb\"},\"inLanguage\":\"de\",\"potentialAction\":[{\"@type\":\"ReadAction\",\"target\":[\"https:\\\/\\\/greenlinqdata.nl\\\/de\\\/datenschutzerklaerung\\\/\"]}]},{\"@type\":\"BreadcrumbList\",\"@id\":\"https:\\\/\\\/greenlinqdata.nl\\\/de\\\/datenschutzerklaerung\\\/#breadcrumb\",\"itemListElement\":[{\"@type\":\"ListItem\",\"position\":1,\"name\":\"Home\",\"item\":\"https:\\\/\\\/greenlinqdata.nl\\\/de\\\/\"},{\"@type\":\"ListItem\",\"position\":2,\"name\":\"Datenschutzerkl\u00e4rung\"}]},{\"@type\":\"WebSite\",\"@id\":\"https:\\\/\\\/greenlinqdata.nl\\\/de\\\/#website\",\"url\":\"https:\\\/\\\/greenlinqdata.nl\\\/de\\\/\",\"name\":\"GreenlinQdata\",\"description\":\"\",\"publisher\":{\"@id\":\"https:\\\/\\\/greenlinqdata.nl\\\/de\\\/#organization\"},\"potentialAction\":[{\"@type\":\"SearchAction\",\"target\":{\"@type\":\"EntryPoint\",\"urlTemplate\":\"https:\\\/\\\/greenlinqdata.nl\\\/de\\\/?s={search_term_string}\"},\"query-input\":{\"@type\":\"PropertyValueSpecification\",\"valueRequired\":true,\"valueName\":\"search_term_string\"}}],\"inLanguage\":\"de\"},{\"@type\":\"Organization\",\"@id\":\"https:\\\/\\\/greenlinqdata.nl\\\/de\\\/#organization\",\"name\":\"GreenlinQdata\",\"url\":\"https:\\\/\\\/greenlinqdata.nl\\\/de\\\/\",\"logo\":{\"@type\":\"ImageObject\",\"inLanguage\":\"de\",\"@id\":\"https:\\\/\\\/greenlinqdata.nl\\\/de\\\/#\\\/schema\\\/logo\\\/image\\\/\",\"url\":\"https:\\\/\\\/greenlinqdata.nl\\\/wp-content\\\/uploads\\\/2020\\\/10\\\/logo.png\",\"contentUrl\":\"https:\\\/\\\/greenlinqdata.nl\\\/wp-content\\\/uploads\\\/2020\\\/10\\\/logo.png\",\"width\":679,\"height\":100,\"caption\":\"GreenlinQdata\"},\"image\":{\"@id\":\"https:\\\/\\\/greenlinqdata.nl\\\/de\\\/#\\\/schema\\\/logo\\\/image\\\/\"}}]}<\/script>\n<!-- \/ Yoast SEO plugin. -->","yoast_head_json":{"title":"Datenschutzerkl\u00e4rung - GreenlinQdata","description":"Software voor telers en afzetorganisatie voor het registreren van gewasbeschermingsmiddelen, meststoffen, biologie, water en energi. U maakt uitgebreide rapportages en houdt makkelijk uw voorraad bij. Siertelers kunnen met deze applicatie hun milieuregistratie doen voor GLOBAL G.A.P.","robots":{"index":"index","follow":"follow","max-snippet":"max-snippet:-1","max-image-preview":"max-image-preview:large","max-video-preview":"max-video-preview:-1"},"canonical":"https:\/\/greenlinqdata.nl\/de\/datenschutzerklaerung\/","og_locale":"de_DE","og_type":"article","og_title":"Datenschutzerkl\u00e4rung - GreenlinQdata","og_description":"Software voor telers en afzetorganisatie voor het registreren van gewasbeschermingsmiddelen, meststoffen, biologie, water en energi. U maakt uitgebreide rapportages en houdt makkelijk uw voorraad bij. Siertelers kunnen met deze applicatie hun milieuregistratie doen voor GLOBAL G.A.P.","og_url":"https:\/\/greenlinqdata.nl\/de\/datenschutzerklaerung\/","og_site_name":"GreenlinQdata","twitter_card":"summary_large_image","twitter_misc":{"Gesch\u00e4tzte Lesezeit":"6\u00a0Minuten"},"schema":{"@context":"https:\/\/schema.org","@graph":[{"@type":"WebPage","@id":"https:\/\/greenlinqdata.nl\/de\/datenschutzerklaerung\/","url":"https:\/\/greenlinqdata.nl\/de\/datenschutzerklaerung\/","name":"Datenschutzerkl\u00e4rung - GreenlinQdata","isPartOf":{"@id":"https:\/\/greenlinqdata.nl\/de\/#website"},"datePublished":"2020-12-21T08:37:09+00:00","description":"Software voor telers en afzetorganisatie voor het registreren van gewasbeschermingsmiddelen, meststoffen, biologie, water en energi. U maakt uitgebreide rapportages en houdt makkelijk uw voorraad bij. Siertelers kunnen met deze applicatie hun milieuregistratie doen voor GLOBAL G.A.P.","breadcrumb":{"@id":"https:\/\/greenlinqdata.nl\/de\/datenschutzerklaerung\/#breadcrumb"},"inLanguage":"de","potentialAction":[{"@type":"ReadAction","target":["https:\/\/greenlinqdata.nl\/de\/datenschutzerklaerung\/"]}]},{"@type":"BreadcrumbList","@id":"https:\/\/greenlinqdata.nl\/de\/datenschutzerklaerung\/#breadcrumb","itemListElement":[{"@type":"ListItem","position":1,"name":"Home","item":"https:\/\/greenlinqdata.nl\/de\/"},{"@type":"ListItem","position":2,"name":"Datenschutzerkl\u00e4rung"}]},{"@type":"WebSite","@id":"https:\/\/greenlinqdata.nl\/de\/#website","url":"https:\/\/greenlinqdata.nl\/de\/","name":"GreenlinQdata","description":"","publisher":{"@id":"https:\/\/greenlinqdata.nl\/de\/#organization"},"potentialAction":[{"@type":"SearchAction","target":{"@type":"EntryPoint","urlTemplate":"https:\/\/greenlinqdata.nl\/de\/?s={search_term_string}"},"query-input":{"@type":"PropertyValueSpecification","valueRequired":true,"valueName":"search_term_string"}}],"inLanguage":"de"},{"@type":"Organization","@id":"https:\/\/greenlinqdata.nl\/de\/#organization","name":"GreenlinQdata","url":"https:\/\/greenlinqdata.nl\/de\/","logo":{"@type":"ImageObject","inLanguage":"de","@id":"https:\/\/greenlinqdata.nl\/de\/#\/schema\/logo\/image\/","url":"https:\/\/greenlinqdata.nl\/wp-content\/uploads\/2020\/10\/logo.png","contentUrl":"https:\/\/greenlinqdata.nl\/wp-content\/uploads\/2020\/10\/logo.png","width":679,"height":100,"caption":"GreenlinQdata"},"image":{"@id":"https:\/\/greenlinqdata.nl\/de\/#\/schema\/logo\/image\/"}}]}},"_links":{"self":[{"href":"https:\/\/greenlinqdata.nl\/de\/wp-json\/wp\/v2\/pages\/1075","targetHints":{"allow":["GET"]}}],"collection":[{"href":"https:\/\/greenlinqdata.nl\/de\/wp-json\/wp\/v2\/pages"}],"about":[{"href":"https:\/\/greenlinqdata.nl\/de\/wp-json\/wp\/v2\/types\/page"}],"author":[{"embeddable":true,"href":"https:\/\/greenlinqdata.nl\/de\/wp-json\/wp\/v2\/users\/11"}],"replies":[{"embeddable":true,"href":"https:\/\/greenlinqdata.nl\/de\/wp-json\/wp\/v2\/comments?post=1075"}],"version-history":[{"count":2,"href":"https:\/\/greenlinqdata.nl\/de\/wp-json\/wp\/v2\/pages\/1075\/revisions"}],"predecessor-version":[{"id":1077,"href":"https:\/\/greenlinqdata.nl\/de\/wp-json\/wp\/v2\/pages\/1075\/revisions\/1077"}],"wp:attachment":[{"href":"https:\/\/greenlinqdata.nl\/de\/wp-json\/wp\/v2\/media?parent=1075"}],"curies":[{"name":"wp","href":"https:\/\/api.w.org\/{rel}","templated":true}]}}