{"id":1119,"date":"2020-12-21T09:31:15","date_gmt":"2020-12-21T09:31:15","guid":{"rendered":"https:\/\/greenlinqdata.nl\/produkte\/gq-app\/"},"modified":"2020-12-21T09:31:16","modified_gmt":"2020-12-21T09:31:16","slug":"gq-app","status":"publish","type":"page","link":"https:\/\/greenlinqdata.nl\/de\/produkte\/gq-app\/","title":{"rendered":"GQ-app"},"content":{"rendered":"<p>[et_pb_section fb_built=&#8220;1&#8243; _builder_version=&#8220;4.6.5&#8243; _module_preset=&#8220;default&#8220;][et_pb_row _builder_version=&#8220;4.6.5&#8243; _module_preset=&#8220;default&#8220;][et_pb_column type=&#8220;4_4&#8243; _builder_version=&#8220;4.6.5&#8243; _module_preset=&#8220;default&#8220;][et_pb_image src=&#8220;https:\/\/greenlinqdata.nl\/wp-content\/uploads\/2020\/10\/GQ-app_smartphone.jpg&#8220; title_text=&#8220;GQ-app_smartphone&#8220; _builder_version=&#8220;4.6.5&#8243; _module_preset=&#8220;default&#8220; hover_enabled=&#8220;0&#8243; sticky_enabled=&#8220;0&#8243;][\/et_pb_image][et_pb_text _builder_version=&#8220;4.6.5&#8243; _module_preset=&#8220;default&#8220; custom_margin=&#8220;20px||||false|false&#8220;]<\/p>\n<p>Mit der GQ-App k\u00f6nnen Sie die GQ-data Registrierungsmodule \u00fcberall nutzen. Sie erstellen ein Konto und k\u00f6nnen dann die GQ-App kostenlos nutzen. Auf diese Weise k\u00f6nnen Sie Ihre Ressourcen schnell registrieren und Ihren Bestand leicht aktualisieren. Die App kann offline verwendet werden und synchronisiert sich, sobald sie wieder mit WLAN verbunden ist.<\/p>\n<p>\u221a Funktioniert auch offline<br \/>\u221a Scanfunktion f\u00fcr Barcodes<br \/>\u221a Kopierm\u00f6glichkeit fr\u00fcherer Registrierungen<br \/>\u221a Verf\u00fcgbar f\u00fcr Android und Apple<\/p>\n<p>Laden Sie die App mit dem untenstehenden QR-Code aus dem Play Store herunter.<\/p>\n<p><img decoding=\"async\" class=\"wp-image-612 aligncenter size-full\" src=\"https:\/\/greenlinqdata.nl\/wp-content\/uploads\/2020\/10\/GQ-app_PlayStore.png\" alt=\"QR code GQ-app\" width=\"300\" height=\"300\" srcset=\"https:\/\/greenlinqdata.nl\/wp-content\/uploads\/2020\/10\/GQ-app_PlayStore.png 300w, https:\/\/greenlinqdata.nl\/wp-content\/uploads\/2020\/10\/GQ-app_PlayStore-150x150.png 150w\" sizes=\"(max-width: 300px) 100vw, 300px\" \/><\/p>\n<p>[\/et_pb_text][et_pb_text _builder_version=&#8220;4.6.5&#8243; _module_preset=&#8220;default&#8220; width=&#8220;100%&#8220; custom_margin=&#8220;20px||||false|false&#8220;]<\/p>\n<h4 style=\"text-align: center;\"><strong>Haben Sie Fragen? W\u00fcnschen Sie weitere Informationen?<\/strong><\/h4>\n<p style=\"text-align: center;\">Dann <a href=\"https:\/\/greenlinqdata.nl\/de\/kontakt\/\">wenden<\/a> Sie sich bitte an einen unserer erfahrenen Spezialisten.<\/p>\n<p>&nbsp;<\/p>\n<p>[\/et_pb_text][\/et_pb_column][\/et_pb_row][\/et_pb_section]<\/p>\n","protected":false},"excerpt":{"rendered":"<p>Mit der GQ-App k\u00f6nnen Sie die GQ-data Registrierungsmodule \u00fcberall nutzen. Sie erstellen ein Konto und k\u00f6nnen dann die GQ-App kostenlos nutzen. Auf diese Weise k\u00f6nnen Sie Ihre Ressourcen schnell registrieren und Ihren Bestand leicht aktualisieren. Die App kann offline verwendet werden und synchronisiert sich, sobald sie wieder mit WLAN verbunden ist. \u221a Funktioniert auch offline\u221a [&hellip;]<\/p>\n","protected":false},"author":3,"featured_media":1127,"parent":1078,"menu_order":4,"comment_status":"closed","ping_status":"closed","template":"","meta":{"_et_pb_use_builder":"on","_et_pb_old_content":"","_et_gb_content_width":"","footnotes":""},"class_list":["post-1119","page","type-page","status-publish","has-post-thumbnail","hentry"],"yoast_head":"<!-- This site is optimized with the Yoast SEO plugin v27.2 - https:\/\/yoast.com\/product\/yoast-seo-wordpress\/ -->\n<title>GQ-app - GreenlinQdata<\/title>\n<meta name=\"description\" content=\"Software voor telers en afzetorganisatie voor het registreren van gewasbeschermingsmiddelen, meststoffen, biologie, water en energi. U maakt uitgebreide rapportages en houdt makkelijk uw voorraad bij. Siertelers kunnen met deze applicatie hun milieuregistratie doen voor GLOBAL G.A.P.\" \/>\n<meta name=\"robots\" content=\"index, follow, max-snippet:-1, max-image-preview:large, max-video-preview:-1\" \/>\n<link rel=\"canonical\" href=\"https:\/\/greenlinqdata.nl\/de\/produkte\/gq-app\/\" \/>\n<meta property=\"og:locale\" content=\"de_DE\" \/>\n<meta property=\"og:type\" content=\"article\" \/>\n<meta property=\"og:title\" content=\"GQ-app - GreenlinQdata\" \/>\n<meta property=\"og:description\" content=\"Software voor telers en afzetorganisatie voor het registreren van gewasbeschermingsmiddelen, meststoffen, biologie, water en energi. U maakt uitgebreide rapportages en houdt makkelijk uw voorraad bij. Siertelers kunnen met deze applicatie hun milieuregistratie doen voor GLOBAL G.A.P.\" \/>\n<meta property=\"og:url\" content=\"https:\/\/greenlinqdata.nl\/de\/produkte\/gq-app\/\" \/>\n<meta property=\"og:site_name\" content=\"GreenlinQdata\" \/>\n<meta property=\"article:modified_time\" content=\"2020-12-21T09:31:16+00:00\" \/>\n<meta property=\"og:image\" content=\"https:\/\/greenlinqdata.nl\/wp-content\/uploads\/2020\/10\/GQ-app_PlayStore.png\" \/>\n<meta name=\"twitter:card\" content=\"summary_large_image\" \/>\n<meta name=\"twitter:label1\" content=\"Gesch\u00e4tzte Lesezeit\" \/>\n\t<meta name=\"twitter:data1\" content=\"1\u00a0Minute\" \/>\n<script type=\"application\/ld+json\" class=\"yoast-schema-graph\">{\"@context\":\"https:\/\/schema.org\",\"@graph\":[{\"@type\":\"WebPage\",\"@id\":\"https:\/\/greenlinqdata.nl\/de\/produkte\/gq-app\/\",\"url\":\"https:\/\/greenlinqdata.nl\/de\/produkte\/gq-app\/\",\"name\":\"GQ-app - GreenlinQdata\",\"isPartOf\":{\"@id\":\"https:\/\/greenlinqdata.nl\/de\/#website\"},\"primaryImageOfPage\":{\"@id\":\"https:\/\/greenlinqdata.nl\/de\/produkte\/gq-app\/#primaryimage\"},\"image\":{\"@id\":\"https:\/\/greenlinqdata.nl\/de\/produkte\/gq-app\/#primaryimage\"},\"thumbnailUrl\":\"https:\/\/greenlinqdata.nl\/wp-content\/uploads\/2020\/10\/greenlinqdata-web-shutterstock_456567796.jpg\",\"datePublished\":\"2020-12-21T09:31:15+00:00\",\"dateModified\":\"2020-12-21T09:31:16+00:00\",\"description\":\"Software voor telers en afzetorganisatie voor het registreren van gewasbeschermingsmiddelen, meststoffen, biologie, water en energi. U maakt uitgebreide rapportages en houdt makkelijk uw voorraad bij. Siertelers kunnen met deze applicatie hun milieuregistratie doen voor GLOBAL G.A.P.\",\"breadcrumb\":{\"@id\":\"https:\/\/greenlinqdata.nl\/de\/produkte\/gq-app\/#breadcrumb\"},\"inLanguage\":\"de\",\"potentialAction\":[{\"@type\":\"ReadAction\",\"target\":[\"https:\/\/greenlinqdata.nl\/de\/produkte\/gq-app\/\"]}]},{\"@type\":\"ImageObject\",\"inLanguage\":\"de\",\"@id\":\"https:\/\/greenlinqdata.nl\/de\/produkte\/gq-app\/#primaryimage\",\"url\":\"https:\/\/greenlinqdata.nl\/wp-content\/uploads\/2020\/10\/greenlinqdata-web-shutterstock_456567796.jpg\",\"contentUrl\":\"https:\/\/greenlinqdata.nl\/wp-content\/uploads\/2020\/10\/greenlinqdata-web-shutterstock_456567796.jpg\",\"width\":1600,\"height\":700},{\"@type\":\"BreadcrumbList\",\"@id\":\"https:\/\/greenlinqdata.nl\/de\/produkte\/gq-app\/#breadcrumb\",\"itemListElement\":[{\"@type\":\"ListItem\",\"position\":1,\"name\":\"Home\",\"item\":\"https:\/\/greenlinqdata.nl\/de\/\"},{\"@type\":\"ListItem\",\"position\":2,\"name\":\"Produkte\",\"item\":\"https:\/\/greenlinqdata.nl\/de\/produkte\/\"},{\"@type\":\"ListItem\",\"position\":3,\"name\":\"GQ-app\"}]},{\"@type\":\"WebSite\",\"@id\":\"https:\/\/greenlinqdata.nl\/de\/#website\",\"url\":\"https:\/\/greenlinqdata.nl\/de\/\",\"name\":\"GreenlinQdata\",\"description\":\"\",\"publisher\":{\"@id\":\"https:\/\/greenlinqdata.nl\/de\/#organization\"},\"potentialAction\":[{\"@type\":\"SearchAction\",\"target\":{\"@type\":\"EntryPoint\",\"urlTemplate\":\"https:\/\/greenlinqdata.nl\/de\/?s={search_term_string}\"},\"query-input\":{\"@type\":\"PropertyValueSpecification\",\"valueRequired\":true,\"valueName\":\"search_term_string\"}}],\"inLanguage\":\"de\"},{\"@type\":\"Organization\",\"@id\":\"https:\/\/greenlinqdata.nl\/de\/#organization\",\"name\":\"GreenlinQdata\",\"url\":\"https:\/\/greenlinqdata.nl\/de\/\",\"logo\":{\"@type\":\"ImageObject\",\"inLanguage\":\"de\",\"@id\":\"https:\/\/greenlinqdata.nl\/de\/#\/schema\/logo\/image\/\",\"url\":\"https:\/\/greenlinqdata.nl\/wp-content\/uploads\/2020\/10\/logo.png\",\"contentUrl\":\"https:\/\/greenlinqdata.nl\/wp-content\/uploads\/2020\/10\/logo.png\",\"width\":679,\"height\":100,\"caption\":\"GreenlinQdata\"},\"image\":{\"@id\":\"https:\/\/greenlinqdata.nl\/de\/#\/schema\/logo\/image\/\"}}]}<\/script>\n<!-- \/ Yoast SEO plugin. -->","yoast_head_json":{"title":"GQ-app - GreenlinQdata","description":"Software voor telers en afzetorganisatie voor het registreren van gewasbeschermingsmiddelen, meststoffen, biologie, water en energi. U maakt uitgebreide rapportages en houdt makkelijk uw voorraad bij. Siertelers kunnen met deze applicatie hun milieuregistratie doen voor GLOBAL G.A.P.","robots":{"index":"index","follow":"follow","max-snippet":"max-snippet:-1","max-image-preview":"max-image-preview:large","max-video-preview":"max-video-preview:-1"},"canonical":"https:\/\/greenlinqdata.nl\/de\/produkte\/gq-app\/","og_locale":"de_DE","og_type":"article","og_title":"GQ-app - GreenlinQdata","og_description":"Software voor telers en afzetorganisatie voor het registreren van gewasbeschermingsmiddelen, meststoffen, biologie, water en energi. U maakt uitgebreide rapportages en houdt makkelijk uw voorraad bij. Siertelers kunnen met deze applicatie hun milieuregistratie doen voor GLOBAL G.A.P.","og_url":"https:\/\/greenlinqdata.nl\/de\/produkte\/gq-app\/","og_site_name":"GreenlinQdata","article_modified_time":"2020-12-21T09:31:16+00:00","og_image":[{"url":"https:\/\/greenlinqdata.nl\/wp-content\/uploads\/2020\/10\/GQ-app_PlayStore.png","type":"","width":"","height":""}],"twitter_card":"summary_large_image","twitter_misc":{"Gesch\u00e4tzte Lesezeit":"1\u00a0Minute"},"schema":{"@context":"https:\/\/schema.org","@graph":[{"@type":"WebPage","@id":"https:\/\/greenlinqdata.nl\/de\/produkte\/gq-app\/","url":"https:\/\/greenlinqdata.nl\/de\/produkte\/gq-app\/","name":"GQ-app - GreenlinQdata","isPartOf":{"@id":"https:\/\/greenlinqdata.nl\/de\/#website"},"primaryImageOfPage":{"@id":"https:\/\/greenlinqdata.nl\/de\/produkte\/gq-app\/#primaryimage"},"image":{"@id":"https:\/\/greenlinqdata.nl\/de\/produkte\/gq-app\/#primaryimage"},"thumbnailUrl":"https:\/\/greenlinqdata.nl\/wp-content\/uploads\/2020\/10\/greenlinqdata-web-shutterstock_456567796.jpg","datePublished":"2020-12-21T09:31:15+00:00","dateModified":"2020-12-21T09:31:16+00:00","description":"Software voor telers en afzetorganisatie voor het registreren van gewasbeschermingsmiddelen, meststoffen, biologie, water en energi. U maakt uitgebreide rapportages en houdt makkelijk uw voorraad bij. Siertelers kunnen met deze applicatie hun milieuregistratie doen voor GLOBAL G.A.P.","breadcrumb":{"@id":"https:\/\/greenlinqdata.nl\/de\/produkte\/gq-app\/#breadcrumb"},"inLanguage":"de","potentialAction":[{"@type":"ReadAction","target":["https:\/\/greenlinqdata.nl\/de\/produkte\/gq-app\/"]}]},{"@type":"ImageObject","inLanguage":"de","@id":"https:\/\/greenlinqdata.nl\/de\/produkte\/gq-app\/#primaryimage","url":"https:\/\/greenlinqdata.nl\/wp-content\/uploads\/2020\/10\/greenlinqdata-web-shutterstock_456567796.jpg","contentUrl":"https:\/\/greenlinqdata.nl\/wp-content\/uploads\/2020\/10\/greenlinqdata-web-shutterstock_456567796.jpg","width":1600,"height":700},{"@type":"BreadcrumbList","@id":"https:\/\/greenlinqdata.nl\/de\/produkte\/gq-app\/#breadcrumb","itemListElement":[{"@type":"ListItem","position":1,"name":"Home","item":"https:\/\/greenlinqdata.nl\/de\/"},{"@type":"ListItem","position":2,"name":"Produkte","item":"https:\/\/greenlinqdata.nl\/de\/produkte\/"},{"@type":"ListItem","position":3,"name":"GQ-app"}]},{"@type":"WebSite","@id":"https:\/\/greenlinqdata.nl\/de\/#website","url":"https:\/\/greenlinqdata.nl\/de\/","name":"GreenlinQdata","description":"","publisher":{"@id":"https:\/\/greenlinqdata.nl\/de\/#organization"},"potentialAction":[{"@type":"SearchAction","target":{"@type":"EntryPoint","urlTemplate":"https:\/\/greenlinqdata.nl\/de\/?s={search_term_string}"},"query-input":{"@type":"PropertyValueSpecification","valueRequired":true,"valueName":"search_term_string"}}],"inLanguage":"de"},{"@type":"Organization","@id":"https:\/\/greenlinqdata.nl\/de\/#organization","name":"GreenlinQdata","url":"https:\/\/greenlinqdata.nl\/de\/","logo":{"@type":"ImageObject","inLanguage":"de","@id":"https:\/\/greenlinqdata.nl\/de\/#\/schema\/logo\/image\/","url":"https:\/\/greenlinqdata.nl\/wp-content\/uploads\/2020\/10\/logo.png","contentUrl":"https:\/\/greenlinqdata.nl\/wp-content\/uploads\/2020\/10\/logo.png","width":679,"height":100,"caption":"GreenlinQdata"},"image":{"@id":"https:\/\/greenlinqdata.nl\/de\/#\/schema\/logo\/image\/"}}]}},"_links":{"self":[{"href":"https:\/\/greenlinqdata.nl\/de\/wp-json\/wp\/v2\/pages\/1119","targetHints":{"allow":["GET"]}}],"collection":[{"href":"https:\/\/greenlinqdata.nl\/de\/wp-json\/wp\/v2\/pages"}],"about":[{"href":"https:\/\/greenlinqdata.nl\/de\/wp-json\/wp\/v2\/types\/page"}],"author":[{"embeddable":true,"href":"https:\/\/greenlinqdata.nl\/de\/wp-json\/wp\/v2\/users\/3"}],"replies":[{"embeddable":true,"href":"https:\/\/greenlinqdata.nl\/de\/wp-json\/wp\/v2\/comments?post=1119"}],"version-history":[{"count":2,"href":"https:\/\/greenlinqdata.nl\/de\/wp-json\/wp\/v2\/pages\/1119\/revisions"}],"predecessor-version":[{"id":1121,"href":"https:\/\/greenlinqdata.nl\/de\/wp-json\/wp\/v2\/pages\/1119\/revisions\/1121"}],"up":[{"embeddable":true,"href":"https:\/\/greenlinqdata.nl\/de\/wp-json\/wp\/v2\/pages\/1078"}],"wp:featuredmedia":[{"embeddable":true,"href":"https:\/\/greenlinqdata.nl\/de\/wp-json\/wp\/v2\/media\/1127"}],"wp:attachment":[{"href":"https:\/\/greenlinqdata.nl\/de\/wp-json\/wp\/v2\/media?parent=1119"}],"curies":[{"name":"wp","href":"https:\/\/api.w.org\/{rel}","templated":true}]}}