{"id":1137,"date":"2020-12-21T09:39:23","date_gmt":"2020-12-21T09:39:23","guid":{"rendered":"https:\/\/greenlinqdata.nl\/produkte\/gq-insight\/"},"modified":"2020-12-21T09:39:23","modified_gmt":"2020-12-21T09:39:23","slug":"gq-insight","status":"publish","type":"page","link":"https:\/\/greenlinqdata.nl\/de\/produkte\/gq-insight\/","title":{"rendered":"GQ-insight"},"content":{"rendered":"\n[et_pb_section fb_built=&#8220;1&#8243; _builder_version=&#8220;4.6.5&#8243; _module_preset=&#8220;default&#8220;][et_pb_row _builder_version=&#8220;4.6.5&#8243; _module_preset=&#8220;default&#8220;][et_pb_column type=&#8220;4_4&#8243; _builder_version=&#8220;4.6.5&#8243; _module_preset=&#8220;default&#8220;][et_pb_image src=&#8220;https:\/\/greenlinqdata.nl\/wp-content\/uploads\/2020\/10\/gq-insight-300&#215;90.png&#8220; alt=&#8220;GQ-insight&#8220; title_text=&#8220;GQ-insight&#8220; _builder_version=&#8220;4.6.5&#8243; _module_preset=&#8220;default&#8220;][\/et_pb_image][et_pb_text _builder_version=&#8220;4.6.5&#8243; _module_preset=&#8220;default&#8220; custom_margin=&#8220;20px||||false|false&#8220; hover_enabled=&#8220;0&#8243; custom_padding=&#8220;0px|||||&#8220; sticky_enabled=&#8220;0&#8243;]<h2><strong>Zug\u00e4nglicher Datenverkehr in der gesamten Kette<\/strong><\/h2>\r\n<p>Es gibt viele verschiedene Programme zur Registrierung von Kulturpflanzen auf dem Markt, und die Erzeuger k\u00f6nnen frei w\u00e4hlen, was sie verwenden. Verkaufsorganisationen, Auditoren und Zertifizierungsstellen m\u00fcssen die Informationen aus diesen verschiedenen Programmen nach ihren eigenen Bed\u00fcrfnissen und auf ihre eigene Art und Weise sammeln und verarbeiten. Dies ist schwierig, wenn es um alle Arten von verschiedenen Programmen geht. Es braucht viel Zeit und ist fehleranf\u00e4llig.<\/p>\r\n<p>Auch Auditoren und Zertifizierungsstellen ben\u00f6tigen Einsicht in Ihre Daten, um zu sehen, ob Sie sich entsprechend den Anforderungen registrieren. Aus diesem Grund hat GreenlinQdata eine Plattform entwickelt, die all diese verschiedenen Registrierungsprogramme in diesem Sektor b\u00fcndeln kann: GQ Insight. Dies funktioniert einfacher und strukturierter und ist in der gesamten Kette von Anfang bis Ende transparent.<\/p>\r\n<h3><strong>Echtzeit<\/strong><\/h3>\r\n<p>Auf dieser einzigartigen Plattform sind die Daten unabh\u00e4ngig von der Art der Registrierung in Echtzeit verf\u00fcgbar. Hier werden Informationen sowohl von Lieferanten als auch von Kunden verkn\u00fcpft. Auch externe Pakete wie Agrovision, Dacom und Agromanager k\u00f6nnen mit dieser Plattform verkn\u00fcpft werden. Dadurch ist es einfach, Daten auszutauschen, ohne dass man Softwareanwendungen austauschen muss.<\/p>\r\n<h3><strong>Z\u00fcchter bleibt Eigent\u00fcmer der Daten<\/strong><\/h3>\r\n<p>Als Z\u00fcchter bleiben Sie Eigent\u00fcmer der Daten, und Sie entscheiden, wer die Erlaubnis erh\u00e4lt, relevante Informationen einzusehen.<\/p>\n[\/et_pb_text][et_pb_text _builder_version=&#8220;4.6.5&#8243; _module_preset=&#8220;default&#8220; custom_margin=&#8220;20px||40px||false|false&#8220; hover_enabled=&#8220;0&#8243; sticky_enabled=&#8220;0&#8243;]<h4 style=\"text-align: center;\"><strong>Haben Sie Fragen? W\u00fcnschen Sie weitere Informationen?<\/strong><\/h4>\r\n<p style=\"text-align: center;\">Dann <a href=\"https:\/\/greenlinqdata.nl\/de\/kontakt\/\">wenden<\/a> Sie sich bitte an einen unserer erfahrenen Spezialisten.<\/p>\n[\/et_pb_text][\/et_pb_column][\/et_pb_row][\/et_pb_section]\n","protected":false},"excerpt":{"rendered":"<p>Zug\u00e4nglicher Datenverkehr in der gesamten Kette Es gibt viele verschiedene Programme zur Registrierung von Kulturpflanzen auf dem Markt, und die Erzeuger k\u00f6nnen frei w\u00e4hlen, was sie verwenden. Verkaufsorganisationen, Auditoren und Zertifizierungsstellen m\u00fcssen die Informationen aus diesen verschiedenen Programmen nach ihren eigenen Bed\u00fcrfnissen und auf ihre eigene Art und Weise sammeln und verarbeiten. Dies ist schwierig, [&hellip;]<\/p>\n","protected":false},"author":11,"featured_media":0,"parent":1078,"menu_order":5,"comment_status":"closed","ping_status":"closed","template":"","meta":{"_et_pb_use_builder":"on","_et_pb_old_content":"","_et_gb_content_width":"","footnotes":""},"class_list":["post-1137","page","type-page","status-publish","hentry"],"yoast_head":"<!-- This site is optimized with the Yoast SEO plugin v27.3 - https:\/\/yoast.com\/product\/yoast-seo-wordpress\/ -->\n<title>GQ-insight - GreenlinQdata<\/title>\n<meta name=\"description\" content=\"Software voor telers en afzetorganisatie voor het registreren van gewasbeschermingsmiddelen, meststoffen, biologie, water en energi. U maakt uitgebreide rapportages en houdt makkelijk uw voorraad bij. Siertelers kunnen met deze applicatie hun milieuregistratie doen voor GLOBAL G.A.P.\" \/>\n<meta name=\"robots\" content=\"index, follow, max-snippet:-1, max-image-preview:large, max-video-preview:-1\" \/>\n<link rel=\"canonical\" href=\"https:\/\/greenlinqdata.nl\/de\/produkte\/gq-insight\/\" \/>\n<meta property=\"og:locale\" content=\"de_DE\" \/>\n<meta property=\"og:type\" content=\"article\" \/>\n<meta property=\"og:title\" content=\"GQ-insight - GreenlinQdata\" \/>\n<meta property=\"og:description\" content=\"Software voor telers en afzetorganisatie voor het registreren van gewasbeschermingsmiddelen, meststoffen, biologie, water en energi. U maakt uitgebreide rapportages en houdt makkelijk uw voorraad bij. Siertelers kunnen met deze applicatie hun milieuregistratie doen voor GLOBAL G.A.P.\" \/>\n<meta property=\"og:url\" content=\"https:\/\/greenlinqdata.nl\/de\/produkte\/gq-insight\/\" \/>\n<meta property=\"og:site_name\" content=\"GreenlinQdata\" \/>\n<meta name=\"twitter:card\" content=\"summary_large_image\" \/>\n<meta name=\"twitter:label1\" content=\"Gesch\u00e4tzte Lesezeit\" \/>\n\t<meta name=\"twitter:data1\" content=\"2\u00a0Minuten\" \/>\n<script type=\"application\/ld+json\" class=\"yoast-schema-graph\">{\"@context\":\"https:\\\/\\\/schema.org\",\"@graph\":[{\"@type\":\"WebPage\",\"@id\":\"https:\\\/\\\/greenlinqdata.nl\\\/de\\\/produkte\\\/gq-insight\\\/\",\"url\":\"https:\\\/\\\/greenlinqdata.nl\\\/de\\\/produkte\\\/gq-insight\\\/\",\"name\":\"GQ-insight - GreenlinQdata\",\"isPartOf\":{\"@id\":\"https:\\\/\\\/greenlinqdata.nl\\\/de\\\/#website\"},\"datePublished\":\"2020-12-21T09:39:23+00:00\",\"description\":\"Software voor telers en afzetorganisatie voor het registreren van gewasbeschermingsmiddelen, meststoffen, biologie, water en energi. U maakt uitgebreide rapportages en houdt makkelijk uw voorraad bij. Siertelers kunnen met deze applicatie hun milieuregistratie doen voor GLOBAL G.A.P.\",\"breadcrumb\":{\"@id\":\"https:\\\/\\\/greenlinqdata.nl\\\/de\\\/produkte\\\/gq-insight\\\/#breadcrumb\"},\"inLanguage\":\"de\",\"potentialAction\":[{\"@type\":\"ReadAction\",\"target\":[\"https:\\\/\\\/greenlinqdata.nl\\\/de\\\/produkte\\\/gq-insight\\\/\"]}]},{\"@type\":\"BreadcrumbList\",\"@id\":\"https:\\\/\\\/greenlinqdata.nl\\\/de\\\/produkte\\\/gq-insight\\\/#breadcrumb\",\"itemListElement\":[{\"@type\":\"ListItem\",\"position\":1,\"name\":\"Home\",\"item\":\"https:\\\/\\\/greenlinqdata.nl\\\/de\\\/\"},{\"@type\":\"ListItem\",\"position\":2,\"name\":\"Produkte\",\"item\":\"https:\\\/\\\/greenlinqdata.nl\\\/de\\\/produkte\\\/\"},{\"@type\":\"ListItem\",\"position\":3,\"name\":\"GQ-insight\"}]},{\"@type\":\"WebSite\",\"@id\":\"https:\\\/\\\/greenlinqdata.nl\\\/de\\\/#website\",\"url\":\"https:\\\/\\\/greenlinqdata.nl\\\/de\\\/\",\"name\":\"GreenlinQdata\",\"description\":\"\",\"publisher\":{\"@id\":\"https:\\\/\\\/greenlinqdata.nl\\\/de\\\/#organization\"},\"potentialAction\":[{\"@type\":\"SearchAction\",\"target\":{\"@type\":\"EntryPoint\",\"urlTemplate\":\"https:\\\/\\\/greenlinqdata.nl\\\/de\\\/?s={search_term_string}\"},\"query-input\":{\"@type\":\"PropertyValueSpecification\",\"valueRequired\":true,\"valueName\":\"search_term_string\"}}],\"inLanguage\":\"de\"},{\"@type\":\"Organization\",\"@id\":\"https:\\\/\\\/greenlinqdata.nl\\\/de\\\/#organization\",\"name\":\"GreenlinQdata\",\"url\":\"https:\\\/\\\/greenlinqdata.nl\\\/de\\\/\",\"logo\":{\"@type\":\"ImageObject\",\"inLanguage\":\"de\",\"@id\":\"https:\\\/\\\/greenlinqdata.nl\\\/de\\\/#\\\/schema\\\/logo\\\/image\\\/\",\"url\":\"https:\\\/\\\/greenlinqdata.nl\\\/wp-content\\\/uploads\\\/2020\\\/10\\\/logo.png\",\"contentUrl\":\"https:\\\/\\\/greenlinqdata.nl\\\/wp-content\\\/uploads\\\/2020\\\/10\\\/logo.png\",\"width\":679,\"height\":100,\"caption\":\"GreenlinQdata\"},\"image\":{\"@id\":\"https:\\\/\\\/greenlinqdata.nl\\\/de\\\/#\\\/schema\\\/logo\\\/image\\\/\"}}]}<\/script>\n<!-- \/ Yoast SEO plugin. -->","yoast_head_json":{"title":"GQ-insight - GreenlinQdata","description":"Software voor telers en afzetorganisatie voor het registreren van gewasbeschermingsmiddelen, meststoffen, biologie, water en energi. U maakt uitgebreide rapportages en houdt makkelijk uw voorraad bij. Siertelers kunnen met deze applicatie hun milieuregistratie doen voor GLOBAL G.A.P.","robots":{"index":"index","follow":"follow","max-snippet":"max-snippet:-1","max-image-preview":"max-image-preview:large","max-video-preview":"max-video-preview:-1"},"canonical":"https:\/\/greenlinqdata.nl\/de\/produkte\/gq-insight\/","og_locale":"de_DE","og_type":"article","og_title":"GQ-insight - GreenlinQdata","og_description":"Software voor telers en afzetorganisatie voor het registreren van gewasbeschermingsmiddelen, meststoffen, biologie, water en energi. U maakt uitgebreide rapportages en houdt makkelijk uw voorraad bij. Siertelers kunnen met deze applicatie hun milieuregistratie doen voor GLOBAL G.A.P.","og_url":"https:\/\/greenlinqdata.nl\/de\/produkte\/gq-insight\/","og_site_name":"GreenlinQdata","twitter_card":"summary_large_image","twitter_misc":{"Gesch\u00e4tzte Lesezeit":"2\u00a0Minuten"},"schema":{"@context":"https:\/\/schema.org","@graph":[{"@type":"WebPage","@id":"https:\/\/greenlinqdata.nl\/de\/produkte\/gq-insight\/","url":"https:\/\/greenlinqdata.nl\/de\/produkte\/gq-insight\/","name":"GQ-insight - GreenlinQdata","isPartOf":{"@id":"https:\/\/greenlinqdata.nl\/de\/#website"},"datePublished":"2020-12-21T09:39:23+00:00","description":"Software voor telers en afzetorganisatie voor het registreren van gewasbeschermingsmiddelen, meststoffen, biologie, water en energi. U maakt uitgebreide rapportages en houdt makkelijk uw voorraad bij. Siertelers kunnen met deze applicatie hun milieuregistratie doen voor GLOBAL G.A.P.","breadcrumb":{"@id":"https:\/\/greenlinqdata.nl\/de\/produkte\/gq-insight\/#breadcrumb"},"inLanguage":"de","potentialAction":[{"@type":"ReadAction","target":["https:\/\/greenlinqdata.nl\/de\/produkte\/gq-insight\/"]}]},{"@type":"BreadcrumbList","@id":"https:\/\/greenlinqdata.nl\/de\/produkte\/gq-insight\/#breadcrumb","itemListElement":[{"@type":"ListItem","position":1,"name":"Home","item":"https:\/\/greenlinqdata.nl\/de\/"},{"@type":"ListItem","position":2,"name":"Produkte","item":"https:\/\/greenlinqdata.nl\/de\/produkte\/"},{"@type":"ListItem","position":3,"name":"GQ-insight"}]},{"@type":"WebSite","@id":"https:\/\/greenlinqdata.nl\/de\/#website","url":"https:\/\/greenlinqdata.nl\/de\/","name":"GreenlinQdata","description":"","publisher":{"@id":"https:\/\/greenlinqdata.nl\/de\/#organization"},"potentialAction":[{"@type":"SearchAction","target":{"@type":"EntryPoint","urlTemplate":"https:\/\/greenlinqdata.nl\/de\/?s={search_term_string}"},"query-input":{"@type":"PropertyValueSpecification","valueRequired":true,"valueName":"search_term_string"}}],"inLanguage":"de"},{"@type":"Organization","@id":"https:\/\/greenlinqdata.nl\/de\/#organization","name":"GreenlinQdata","url":"https:\/\/greenlinqdata.nl\/de\/","logo":{"@type":"ImageObject","inLanguage":"de","@id":"https:\/\/greenlinqdata.nl\/de\/#\/schema\/logo\/image\/","url":"https:\/\/greenlinqdata.nl\/wp-content\/uploads\/2020\/10\/logo.png","contentUrl":"https:\/\/greenlinqdata.nl\/wp-content\/uploads\/2020\/10\/logo.png","width":679,"height":100,"caption":"GreenlinQdata"},"image":{"@id":"https:\/\/greenlinqdata.nl\/de\/#\/schema\/logo\/image\/"}}]}},"_links":{"self":[{"href":"https:\/\/greenlinqdata.nl\/de\/wp-json\/wp\/v2\/pages\/1137","targetHints":{"allow":["GET"]}}],"collection":[{"href":"https:\/\/greenlinqdata.nl\/de\/wp-json\/wp\/v2\/pages"}],"about":[{"href":"https:\/\/greenlinqdata.nl\/de\/wp-json\/wp\/v2\/types\/page"}],"author":[{"embeddable":true,"href":"https:\/\/greenlinqdata.nl\/de\/wp-json\/wp\/v2\/users\/11"}],"replies":[{"embeddable":true,"href":"https:\/\/greenlinqdata.nl\/de\/wp-json\/wp\/v2\/comments?post=1137"}],"version-history":[{"count":1,"href":"https:\/\/greenlinqdata.nl\/de\/wp-json\/wp\/v2\/pages\/1137\/revisions"}],"predecessor-version":[{"id":1138,"href":"https:\/\/greenlinqdata.nl\/de\/wp-json\/wp\/v2\/pages\/1137\/revisions\/1138"}],"up":[{"embeddable":true,"href":"https:\/\/greenlinqdata.nl\/de\/wp-json\/wp\/v2\/pages\/1078"}],"wp:attachment":[{"href":"https:\/\/greenlinqdata.nl\/de\/wp-json\/wp\/v2\/media?parent=1137"}],"curies":[{"name":"wp","href":"https:\/\/api.w.org\/{rel}","templated":true}]}}