{"id":1147,"date":"2020-12-21T09:44:20","date_gmt":"2020-12-21T09:44:20","guid":{"rendered":"https:\/\/greenlinqdata.nl\/anmelden\/"},"modified":"2023-12-19T16:06:34","modified_gmt":"2023-12-19T16:06:34","slug":"anmelden","status":"publish","type":"page","link":"https:\/\/greenlinqdata.nl\/de\/anmelden\/","title":{"rendered":"Anmelden"},"content":{"rendered":"<p>[et_pb_section fb_built=&#8220;1&#8243; disabled_on=&#8220;on|on|on&#8220; _builder_version=&#8220;4.17.4&#8243; _module_preset=&#8220;default&#8220; background_color=&#8220;#ffae59&#8243; disabled=&#8220;on&#8220; global_colors_info=&#8220;{}&#8220;][et_pb_row _builder_version=&#8220;4.16&#8243; _module_preset=&#8220;default&#8220; global_colors_info=&#8220;{}&#8220;][et_pb_column type=&#8220;4_4&#8243; _builder_version=&#8220;4.16&#8243; _module_preset=&#8220;default&#8220; global_colors_info=&#8220;{}&#8220;][et_pb_text _builder_version=&#8220;4.17.4&#8243; _module_preset=&#8220;default&#8220; custom_padding=&#8220;26px|||||&#8220; global_colors_info=&#8220;{}&#8220;]<\/p>\n<h3>GQ-Daten am Wartungswochenende (17.\u201318. Juni)<\/h3>\n<p>Dieses Wochenende (17.-18. Juni) finden bei unserem Dienstleister gr\u00f6\u00dfere Wartungsarbeiten statt. Infolgedessen k\u00f6nnen Sie sich ab Freitagabend, 18. Juni, 16:30 Uhr nicht mehr in das GQ-Datenprogramm einloggen. Wir gehen davon aus, dass GQ-Daten bis Samstag, den 18. Juni, 12:00 Uhr, wieder betriebsbereit sind.<\/p>\n<p>Entschuldigung f\u00fcr jegliche Unannehmlichkeiten.[\/et_pb_text][\/et_pb_column][\/et_pb_row][\/et_pb_section][et_pb_section fb_built=&#8220;1&#8243; _builder_version=&#8220;4.16&#8243; _module_preset=&#8220;default&#8220; custom_margin=&#8220;36px||190px|||&#8220; custom_padding=&#8220;||57px|||&#8220; global_colors_info=&#8220;{}&#8220;][et_pb_row _builder_version=&#8220;4.16&#8243; _module_preset=&#8220;default&#8220; global_colors_info=&#8220;{}&#8220;][et_pb_column type=&#8220;4_4&#8243; _builder_version=&#8220;4.16&#8243; _module_preset=&#8220;default&#8220; global_colors_info=&#8220;{}&#8220;][et_pb_text _builder_version=&#8220;4.16&#8243; _module_preset=&#8220;default&#8220; global_colors_info=&#8220;{}&#8220;]<\/p>\n<h1 style=\"text-align: center;\">Anmelden<\/h1>\n<p>[\/et_pb_text][\/et_pb_column][\/et_pb_row][et_pb_row column_structure=&#8220;1_3,2_3&#8243; _builder_version=&#8220;4.16&#8243; _module_preset=&#8220;default&#8220; width=&#8220;46%&#8220; custom_margin=&#8220;||30px||false|false&#8220; custom_padding=&#8220;20px|20px|20px|20px|true|true&#8220; border_color_all=&#8220;#a7a8ac&#8220; border_color_bottom=&#8220;#a7a8ac&#8220; box_shadow_style=&#8220;preset3&#8243; global_colors_info=&#8220;{}&#8220;][et_pb_column type=&#8220;1_3&#8243; _builder_version=&#8220;4.16&#8243; _module_preset=&#8220;default&#8220; custom_padding=&#8220;10px||||false|false&#8220; global_colors_info=&#8220;{}&#8220;][et_pb_image src=&#8220;https:\/\/greenlinqdata.nl\/wp-content\/uploads\/2020\/10\/gq-data.png&#8220; alt=&#8220;GQ-data&#8220; title_text=&#8220;GQ-data&#8220; _builder_version=&#8220;4.16&#8243; _module_preset=&#8220;default&#8220; global_colors_info=&#8220;{}&#8220;][\/et_pb_image][\/et_pb_column][et_pb_column type=&#8220;2_3&#8243; _builder_version=&#8220;4.16&#8243; _module_preset=&#8220;default&#8220; global_colors_info=&#8220;{}&#8220;][et_pb_button button_url=&#8220;https:\/\/portal.greenlinqdata.nl\/GQ_Theme_TH\/Login.aspx&#8220; url_new_window=&#8220;on&#8220; button_text=&#8220;Anmelden&#8220; button_alignment=&#8220;right&#8220; _builder_version=&#8220;4.16&#8243; _module_preset=&#8220;default&#8220; custom_button=&#8220;on&#8220; global_colors_info=&#8220;{}&#8220;][\/et_pb_button][et_pb_text _builder_version=&#8220;4.16&#8243; _module_preset=&#8220;default&#8220; text_orientation=&#8220;right&#8220; global_colors_info=&#8220;{}&#8220;]Weitere Informationen?\u00a0Produktseite[\/et_pb_text][\/et_pb_column][\/et_pb_row][et_pb_row column_structure=&#8220;1_3,2_3&#8243; disabled_on=&#8220;on|on|on&#8220; _builder_version=&#8220;4.16&#8243; _module_preset=&#8220;default&#8220; width=&#8220;46%&#8220; custom_margin=&#8220;||30px||false|false&#8220; custom_padding=&#8220;20px|20px|20px|20px|true|true&#8220; border_color_all=&#8220;#a7a8ac&#8220; border_color_bottom=&#8220;#a7a8ac&#8220; box_shadow_style=&#8220;preset3&#8243; disabled=&#8220;on&#8220; global_colors_info=&#8220;{}&#8220;][et_pb_column type=&#8220;1_3&#8243; _builder_version=&#8220;4.16&#8243; _module_preset=&#8220;default&#8220; custom_padding=&#8220;10px||||false|false&#8220; global_colors_info=&#8220;{}&#8220;][et_pb_image src=&#8220;https:\/\/greenlinqdata.nl\/wp-content\/uploads\/2020\/10\/gqretailrapport.png&#8220; alt=&#8220;GQ-data&#8220; title_text=&#8220;gqretailrapport&#8220; _builder_version=&#8220;4.16&#8243; _module_preset=&#8220;default&#8220; global_colors_info=&#8220;{}&#8220;][\/et_pb_image][\/et_pb_column][et_pb_column type=&#8220;2_3&#8243; _builder_version=&#8220;4.16&#8243; _module_preset=&#8220;default&#8220; global_colors_info=&#8220;{}&#8220;][et_pb_button button_url=&#8220;https:\/\/gqnet.greenlinqdata.nl\/Account\/Inloggen&#8220; url_new_window=&#8220;on&#8220; button_text=&#8220;Anmelden&#8220; button_alignment=&#8220;right&#8220; _builder_version=&#8220;4.16&#8243; _module_preset=&#8220;default&#8220; custom_button=&#8220;on&#8220; global_colors_info=&#8220;{}&#8220;][\/et_pb_button][et_pb_text _builder_version=&#8220;4.16&#8243; _module_preset=&#8220;default&#8220; text_orientation=&#8220;right&#8220; global_colors_info=&#8220;{}&#8220;]Weitere Informationen?\u00a0<a href=\"https:\/\/greenlinqdata.nl\/de\/produkte\/\">Produktseite<\/a>[\/et_pb_text][\/et_pb_column][\/et_pb_row][et_pb_row column_structure=&#8220;1_3,2_3&#8243; disabled_on=&#8220;on|on|on&#8220; _builder_version=&#8220;4.16&#8243; _module_preset=&#8220;default&#8220; width=&#8220;46%&#8220; custom_margin=&#8220;||30px||false|false&#8220; custom_padding=&#8220;20px|20px|20px|20px|true|true&#8220; border_color_all=&#8220;#a7a8ac&#8220; border_color_bottom=&#8220;#a7a8ac&#8220; box_shadow_style=&#8220;preset3&#8243; disabled=&#8220;on&#8220; global_colors_info=&#8220;{}&#8220;][et_pb_column type=&#8220;1_3&#8243; _builder_version=&#8220;4.16&#8243; _module_preset=&#8220;default&#8220; custom_padding=&#8220;10px||||false|false&#8220; global_colors_info=&#8220;{}&#8220;][et_pb_image src=&#8220;https:\/\/greenlinqdata.nl\/wp-content\/uploads\/2020\/10\/gqmilieurapport.png&#8220; alt=&#8220;GQ-data&#8220; title_text=&#8220;gqmilieurapport&#8220; _builder_version=&#8220;4.16&#8243; _module_preset=&#8220;default&#8220; global_colors_info=&#8220;{}&#8220;][\/et_pb_image][\/et_pb_column][et_pb_column type=&#8220;2_3&#8243; _builder_version=&#8220;4.16&#8243; _module_preset=&#8220;default&#8220; global_colors_info=&#8220;{}&#8220;][et_pb_button button_url=&#8220;https:\/\/gqnet.greenlinqdata.nl\/Account\/Inloggen&#8220; url_new_window=&#8220;on&#8220; button_text=&#8220;Anmelden&#8220; button_alignment=&#8220;right&#8220; _builder_version=&#8220;4.16&#8243; _module_preset=&#8220;default&#8220; custom_button=&#8220;on&#8220; global_colors_info=&#8220;{}&#8220;][\/et_pb_button][et_pb_text _builder_version=&#8220;4.16&#8243; _module_preset=&#8220;default&#8220; text_orientation=&#8220;right&#8220; global_colors_info=&#8220;{}&#8220;]Weitere Informationen?\u00a0<a href=\"https:\/\/greenlinqdata.nl\/de\/produkte\/\">Produktseite<\/a>[\/et_pb_text][\/et_pb_column][\/et_pb_row][\/et_pb_section][et_pb_section fb_built=&#8220;1&#8243; _builder_version=&#8220;4.16&#8243; _module_preset=&#8220;default&#8220; global_colors_info=&#8220;{}&#8220;][et_pb_row _builder_version=&#8220;4.16&#8243; _module_preset=&#8220;default&#8220; global_colors_info=&#8220;{}&#8220;][et_pb_column type=&#8220;4_4&#8243; _builder_version=&#8220;4.16&#8243; _module_preset=&#8220;default&#8220; global_colors_info=&#8220;{}&#8220;][et_pb_divider show_divider=&#8220;off&#8220; _builder_version=&#8220;4.16&#8243; _module_preset=&#8220;default&#8220; global_colors_info=&#8220;{}&#8220;][\/et_pb_divider][\/et_pb_column][\/et_pb_row][\/et_pb_section]<\/p>\n","protected":false},"excerpt":{"rendered":"<p>GQ-Daten am Wartungswochenende (17.\u201318. Juni) Dieses Wochenende (17.-18. Juni) finden bei unserem Dienstleister gr\u00f6\u00dfere Wartungsarbeiten statt. Infolgedessen k\u00f6nnen Sie sich ab Freitagabend, 18. Juni, 16:30 Uhr nicht mehr in das GQ-Datenprogramm einloggen. Wir gehen davon aus, dass GQ-Daten bis Samstag, den 18. Juni, 12:00 Uhr, wieder betriebsbereit sind. Entschuldigung f\u00fcr jegliche Unannehmlichkeiten.AnmeldenWeitere Informationen?\u00a0ProduktseiteWeitere Informationen?\u00a0ProduktseiteWeitere Informationen?\u00a0Produktseite<\/p>\n","protected":false},"author":11,"featured_media":0,"parent":0,"menu_order":0,"comment_status":"closed","ping_status":"closed","template":"","meta":{"_et_pb_use_builder":"on","_et_pb_old_content":"","_et_gb_content_width":"","footnotes":""},"class_list":["post-1147","page","type-page","status-publish","hentry"],"yoast_head":"<!-- This site is optimized with the Yoast SEO plugin v27.4 - https:\/\/yoast.com\/product\/yoast-seo-wordpress\/ -->\n<title>Anmelden - GreenlinQdata<\/title>\n<meta name=\"description\" content=\"Software voor telers en afzetorganisatie voor het registreren van gewasbeschermingsmiddelen, meststoffen, biologie, water en energi. U maakt uitgebreide rapportages en houdt makkelijk uw voorraad bij. Siertelers kunnen met deze applicatie hun milieuregistratie doen voor GLOBAL G.A.P.\" \/>\n<meta name=\"robots\" content=\"index, follow, max-snippet:-1, max-image-preview:large, max-video-preview:-1\" \/>\n<link rel=\"canonical\" href=\"https:\/\/greenlinqdata.nl\/de\/anmelden\/\" \/>\n<meta property=\"og:locale\" content=\"de_DE\" \/>\n<meta property=\"og:type\" content=\"article\" \/>\n<meta property=\"og:title\" content=\"Anmelden - GreenlinQdata\" \/>\n<meta property=\"og:description\" content=\"Software voor telers en afzetorganisatie voor het registreren van gewasbeschermingsmiddelen, meststoffen, biologie, water en energi. U maakt uitgebreide rapportages en houdt makkelijk uw voorraad bij. Siertelers kunnen met deze applicatie hun milieuregistratie doen voor GLOBAL G.A.P.\" \/>\n<meta property=\"og:url\" content=\"https:\/\/greenlinqdata.nl\/de\/anmelden\/\" \/>\n<meta property=\"og:site_name\" content=\"GreenlinQdata\" \/>\n<meta property=\"article:modified_time\" content=\"2023-12-19T16:06:34+00:00\" \/>\n<meta name=\"twitter:card\" content=\"summary_large_image\" \/>\n<meta name=\"twitter:label1\" content=\"Gesch\u00e4tzte Lesezeit\" \/>\n\t<meta name=\"twitter:data1\" content=\"1\u00a0Minute\" \/>\n<script type=\"application\/ld+json\" class=\"yoast-schema-graph\">{\"@context\":\"https:\\\/\\\/schema.org\",\"@graph\":[{\"@type\":\"WebPage\",\"@id\":\"https:\\\/\\\/greenlinqdata.nl\\\/de\\\/anmelden\\\/\",\"url\":\"https:\\\/\\\/greenlinqdata.nl\\\/de\\\/anmelden\\\/\",\"name\":\"Anmelden - GreenlinQdata\",\"isPartOf\":{\"@id\":\"https:\\\/\\\/greenlinqdata.nl\\\/de\\\/#website\"},\"datePublished\":\"2020-12-21T09:44:20+00:00\",\"dateModified\":\"2023-12-19T16:06:34+00:00\",\"description\":\"Software voor telers en afzetorganisatie voor het registreren van gewasbeschermingsmiddelen, meststoffen, biologie, water en energi. U maakt uitgebreide rapportages en houdt makkelijk uw voorraad bij. Siertelers kunnen met deze applicatie hun milieuregistratie doen voor GLOBAL G.A.P.\",\"breadcrumb\":{\"@id\":\"https:\\\/\\\/greenlinqdata.nl\\\/de\\\/anmelden\\\/#breadcrumb\"},\"inLanguage\":\"de\",\"potentialAction\":[{\"@type\":\"ReadAction\",\"target\":[\"https:\\\/\\\/greenlinqdata.nl\\\/de\\\/anmelden\\\/\"]}]},{\"@type\":\"BreadcrumbList\",\"@id\":\"https:\\\/\\\/greenlinqdata.nl\\\/de\\\/anmelden\\\/#breadcrumb\",\"itemListElement\":[{\"@type\":\"ListItem\",\"position\":1,\"name\":\"Home\",\"item\":\"https:\\\/\\\/greenlinqdata.nl\\\/de\\\/\"},{\"@type\":\"ListItem\",\"position\":2,\"name\":\"Anmelden\"}]},{\"@type\":\"WebSite\",\"@id\":\"https:\\\/\\\/greenlinqdata.nl\\\/de\\\/#website\",\"url\":\"https:\\\/\\\/greenlinqdata.nl\\\/de\\\/\",\"name\":\"GreenlinQdata\",\"description\":\"\",\"publisher\":{\"@id\":\"https:\\\/\\\/greenlinqdata.nl\\\/de\\\/#organization\"},\"potentialAction\":[{\"@type\":\"SearchAction\",\"target\":{\"@type\":\"EntryPoint\",\"urlTemplate\":\"https:\\\/\\\/greenlinqdata.nl\\\/de\\\/?s={search_term_string}\"},\"query-input\":{\"@type\":\"PropertyValueSpecification\",\"valueRequired\":true,\"valueName\":\"search_term_string\"}}],\"inLanguage\":\"de\"},{\"@type\":\"Organization\",\"@id\":\"https:\\\/\\\/greenlinqdata.nl\\\/de\\\/#organization\",\"name\":\"GreenlinQdata\",\"url\":\"https:\\\/\\\/greenlinqdata.nl\\\/de\\\/\",\"logo\":{\"@type\":\"ImageObject\",\"inLanguage\":\"de\",\"@id\":\"https:\\\/\\\/greenlinqdata.nl\\\/de\\\/#\\\/schema\\\/logo\\\/image\\\/\",\"url\":\"https:\\\/\\\/greenlinqdata.nl\\\/wp-content\\\/uploads\\\/2020\\\/10\\\/logo.png\",\"contentUrl\":\"https:\\\/\\\/greenlinqdata.nl\\\/wp-content\\\/uploads\\\/2020\\\/10\\\/logo.png\",\"width\":679,\"height\":100,\"caption\":\"GreenlinQdata\"},\"image\":{\"@id\":\"https:\\\/\\\/greenlinqdata.nl\\\/de\\\/#\\\/schema\\\/logo\\\/image\\\/\"}}]}<\/script>\n<!-- \/ Yoast SEO plugin. -->","yoast_head_json":{"title":"Anmelden - GreenlinQdata","description":"Software voor telers en afzetorganisatie voor het registreren van gewasbeschermingsmiddelen, meststoffen, biologie, water en energi. U maakt uitgebreide rapportages en houdt makkelijk uw voorraad bij. Siertelers kunnen met deze applicatie hun milieuregistratie doen voor GLOBAL G.A.P.","robots":{"index":"index","follow":"follow","max-snippet":"max-snippet:-1","max-image-preview":"max-image-preview:large","max-video-preview":"max-video-preview:-1"},"canonical":"https:\/\/greenlinqdata.nl\/de\/anmelden\/","og_locale":"de_DE","og_type":"article","og_title":"Anmelden - GreenlinQdata","og_description":"Software voor telers en afzetorganisatie voor het registreren van gewasbeschermingsmiddelen, meststoffen, biologie, water en energi. U maakt uitgebreide rapportages en houdt makkelijk uw voorraad bij. Siertelers kunnen met deze applicatie hun milieuregistratie doen voor GLOBAL G.A.P.","og_url":"https:\/\/greenlinqdata.nl\/de\/anmelden\/","og_site_name":"GreenlinQdata","article_modified_time":"2023-12-19T16:06:34+00:00","twitter_card":"summary_large_image","twitter_misc":{"Gesch\u00e4tzte Lesezeit":"1\u00a0Minute"},"schema":{"@context":"https:\/\/schema.org","@graph":[{"@type":"WebPage","@id":"https:\/\/greenlinqdata.nl\/de\/anmelden\/","url":"https:\/\/greenlinqdata.nl\/de\/anmelden\/","name":"Anmelden - GreenlinQdata","isPartOf":{"@id":"https:\/\/greenlinqdata.nl\/de\/#website"},"datePublished":"2020-12-21T09:44:20+00:00","dateModified":"2023-12-19T16:06:34+00:00","description":"Software voor telers en afzetorganisatie voor het registreren van gewasbeschermingsmiddelen, meststoffen, biologie, water en energi. U maakt uitgebreide rapportages en houdt makkelijk uw voorraad bij. Siertelers kunnen met deze applicatie hun milieuregistratie doen voor GLOBAL G.A.P.","breadcrumb":{"@id":"https:\/\/greenlinqdata.nl\/de\/anmelden\/#breadcrumb"},"inLanguage":"de","potentialAction":[{"@type":"ReadAction","target":["https:\/\/greenlinqdata.nl\/de\/anmelden\/"]}]},{"@type":"BreadcrumbList","@id":"https:\/\/greenlinqdata.nl\/de\/anmelden\/#breadcrumb","itemListElement":[{"@type":"ListItem","position":1,"name":"Home","item":"https:\/\/greenlinqdata.nl\/de\/"},{"@type":"ListItem","position":2,"name":"Anmelden"}]},{"@type":"WebSite","@id":"https:\/\/greenlinqdata.nl\/de\/#website","url":"https:\/\/greenlinqdata.nl\/de\/","name":"GreenlinQdata","description":"","publisher":{"@id":"https:\/\/greenlinqdata.nl\/de\/#organization"},"potentialAction":[{"@type":"SearchAction","target":{"@type":"EntryPoint","urlTemplate":"https:\/\/greenlinqdata.nl\/de\/?s={search_term_string}"},"query-input":{"@type":"PropertyValueSpecification","valueRequired":true,"valueName":"search_term_string"}}],"inLanguage":"de"},{"@type":"Organization","@id":"https:\/\/greenlinqdata.nl\/de\/#organization","name":"GreenlinQdata","url":"https:\/\/greenlinqdata.nl\/de\/","logo":{"@type":"ImageObject","inLanguage":"de","@id":"https:\/\/greenlinqdata.nl\/de\/#\/schema\/logo\/image\/","url":"https:\/\/greenlinqdata.nl\/wp-content\/uploads\/2020\/10\/logo.png","contentUrl":"https:\/\/greenlinqdata.nl\/wp-content\/uploads\/2020\/10\/logo.png","width":679,"height":100,"caption":"GreenlinQdata"},"image":{"@id":"https:\/\/greenlinqdata.nl\/de\/#\/schema\/logo\/image\/"}}]}},"_links":{"self":[{"href":"https:\/\/greenlinqdata.nl\/de\/wp-json\/wp\/v2\/pages\/1147","targetHints":{"allow":["GET"]}}],"collection":[{"href":"https:\/\/greenlinqdata.nl\/de\/wp-json\/wp\/v2\/pages"}],"about":[{"href":"https:\/\/greenlinqdata.nl\/de\/wp-json\/wp\/v2\/types\/page"}],"author":[{"embeddable":true,"href":"https:\/\/greenlinqdata.nl\/de\/wp-json\/wp\/v2\/users\/11"}],"replies":[{"embeddable":true,"href":"https:\/\/greenlinqdata.nl\/de\/wp-json\/wp\/v2\/comments?post=1147"}],"version-history":[{"count":10,"href":"https:\/\/greenlinqdata.nl\/de\/wp-json\/wp\/v2\/pages\/1147\/revisions"}],"predecessor-version":[{"id":2095,"href":"https:\/\/greenlinqdata.nl\/de\/wp-json\/wp\/v2\/pages\/1147\/revisions\/2095"}],"wp:attachment":[{"href":"https:\/\/greenlinqdata.nl\/de\/wp-json\/wp\/v2\/media?parent=1147"}],"curies":[{"name":"wp","href":"https:\/\/api.w.org\/{rel}","templated":true}]}}