{"id":1338,"date":"2020-12-22T11:25:58","date_gmt":"2020-12-22T11:25:58","guid":{"rendered":"https:\/\/greenlinqdata.nl\/startseite\/"},"modified":"2020-12-22T11:25:59","modified_gmt":"2020-12-22T11:25:59","slug":"startseite","status":"publish","type":"page","link":"https:\/\/greenlinqdata.nl\/de\/","title":{"rendered":"Startseite"},"content":{"rendered":"<p>[et_pb_section fb_built=&#8220;1&#8243; fullwidth=&#8220;on&#8220; _builder_version=&#8220;3.26&#8243;][et_pb_fullwidth_slider show_arrows=&#8220;off&#8220; show_pagination=&#8220;off&#8220; use_bg_overlay=&#8220;off&#8220; _builder_version=&#8220;3.26&#8243; max_height=&#8220;1000px&#8220; custom_margin=&#8220;||-8px||false|false&#8220; custom_padding=&#8220;192px||189px|||&#8220;][et_pb_slide heading=&#8220;Schnelle und einfache Registrierung&#8220; _builder_version=&#8220;3.26&#8243; background_image=&#8220;https:\/\/greenlinqdata.nl\/wp-content\/uploads\/2020\/10\/greenlinqdata-web-shutterstock_211683202.jpg&#8220; background_enable_image=&#8220;on&#8220; sticky_transition=&#8220;on&#8220;][\/et_pb_slide][et_pb_slide heading=&#8220;Vorbereitung audit GlobalGAP&#8220; _builder_version=&#8220;3.26&#8243; sticky_transition=&#8220;on&#8220;][\/et_pb_slide][et_pb_slide heading=&#8220; Daten mit dem Kunden teilen&#8220; _builder_version=&#8220;3.26&#8243; background_image=&#8220;https:\/\/greenlinqdata.nl\/wp-content\/uploads\/2020\/10\/greenlinqdata-web-shutterstock_456567796.jpg&#8220; background_enable_image=&#8220;on&#8220; sticky_transition=&#8220;on&#8220;]<\/p>\n<p>.<\/p>\n<p>[\/et_pb_slide][et_pb_slide heading=&#8220; Registrierung des Substanzgebrauchs&#8220; _builder_version=&#8220;3.26&#8243; background_image=&#8220;https:\/\/greenlinqdata.nl\/wp-content\/uploads\/2020\/10\/greenlinqdata-web-shutterstock_211683202.jpg&#8220; background_enable_image=&#8220;on&#8220; sticky_transition=&#8220;on&#8220;][\/et_pb_slide][et_pb_slide heading=&#8220; Spr\u00fchlizenz erneuern&#8220; _builder_version=&#8220;3.26&#8243; background_image=&#8220;https:\/\/greenlinqdata.nl\/wp-content\/uploads\/2020\/10\/greenlinqdata-web-istock_62221658_large.jpg&#8220; background_enable_image=&#8220;on&#8220; sticky_transition=&#8220;on&#8220;][\/et_pb_slide][et_pb_slide heading=&#8220; Registrierung mit Ihrem mobiltelefon&#8220; _builder_version=&#8220;3.26&#8243; background_image=&#8220;https:\/\/greenlinqdata.nl\/wp-content\/uploads\/2020\/10\/greenlinqdata_shutterstock_521456005.jpg&#8220; background_enable_image=&#8220;on&#8220; sticky_transition=&#8220;on&#8220;][\/et_pb_slide][\/et_pb_fullwidth_slider][\/et_pb_section][et_pb_section fb_built=&#8220;1&#8243; _builder_version=&#8220;4.6.5&#8243; background_color=&#8220;rgba(0,0,0,0)&#8220; custom_margin=&#8220;||||false|false&#8220;][et_pb_row column_structure=&#8220;2_3,1_3&#8243; use_custom_gutter=&#8220;on&#8220; gutter_width=&#8220;2&#8243; make_equal=&#8220;on&#8220; _builder_version=&#8220;3.26&#8243; custom_margin=&#8220;-139px||||false|false&#8220; custom_padding=&#8220;|0px|0px||false|false&#8220;][et_pb_column type=&#8220;2_3&#8243; _builder_version=&#8220;3.26&#8243; background_color=&#8220;#ffffff&#8220; custom_padding=&#8220;20px|20px|20px|20px|true|true&#8220; border_radii=&#8220;on|20px|20px|20px|20px&#8220;][et_pb_image src=&#8220;https:\/\/greenlinqdata.nl\/wp-content\/uploads\/2020\/10\/gq-data-300&#215;90.png&#8220; alt=&#8220;GQ-data&#8220; title_text=&#8220;GQ-data&#8220; _builder_version=&#8220;4.6.6&#8243; _module_preset=&#8220;default&#8220;][\/et_pb_image][et_pb_text _builder_version=&#8220;4.6.6&#8243; custom_margin=&#8220;24px||15px|15px|false|false&#8220; hover_enabled=&#8220;0&#8243; sticky_enabled=&#8220;0&#8243;]<\/p>\n<p>M\u00f6chten auch Sie Zeit und Geld sparen?<\/p>\n<p>Mit dem GreenlinQdata-Registrierungstool k\u00f6nnen Sie sich schnell und einfach registrieren. \u00dcberall und jederzeit. Sie k\u00f6nnen die Daten Ihrer Kulturen und Ressourcen mit einem Tastendruck sicher mit anderen teilen, z.B. f\u00fcr Tracking &amp; Tracing oder Audit-Unterst\u00fctzung.<\/p>\n<p>Verschiedene Module funktionieren einfach und schnell, sodass Sie nicht so viel Zeit f\u00fcr die Registrierung aufwenden m\u00fcssen, sondern das tun k\u00f6nnen, was Sie am besten k\u00f6nnen: Gesch\u00e4fte machen. Wenn Sie Fragen haben, stehen wir Ihnen mit einem dienstleistungsorientierten Team von Spezialisten zur Verf\u00fcgung.<\/p>\n<p>Testen Sie jetzt das kostenlose Pflanzenschutzmodul.<\/p>\n<p>[\/et_pb_text][et_pb_button button_url=&#8220;https:\/\/portal.greenlinqdata.nl\/GQ_Account_EUM\/CreateGQAccount.aspx&#8220; url_new_window=&#8220;on&#8220; button_text=&#8220;Melden Sie sich direkt an&#8220; button_alignment=&#8220;center&#8220; _builder_version=&#8220;4.6.5&#8243; custom_button=&#8220;on&#8220; button_text_size=&#8220;14px&#8220; button_border_width=&#8220;2px&#8220; button_border_radius=&#8220;21px&#8220;][\/et_pb_button][et_pb_text _builder_version=&#8220;4.6.5&#8243; _module_preset=&#8220;default&#8220; link_option_url=&#8220;https:\/\/greenlinqdata.nl\/de\/produkte\/gq-data-teeltregistratie\/&#8220;]<\/p>\n<p><a href=\"https:\/\/greenlinqdata.nl\/de\/produkte\/gq-data-teeltregistratie\/\">Ich m\u00f6chte zuerst gerne mehr erfahren<\/a><\/p>\n<p>[\/et_pb_text][\/et_pb_column][et_pb_column type=&#8220;1_3&#8243; _builder_version=&#8220;3.26&#8243; background_color=&#8220;#ffffff&#8220; custom_padding=&#8220;20px|20px|20px|20px|true|true&#8220; border_radii=&#8220;on|20px|20px|20px|20px&#8220;][et_pb_image src=&#8220;https:\/\/greenlinqdata.nl\/wp-content\/uploads\/2020\/11\/GLOBALGAP_mini.png&#8220; title_text=&#8220;GLOBALGAP_mini&#8220; align=&#8220;center&#8220; _builder_version=&#8220;4.6.6&#8243; _module_preset=&#8220;default&#8220;][\/et_pb_image][et_pb_text _builder_version=&#8220;4.6.6&#8243; custom_margin=&#8220;25px||15px|3px|false|false&#8220; custom_padding=&#8220;||||false|false&#8220;]<\/p>\n<p>Umweltregistrierung Zierpflanzenzucht<\/p>\n<p>Sind Sie ein Zierpflanzenz\u00fcchter und arbeiten Sie f\u00fcr Royal FloraHolland? Registrieren Sie sich hier f\u00fcr das GLOBALG.A.P.-Umweltzertifikat.<\/p>\n<p>[\/et_pb_text][et_pb_button button_url=&#8220;https:\/\/greenlinqdata.nl\/de\/produkte\/umweltzertifikat-fuer-zierpflanzenzucht\/&#8220; button_text=&#8220;Mehr \u00fcber das Zertifikat&#8220; button_alignment=&#8220;center&#8220; _builder_version=&#8220;4.6.5&#8243; custom_button=&#8220;on&#8220; button_text_size=&#8220;14px&#8220; button_border_width=&#8220;2px&#8220; button_border_radius=&#8220;21px&#8220;][\/et_pb_button][\/et_pb_column][\/et_pb_row][\/et_pb_section][et_pb_section fb_built=&#8220;1&#8243; _builder_version=&#8220;4.6.5&#8243; _module_preset=&#8220;default&#8220; background_image=&#8220;https:\/\/greenlinqdata.nl\/wp-content\/uploads\/2020\/10\/Tulpen_GreenlinQdata.jpg&#8220; height=&#8220;350px&#8220; custom_margin=&#8220;30px||||false|false&#8220; custom_padding=&#8220;||||false|false&#8220;][et_pb_row _builder_version=&#8220;4.6.5&#8243; _module_preset=&#8220;default&#8220; height=&#8220;350px&#8220;][et_pb_column type=&#8220;4_4&#8243; _builder_version=&#8220;4.6.5&#8243; _module_preset=&#8220;default&#8220;][et_pb_cta title=&#8220;Zug\u00e4ngliche Daten f\u00fcr die gesamte Kette&#8220; button_url=&#8220;https:\/\/greenlinqdata.nl\/de\/produkte\/gq-insight\/&#8220; button_text=&#8220;Weiterlesen&#8220; _builder_version=&#8220;4.6.5&#8243; _module_preset=&#8220;default&#8220; background_color=&#8220;rgba(133,198,78,0.88)&#8220; custom_button=&#8220;on&#8220; button_text_size=&#8220;14px&#8220; button_bg_color=&#8220;rgba(0,0,0,0)&#8220; button_border_radius=&#8220;21px&#8220; button_font=&#8220;||||on||||&#8220; custom_margin=&#8220;30px||||false|false&#8220; border_radii=&#8220;on|11px|11px|11px|11px&#8220;]<\/p>\n<p>Wir helfen den Erzeugern im Gartenbausektor bei der Registrierung und Meldung aller Informationen im Zusammenhang mit dem Anbau.<\/p>\n<p>Und wir sorgen f\u00fcr den Austausch dieser Informationen mit Erzeugerorganisationen und Handelsh\u00e4usern.<\/p>\n<p>Zu diesem Zweck wurde eine sichere und schnelle Plattform f\u00fcr die Verkaufsorganisation entwickelt.<\/p>\n<p>[\/et_pb_cta][\/et_pb_column][\/et_pb_row][\/et_pb_section][et_pb_section fb_built=&#8220;1&#8243; _builder_version=&#8220;4.6.5&#8243; _module_preset=&#8220;default&#8220; background_color=&#8220;rgba(100,143,200,0.76)&#8220; background_enable_image=&#8220;off&#8220; height=&#8220;350px&#8220; custom_margin=&#8220;30px||||false|false&#8220; custom_padding=&#8220;||||false|false&#8220;][et_pb_row _builder_version=&#8220;4.6.5&#8243; _module_preset=&#8220;default&#8220; background_enable_color=&#8220;off&#8220; height=&#8220;350px&#8220;][et_pb_column type=&#8220;4_4&#8243; _builder_version=&#8220;4.6.5&#8243; _module_preset=&#8220;default&#8220;][et_pb_cta title=&#8220;Team von Spezialisten&#8220; button_url=&#8220;https:\/\/greenlinqdata.nl\/de\/ueber-uns\/&#8220; button_text=&#8220;Mehr \u00fcber unseren Hintergrund&#8220; _builder_version=&#8220;4.6.5&#8243; _module_preset=&#8220;default&#8220; header_font=&#8220;||||||||&#8220; header_text_color=&#8220;#2b2b2b&#8220; background_color=&#8220;rgba(100,143,200,0.39)&#8220; custom_button=&#8220;on&#8220; button_text_size=&#8220;14px&#8220; button_text_color=&#8220;#000000&#8243; button_bg_color=&#8220;rgba(0,0,0,0)&#8220; button_border_radius=&#8220;21px&#8220; button_font=&#8220;||||on||||&#8220; background_layout=&#8220;light&#8220; custom_margin=&#8220;30px||||false|false&#8220; border_radii=&#8220;on|11px|11px|11px|11px&#8220;]<\/p>\n<p>Unsere Anwendungen werden von technischen Spezialisten erstellt, die \u00fcber umfassende Kenntnisse des Gartenbausektors verf\u00fcgen. Und wenn Sie Unterst\u00fctzung bei der Registrierung ben\u00f6tigen, steht Ihnen ein Expertenteam zur Seite. Wenn Sie Fragen haben, k\u00f6nnen Sie gerne mit uns Kontakt aufnehmen.<\/p>\n<p>[\/et_pb_cta][\/et_pb_column][\/et_pb_row][\/et_pb_section][et_pb_section fb_built=&#8220;1&#8243; _builder_version=&#8220;4.6.5&#8243; custom_margin=&#8220;42px|||||&#8220; custom_padding=&#8220;39px|||||&#8220;][et_pb_row _builder_version=&#8220;4.6.5&#8243; custom_margin=&#8220;-70px||||false|false&#8220;][et_pb_column type=&#8220;4_4&#8243; _builder_version=&#8220;3.26&#8243;]<\/p>\n<p>[et_pb_blog fullwidth=&#8220;off&#8220; posts_number=&#8220;3&#8243; include_categories=&#8220;all&#8220; meta_date=&#8220;d M Y&#8220; show_more=&#8220;on&#8220; show_author=&#8220;off&#8220; show_date=&#8220;off&#8220; show_categories=&#8220;off&#8220; show_pagination=&#8220;off&#8220; use_overlay=&#8220;on&#8220; _builder_version=&#8220;4.6.5&#8243; read_more_font=&#8220;||||||||&#8220; read_more_text_color=&#8220;#ffffff&#8220; read_more_line_height=&#8220;2.5em&#8220; custom_margin=&#8220;0px||||false|false&#8220; custom_padding=&#8220;||||false|false&#8220; border_width_all=&#8220;0px&#8220; border_radii_image=&#8220;on|30px|30px|30px|30px&#8220;][\/et_pb_blog]<\/p>\n<p>[\/et_pb_column][\/et_pb_row][\/et_pb_section][et_pb_section fb_built=&#8220;1&#8243; _builder_version=&#8220;3.26&#8243;][et_pb_row _builder_version=&#8220;4.6.5&#8243; _module_preset=&#8220;default&#8220;][et_pb_column type=&#8220;4_4&#8243; _builder_version=&#8220;4.6.5&#8243; _module_preset=&#8220;default&#8220;][et_pb_cta title=&#8220;Lesen Sie unseren Newsletter&#8220; button_url=&#8220;http:\/\/eepurl.com\/dC2Kcz&#8220; button_text=&#8220;Anmelden&#8220; _builder_version=&#8220;4.6.5&#8243; header_level=&#8220;h3&#8243; header_text_color=&#8220;#000000&#8243; background_color=&#8220;#dbdbdb&#8220; custom_button=&#8220;on&#8220; button_text_size=&#8220;14px&#8220; button_border_width=&#8220;2px&#8220; button_border_radius=&#8220;21px&#8220; background_layout=&#8220;light&#8220; min_height=&#8220;185px&#8220; custom_margin=&#8220;-30px||||false|false&#8220; custom_padding=&#8220;||0px|||&#8220; border_radii=&#8220;on|10px|10px|10px|10px&#8220;]<\/p>\n<p>Wenn Sie \u00fcber neue Entwicklungen informiert werden m\u00f6chten, melden Sie sich bitte f\u00fcr unseren Newsletter an.<\/p>\n<p>[\/et_pb_cta][\/et_pb_column][\/et_pb_row][\/et_pb_section]<\/p>\n","protected":false},"excerpt":{"rendered":"<p>.M\u00f6chten auch Sie Zeit und Geld sparen? Mit dem GreenlinQdata-Registrierungstool k\u00f6nnen Sie sich schnell und einfach registrieren. \u00dcberall und jederzeit. Sie k\u00f6nnen die Daten Ihrer Kulturen und Ressourcen mit einem Tastendruck sicher mit anderen teilen, z.B. f\u00fcr Tracking &amp; Tracing oder Audit-Unterst\u00fctzung. Verschiedene Module funktionieren einfach und schnell, sodass Sie nicht so viel Zeit f\u00fcr [&hellip;]<\/p>\n","protected":false},"author":11,"featured_media":0,"parent":0,"menu_order":0,"comment_status":"closed","ping_status":"closed","template":"","meta":{"_et_pb_use_builder":"on","_et_pb_old_content":"","_et_gb_content_width":"","footnotes":""},"class_list":["post-1338","page","type-page","status-publish","hentry"],"yoast_head":"<!-- This site is optimized with the Yoast SEO plugin v27.4 - https:\/\/yoast.com\/product\/yoast-seo-wordpress\/ -->\n<title>Startseite - GreenlinQdata<\/title>\n<meta name=\"description\" content=\"Software voor telers en afzetorganisatie voor het registreren van gewasbeschermingsmiddelen, meststoffen, biologie, water en energi. U maakt uitgebreide rapportages en houdt makkelijk uw voorraad bij. Siertelers kunnen met deze applicatie hun milieuregistratie doen voor GLOBAL G.A.P.\" \/>\n<meta name=\"robots\" content=\"index, follow, max-snippet:-1, max-image-preview:large, max-video-preview:-1\" \/>\n<link rel=\"canonical\" href=\"https:\/\/greenlinqdata.nl\/de\/\" \/>\n<meta property=\"og:locale\" content=\"de_DE\" \/>\n<meta property=\"og:type\" content=\"article\" \/>\n<meta property=\"og:title\" content=\"Startseite - GreenlinQdata\" \/>\n<meta property=\"og:description\" content=\"Software voor telers en afzetorganisatie voor het registreren van gewasbeschermingsmiddelen, meststoffen, biologie, water en energi. U maakt uitgebreide rapportages en houdt makkelijk uw voorraad bij. Siertelers kunnen met deze applicatie hun milieuregistratie doen voor GLOBAL G.A.P.\" \/>\n<meta property=\"og:url\" content=\"https:\/\/greenlinqdata.nl\/de\/\" \/>\n<meta property=\"og:site_name\" content=\"GreenlinQdata\" \/>\n<meta property=\"article:modified_time\" content=\"2020-12-22T11:25:59+00:00\" \/>\n<meta name=\"twitter:card\" content=\"summary_large_image\" \/>\n<meta name=\"twitter:label1\" content=\"Gesch\u00e4tzte Lesezeit\" \/>\n\t<meta name=\"twitter:data1\" content=\"6\u00a0Minuten\" \/>\n<script type=\"application\/ld+json\" class=\"yoast-schema-graph\">{\"@context\":\"https:\\\/\\\/schema.org\",\"@graph\":[{\"@type\":\"WebPage\",\"@id\":\"https:\\\/\\\/greenlinqdata.nl\\\/de\\\/\",\"url\":\"https:\\\/\\\/greenlinqdata.nl\\\/de\\\/\",\"name\":\"Startseite - GreenlinQdata\",\"isPartOf\":{\"@id\":\"https:\\\/\\\/greenlinqdata.nl\\\/de\\\/#website\"},\"datePublished\":\"2020-12-22T11:25:58+00:00\",\"dateModified\":\"2020-12-22T11:25:59+00:00\",\"description\":\"Software voor telers en afzetorganisatie voor het registreren van gewasbeschermingsmiddelen, meststoffen, biologie, water en energi. U maakt uitgebreide rapportages en houdt makkelijk uw voorraad bij. Siertelers kunnen met deze applicatie hun milieuregistratie doen voor GLOBAL G.A.P.\",\"breadcrumb\":{\"@id\":\"https:\\\/\\\/greenlinqdata.nl\\\/de\\\/#breadcrumb\"},\"inLanguage\":\"de\",\"potentialAction\":[{\"@type\":\"ReadAction\",\"target\":[\"https:\\\/\\\/greenlinqdata.nl\\\/de\\\/\"]}]},{\"@type\":\"BreadcrumbList\",\"@id\":\"https:\\\/\\\/greenlinqdata.nl\\\/de\\\/#breadcrumb\",\"itemListElement\":[{\"@type\":\"ListItem\",\"position\":1,\"name\":\"Home\",\"item\":\"https:\\\/\\\/greenlinqdata.nl\\\/de\\\/\"},{\"@type\":\"ListItem\",\"position\":2,\"name\":\"Startseite\"}]},{\"@type\":\"WebSite\",\"@id\":\"https:\\\/\\\/greenlinqdata.nl\\\/de\\\/#website\",\"url\":\"https:\\\/\\\/greenlinqdata.nl\\\/de\\\/\",\"name\":\"GreenlinQdata\",\"description\":\"\",\"publisher\":{\"@id\":\"https:\\\/\\\/greenlinqdata.nl\\\/de\\\/#organization\"},\"potentialAction\":[{\"@type\":\"SearchAction\",\"target\":{\"@type\":\"EntryPoint\",\"urlTemplate\":\"https:\\\/\\\/greenlinqdata.nl\\\/de\\\/?s={search_term_string}\"},\"query-input\":{\"@type\":\"PropertyValueSpecification\",\"valueRequired\":true,\"valueName\":\"search_term_string\"}}],\"inLanguage\":\"de\"},{\"@type\":\"Organization\",\"@id\":\"https:\\\/\\\/greenlinqdata.nl\\\/de\\\/#organization\",\"name\":\"GreenlinQdata\",\"url\":\"https:\\\/\\\/greenlinqdata.nl\\\/de\\\/\",\"logo\":{\"@type\":\"ImageObject\",\"inLanguage\":\"de\",\"@id\":\"https:\\\/\\\/greenlinqdata.nl\\\/de\\\/#\\\/schema\\\/logo\\\/image\\\/\",\"url\":\"https:\\\/\\\/greenlinqdata.nl\\\/wp-content\\\/uploads\\\/2020\\\/10\\\/logo.png\",\"contentUrl\":\"https:\\\/\\\/greenlinqdata.nl\\\/wp-content\\\/uploads\\\/2020\\\/10\\\/logo.png\",\"width\":679,\"height\":100,\"caption\":\"GreenlinQdata\"},\"image\":{\"@id\":\"https:\\\/\\\/greenlinqdata.nl\\\/de\\\/#\\\/schema\\\/logo\\\/image\\\/\"}}]}<\/script>\n<!-- \/ Yoast SEO plugin. -->","yoast_head_json":{"title":"Startseite - GreenlinQdata","description":"Software voor telers en afzetorganisatie voor het registreren van gewasbeschermingsmiddelen, meststoffen, biologie, water en energi. U maakt uitgebreide rapportages en houdt makkelijk uw voorraad bij. Siertelers kunnen met deze applicatie hun milieuregistratie doen voor GLOBAL G.A.P.","robots":{"index":"index","follow":"follow","max-snippet":"max-snippet:-1","max-image-preview":"max-image-preview:large","max-video-preview":"max-video-preview:-1"},"canonical":"https:\/\/greenlinqdata.nl\/de\/","og_locale":"de_DE","og_type":"article","og_title":"Startseite - GreenlinQdata","og_description":"Software voor telers en afzetorganisatie voor het registreren van gewasbeschermingsmiddelen, meststoffen, biologie, water en energi. U maakt uitgebreide rapportages en houdt makkelijk uw voorraad bij. Siertelers kunnen met deze applicatie hun milieuregistratie doen voor GLOBAL G.A.P.","og_url":"https:\/\/greenlinqdata.nl\/de\/","og_site_name":"GreenlinQdata","article_modified_time":"2020-12-22T11:25:59+00:00","twitter_card":"summary_large_image","twitter_misc":{"Gesch\u00e4tzte Lesezeit":"6\u00a0Minuten"},"schema":{"@context":"https:\/\/schema.org","@graph":[{"@type":"WebPage","@id":"https:\/\/greenlinqdata.nl\/de\/","url":"https:\/\/greenlinqdata.nl\/de\/","name":"Startseite - GreenlinQdata","isPartOf":{"@id":"https:\/\/greenlinqdata.nl\/de\/#website"},"datePublished":"2020-12-22T11:25:58+00:00","dateModified":"2020-12-22T11:25:59+00:00","description":"Software voor telers en afzetorganisatie voor het registreren van gewasbeschermingsmiddelen, meststoffen, biologie, water en energi. U maakt uitgebreide rapportages en houdt makkelijk uw voorraad bij. Siertelers kunnen met deze applicatie hun milieuregistratie doen voor GLOBAL G.A.P.","breadcrumb":{"@id":"https:\/\/greenlinqdata.nl\/de\/#breadcrumb"},"inLanguage":"de","potentialAction":[{"@type":"ReadAction","target":["https:\/\/greenlinqdata.nl\/de\/"]}]},{"@type":"BreadcrumbList","@id":"https:\/\/greenlinqdata.nl\/de\/#breadcrumb","itemListElement":[{"@type":"ListItem","position":1,"name":"Home","item":"https:\/\/greenlinqdata.nl\/de\/"},{"@type":"ListItem","position":2,"name":"Startseite"}]},{"@type":"WebSite","@id":"https:\/\/greenlinqdata.nl\/de\/#website","url":"https:\/\/greenlinqdata.nl\/de\/","name":"GreenlinQdata","description":"","publisher":{"@id":"https:\/\/greenlinqdata.nl\/de\/#organization"},"potentialAction":[{"@type":"SearchAction","target":{"@type":"EntryPoint","urlTemplate":"https:\/\/greenlinqdata.nl\/de\/?s={search_term_string}"},"query-input":{"@type":"PropertyValueSpecification","valueRequired":true,"valueName":"search_term_string"}}],"inLanguage":"de"},{"@type":"Organization","@id":"https:\/\/greenlinqdata.nl\/de\/#organization","name":"GreenlinQdata","url":"https:\/\/greenlinqdata.nl\/de\/","logo":{"@type":"ImageObject","inLanguage":"de","@id":"https:\/\/greenlinqdata.nl\/de\/#\/schema\/logo\/image\/","url":"https:\/\/greenlinqdata.nl\/wp-content\/uploads\/2020\/10\/logo.png","contentUrl":"https:\/\/greenlinqdata.nl\/wp-content\/uploads\/2020\/10\/logo.png","width":679,"height":100,"caption":"GreenlinQdata"},"image":{"@id":"https:\/\/greenlinqdata.nl\/de\/#\/schema\/logo\/image\/"}}]}},"_links":{"self":[{"href":"https:\/\/greenlinqdata.nl\/de\/wp-json\/wp\/v2\/pages\/1338","targetHints":{"allow":["GET"]}}],"collection":[{"href":"https:\/\/greenlinqdata.nl\/de\/wp-json\/wp\/v2\/pages"}],"about":[{"href":"https:\/\/greenlinqdata.nl\/de\/wp-json\/wp\/v2\/types\/page"}],"author":[{"embeddable":true,"href":"https:\/\/greenlinqdata.nl\/de\/wp-json\/wp\/v2\/users\/11"}],"replies":[{"embeddable":true,"href":"https:\/\/greenlinqdata.nl\/de\/wp-json\/wp\/v2\/comments?post=1338"}],"version-history":[{"count":2,"href":"https:\/\/greenlinqdata.nl\/de\/wp-json\/wp\/v2\/pages\/1338\/revisions"}],"predecessor-version":[{"id":1340,"href":"https:\/\/greenlinqdata.nl\/de\/wp-json\/wp\/v2\/pages\/1338\/revisions\/1340"}],"wp:attachment":[{"href":"https:\/\/greenlinqdata.nl\/de\/wp-json\/wp\/v2\/media?parent=1338"}],"curies":[{"name":"wp","href":"https:\/\/api.w.org\/{rel}","templated":true}]}}