{"id":1156,"date":"2020-12-21T10:00:44","date_gmt":"2020-12-21T10:00:44","guid":{"rendered":"https:\/\/greenlinqdata.nl\/politica-de-cookies\/"},"modified":"2020-12-21T10:00:44","modified_gmt":"2020-12-21T10:00:44","slug":"politica-de-cookies","status":"publish","type":"page","link":"https:\/\/greenlinqdata.nl\/es\/politica-de-cookies\/","title":{"rendered":"Pol\u00edtica de cookies"},"content":{"rendered":"\n<h5 class=\"wp-block-heading\">\u00bfQu\u00e9 son las cookies?<\/h5>\n\n<p>Una cookie es un archivo de texto que se coloca en su ordenador o dispositivo m\u00f3vil cuando visita una p\u00e1gina web. Las cookies no pueden da\u00f1ar su ordenador o los archivos que se encuentren en su ordenador. Las cookies no identifican personas, solo ordenadores. <\/p>\n\n<h5 class=\"wp-block-heading\">\u00bfC\u00f3mo utilizamos las cookies?<\/h5>\n\n<p>Si acepta las cookies, los datos sobre el uso de nuestro sitio web se conservar\u00e1n durante su visita. Utilizamos esta informaci\u00f3n para realizar un seguimiento de c\u00f3mo utiliza el sitio web y para compilar informes sobre la actividad del sitio web. Los datos se pueden utilizar para mejorar nuestro sitio web.<\/p>\n\n<h5 class=\"wp-block-heading\">Google Analytics y Privacidad<\/h5>\n\n<p>Google Analytics se utiliza para poder compilar an\u00e1lisis e informes completos del sitio web. Hemos establecido nuestro Google Analytics teniendo en cuenta su privacidad.\u00a0Su direcci\u00f3n IP se refleja de forma anonimizada y no compartimos ning\u00fan dato con Google.<\/p>\n","protected":false},"excerpt":{"rendered":"<p>\u00bfQu\u00e9 son las cookies? Una cookie es un archivo de texto que se coloca en su ordenador o dispositivo m\u00f3vil cuando visita una p\u00e1gina web. Las cookies no pueden da\u00f1ar su ordenador o los archivos que se encuentren en su ordenador. Las cookies no identifican personas, solo ordenadores. \u00bfC\u00f3mo utilizamos las cookies? Si acepta las [&hellip;]<\/p>\n","protected":false},"author":11,"featured_media":0,"parent":0,"menu_order":0,"comment_status":"closed","ping_status":"closed","template":"","meta":{"_et_pb_use_builder":"","_et_pb_old_content":"","_et_gb_content_width":"","footnotes":""},"class_list":["post-1156","page","type-page","status-publish","hentry"],"yoast_head":"<!-- This site is optimized with the Yoast SEO plugin v27.5 - https:\/\/yoast.com\/product\/yoast-seo-wordpress\/ -->\n<title>Pol\u00edtica de cookies - GreenlinQdata<\/title>\n<meta name=\"description\" content=\"Software voor telers en afzetorganisatie voor het registreren van gewasbeschermingsmiddelen, meststoffen, biologie, water en energi. U maakt uitgebreide rapportages en houdt makkelijk uw voorraad bij. Siertelers kunnen met deze applicatie hun milieuregistratie doen voor GLOBAL G.A.P.\" \/>\n<meta name=\"robots\" content=\"index, follow, max-snippet:-1, max-image-preview:large, max-video-preview:-1\" \/>\n<link rel=\"canonical\" href=\"https:\/\/greenlinqdata.nl\/es\/politica-de-cookies\/\" \/>\n<meta property=\"og:locale\" content=\"es_ES\" \/>\n<meta property=\"og:type\" content=\"article\" \/>\n<meta property=\"og:title\" content=\"Pol\u00edtica de cookies - GreenlinQdata\" \/>\n<meta property=\"og:description\" content=\"Software voor telers en afzetorganisatie voor het registreren van gewasbeschermingsmiddelen, meststoffen, biologie, water en energi. U maakt uitgebreide rapportages en houdt makkelijk uw voorraad bij. Siertelers kunnen met deze applicatie hun milieuregistratie doen voor GLOBAL G.A.P.\" \/>\n<meta property=\"og:url\" content=\"https:\/\/greenlinqdata.nl\/es\/politica-de-cookies\/\" \/>\n<meta property=\"og:site_name\" content=\"GreenlinQdata\" \/>\n<meta name=\"twitter:card\" content=\"summary_large_image\" \/>\n<meta name=\"twitter:label1\" content=\"Tiempo de lectura\" \/>\n\t<meta name=\"twitter:data1\" content=\"1 minuto\" \/>\n<script type=\"application\/ld+json\" class=\"yoast-schema-graph\">{\"@context\":\"https:\\\/\\\/schema.org\",\"@graph\":[{\"@type\":\"WebPage\",\"@id\":\"https:\\\/\\\/greenlinqdata.nl\\\/es\\\/politica-de-cookies\\\/\",\"url\":\"https:\\\/\\\/greenlinqdata.nl\\\/es\\\/politica-de-cookies\\\/\",\"name\":\"Pol\u00edtica de cookies - GreenlinQdata\",\"isPartOf\":{\"@id\":\"https:\\\/\\\/greenlinqdata.nl\\\/es\\\/#website\"},\"datePublished\":\"2020-12-21T10:00:44+00:00\",\"description\":\"Software voor telers en afzetorganisatie voor het registreren van gewasbeschermingsmiddelen, meststoffen, biologie, water en energi. U maakt uitgebreide rapportages en houdt makkelijk uw voorraad bij. Siertelers kunnen met deze applicatie hun milieuregistratie doen voor GLOBAL G.A.P.\",\"breadcrumb\":{\"@id\":\"https:\\\/\\\/greenlinqdata.nl\\\/es\\\/politica-de-cookies\\\/#breadcrumb\"},\"inLanguage\":\"es\",\"potentialAction\":[{\"@type\":\"ReadAction\",\"target\":[\"https:\\\/\\\/greenlinqdata.nl\\\/es\\\/politica-de-cookies\\\/\"]}]},{\"@type\":\"BreadcrumbList\",\"@id\":\"https:\\\/\\\/greenlinqdata.nl\\\/es\\\/politica-de-cookies\\\/#breadcrumb\",\"itemListElement\":[{\"@type\":\"ListItem\",\"position\":1,\"name\":\"Home\",\"item\":\"https:\\\/\\\/greenlinqdata.nl\\\/es\\\/\"},{\"@type\":\"ListItem\",\"position\":2,\"name\":\"Pol\u00edtica de cookies\"}]},{\"@type\":\"WebSite\",\"@id\":\"https:\\\/\\\/greenlinqdata.nl\\\/es\\\/#website\",\"url\":\"https:\\\/\\\/greenlinqdata.nl\\\/es\\\/\",\"name\":\"GreenlinQdata\",\"description\":\"\",\"publisher\":{\"@id\":\"https:\\\/\\\/greenlinqdata.nl\\\/es\\\/#organization\"},\"potentialAction\":[{\"@type\":\"SearchAction\",\"target\":{\"@type\":\"EntryPoint\",\"urlTemplate\":\"https:\\\/\\\/greenlinqdata.nl\\\/es\\\/?s={search_term_string}\"},\"query-input\":{\"@type\":\"PropertyValueSpecification\",\"valueRequired\":true,\"valueName\":\"search_term_string\"}}],\"inLanguage\":\"es\"},{\"@type\":\"Organization\",\"@id\":\"https:\\\/\\\/greenlinqdata.nl\\\/es\\\/#organization\",\"name\":\"GreenlinQdata\",\"url\":\"https:\\\/\\\/greenlinqdata.nl\\\/es\\\/\",\"logo\":{\"@type\":\"ImageObject\",\"inLanguage\":\"es\",\"@id\":\"https:\\\/\\\/greenlinqdata.nl\\\/es\\\/#\\\/schema\\\/logo\\\/image\\\/\",\"url\":\"https:\\\/\\\/greenlinqdata.nl\\\/wp-content\\\/uploads\\\/2020\\\/10\\\/logo.png\",\"contentUrl\":\"https:\\\/\\\/greenlinqdata.nl\\\/wp-content\\\/uploads\\\/2020\\\/10\\\/logo.png\",\"width\":679,\"height\":100,\"caption\":\"GreenlinQdata\"},\"image\":{\"@id\":\"https:\\\/\\\/greenlinqdata.nl\\\/es\\\/#\\\/schema\\\/logo\\\/image\\\/\"}}]}<\/script>\n<!-- \/ Yoast SEO plugin. -->","yoast_head_json":{"title":"Pol\u00edtica de cookies - GreenlinQdata","description":"Software voor telers en afzetorganisatie voor het registreren van gewasbeschermingsmiddelen, meststoffen, biologie, water en energi. U maakt uitgebreide rapportages en houdt makkelijk uw voorraad bij. Siertelers kunnen met deze applicatie hun milieuregistratie doen voor GLOBAL G.A.P.","robots":{"index":"index","follow":"follow","max-snippet":"max-snippet:-1","max-image-preview":"max-image-preview:large","max-video-preview":"max-video-preview:-1"},"canonical":"https:\/\/greenlinqdata.nl\/es\/politica-de-cookies\/","og_locale":"es_ES","og_type":"article","og_title":"Pol\u00edtica de cookies - GreenlinQdata","og_description":"Software voor telers en afzetorganisatie voor het registreren van gewasbeschermingsmiddelen, meststoffen, biologie, water en energi. U maakt uitgebreide rapportages en houdt makkelijk uw voorraad bij. Siertelers kunnen met deze applicatie hun milieuregistratie doen voor GLOBAL G.A.P.","og_url":"https:\/\/greenlinqdata.nl\/es\/politica-de-cookies\/","og_site_name":"GreenlinQdata","twitter_card":"summary_large_image","twitter_misc":{"Tiempo de lectura":"1 minuto"},"schema":{"@context":"https:\/\/schema.org","@graph":[{"@type":"WebPage","@id":"https:\/\/greenlinqdata.nl\/es\/politica-de-cookies\/","url":"https:\/\/greenlinqdata.nl\/es\/politica-de-cookies\/","name":"Pol\u00edtica de cookies - GreenlinQdata","isPartOf":{"@id":"https:\/\/greenlinqdata.nl\/es\/#website"},"datePublished":"2020-12-21T10:00:44+00:00","description":"Software voor telers en afzetorganisatie voor het registreren van gewasbeschermingsmiddelen, meststoffen, biologie, water en energi. U maakt uitgebreide rapportages en houdt makkelijk uw voorraad bij. Siertelers kunnen met deze applicatie hun milieuregistratie doen voor GLOBAL G.A.P.","breadcrumb":{"@id":"https:\/\/greenlinqdata.nl\/es\/politica-de-cookies\/#breadcrumb"},"inLanguage":"es","potentialAction":[{"@type":"ReadAction","target":["https:\/\/greenlinqdata.nl\/es\/politica-de-cookies\/"]}]},{"@type":"BreadcrumbList","@id":"https:\/\/greenlinqdata.nl\/es\/politica-de-cookies\/#breadcrumb","itemListElement":[{"@type":"ListItem","position":1,"name":"Home","item":"https:\/\/greenlinqdata.nl\/es\/"},{"@type":"ListItem","position":2,"name":"Pol\u00edtica de cookies"}]},{"@type":"WebSite","@id":"https:\/\/greenlinqdata.nl\/es\/#website","url":"https:\/\/greenlinqdata.nl\/es\/","name":"GreenlinQdata","description":"","publisher":{"@id":"https:\/\/greenlinqdata.nl\/es\/#organization"},"potentialAction":[{"@type":"SearchAction","target":{"@type":"EntryPoint","urlTemplate":"https:\/\/greenlinqdata.nl\/es\/?s={search_term_string}"},"query-input":{"@type":"PropertyValueSpecification","valueRequired":true,"valueName":"search_term_string"}}],"inLanguage":"es"},{"@type":"Organization","@id":"https:\/\/greenlinqdata.nl\/es\/#organization","name":"GreenlinQdata","url":"https:\/\/greenlinqdata.nl\/es\/","logo":{"@type":"ImageObject","inLanguage":"es","@id":"https:\/\/greenlinqdata.nl\/es\/#\/schema\/logo\/image\/","url":"https:\/\/greenlinqdata.nl\/wp-content\/uploads\/2020\/10\/logo.png","contentUrl":"https:\/\/greenlinqdata.nl\/wp-content\/uploads\/2020\/10\/logo.png","width":679,"height":100,"caption":"GreenlinQdata"},"image":{"@id":"https:\/\/greenlinqdata.nl\/es\/#\/schema\/logo\/image\/"}}]}},"_links":{"self":[{"href":"https:\/\/greenlinqdata.nl\/es\/wp-json\/wp\/v2\/pages\/1156","targetHints":{"allow":["GET"]}}],"collection":[{"href":"https:\/\/greenlinqdata.nl\/es\/wp-json\/wp\/v2\/pages"}],"about":[{"href":"https:\/\/greenlinqdata.nl\/es\/wp-json\/wp\/v2\/types\/page"}],"author":[{"embeddable":true,"href":"https:\/\/greenlinqdata.nl\/es\/wp-json\/wp\/v2\/users\/11"}],"replies":[{"embeddable":true,"href":"https:\/\/greenlinqdata.nl\/es\/wp-json\/wp\/v2\/comments?post=1156"}],"version-history":[{"count":1,"href":"https:\/\/greenlinqdata.nl\/es\/wp-json\/wp\/v2\/pages\/1156\/revisions"}],"predecessor-version":[{"id":1157,"href":"https:\/\/greenlinqdata.nl\/es\/wp-json\/wp\/v2\/pages\/1156\/revisions\/1157"}],"wp:attachment":[{"href":"https:\/\/greenlinqdata.nl\/es\/wp-json\/wp\/v2\/media?parent=1156"}],"curies":[{"name":"wp","href":"https:\/\/api.w.org\/{rel}","templated":true}]}}