{"id":1165,"date":"2020-12-21T10:40:34","date_gmt":"2020-12-21T10:40:34","guid":{"rendered":"https:\/\/greenlinqdata.nl\/declaracion-de-privacidad\/"},"modified":"2020-12-21T10:40:34","modified_gmt":"2020-12-21T10:40:34","slug":"declaracion-de-privacidad","status":"publish","type":"page","link":"https:\/\/greenlinqdata.nl\/es\/declaracion-de-privacidad\/","title":{"rendered":"Declaraci\u00f3n de privacidad"},"content":{"rendered":"<p>[et_pb_section fb_built=\u00bb1&#8243; _builder_version=\u00bb4.6.5&#8243; _module_preset=\u00bbdefault\u00bb][et_pb_row _builder_version=\u00bb4.6.5&#8243; _module_preset=\u00bbdefault\u00bb][et_pb_column type=\u00bb4_4&#8243; _builder_version=\u00bb4.6.5&#8243; _module_preset=\u00bbdefault\u00bb][et_pb_text _builder_version=\u00bb4.6.5&#8243; _module_preset=\u00bbdefault\u00bb hover_enabled=\u00bb0&#8243; sticky_enabled=\u00bb0&#8243;]<\/p>\n<h1>Declaraci\u00f3n de privacidad GreenlinQdata<\/h1>\n<h4>\u00a0<\/h4>\n<h4>Sus datos en buenas manos<\/h4>\n<p>\u00bfEst\u00e1 contratando un servicio, celebrando un contrato o se est\u00e1 suscribiendo a un bolet\u00edn? Entonces necesitamos sus datos. Damos gran importancia a la protecci\u00f3n de sus datos personales. En esta Pol\u00edtica de privacidad queremos proporcionar informaci\u00f3n clara y transparente sobre c\u00f3mo manejamos los datos personales.<\/p>\n<p>Hacemos todo lo posible para garantizar su privacidad y, por lo tanto, manejamos los datos personales con cuidado. Cumplimos en todos los casos con las leyes y regulaciones aplicables, incluido el Reglamento General de Protecci\u00f3n de Datos. Esto significa que nosotros en cualquier caso:<\/p>\n<ul>\n<li>Procesamos sus datos personales de acuerdo con el prop\u00f3sito para el que fueron proporcionados, estos objetivos y el tipo de datos personales se describen en esta Pol\u00edtica de privacidad;<\/li>\n<li>El procesamiento de sus datos personales lo limitamos solo a aquellos datos que son m\u00ednimamente necesarios para los fines para los que se procesan;<\/li>\n<li>Le pedimos su consentimiento expl\u00edcito si lo necesitamos para el tratamiento de sus datos personales;<\/li>\n<li>Hemos tomado las medidas t\u00e9cnicas y organizativas adecuadas para garantizar la seguridad de sus datos personales;<\/li>\n<li>No transmitimos datos personales a otras partes, a menos que sea necesario para la ejecuci\u00f3n de los fines para los que fueron proporcionados;<\/li>\n<li>Somos conscientes de sus derechos con respecto a sus datos personales, se los queremos se\u00f1alar y respetarlos.<\/li>\n<\/ul>\n<p>GreenlinQdata es responsable del procesamiento de sus datos personales. Si despu\u00e9s de leer nuestra Pol\u00edtica de Privacidad, o en un sentido m\u00e1s general, tuviera preguntas al respecto o desea contactarnos, puede hacerlo a trav\u00e9s de los datos de contacto al final de este documento.<\/p>\n<p><strong>\u00bfQu\u00e9 informaci\u00f3n podemos recopilar de usted?<\/strong> <br \/>Para utilizar nuestro software, le pedimos el nombre de su empresa, nombre, direcci\u00f3n, direcci\u00f3n de correo electr\u00f3nico y n\u00famero de tel\u00e9fono. Para poder enviarle un bolet\u00edn, solo necesitamos su nombre y direcci\u00f3n de correo electr\u00f3nico. Si nos autoriza a cobrar las tarifas de suscripci\u00f3n adeudadas, tambi\u00e9n necesitamos su n\u00famero de cuenta bancaria. Usted mismo nos proporciona sus datos.<\/p>\n<p><strong>Tambi\u00e9n usamos cookies<\/strong><br \/>Podemos mejorar nuestro sitio web con cookies. <a href=\"https:\/\/greenlinqdata.nl\/es\/politica-de-cookies\/\">Aqu\u00ed<\/a>, podr\u00e1 leer qu\u00e9 son las cookies y c\u00f3mo las tratamos en nuestra pol\u00edtica de cookies.<\/p>\n<p><strong>\u00bfPara qu\u00e9 utilizamos sus datos?<\/strong><br \/>Utilizamos los datos de nuestros clientes y proveedores para: <\/p>\n<ul>\n<li>efectos administrativos<\/li>\n<li>informarle sobre los productos que usa (a trav\u00e9s de boletines)<\/li>\n<li>llevar a cabo los acuerdos incluidos en el contrato<\/li>\n<li>Mantenga un registro de c\u00f3mo y cu\u00e1ndo nos contactamos con usted<\/li>\n<li>planifique sus necesidades y preferencias<\/li>\n<li>adaptar mejor nuestros productos y servicios a sus necesidades.<\/li>\n<\/ul>\n<p><strong>\u00bfQu\u00e9 momentos de contacto registramos?<\/strong><br \/>Registramos lo que acordamos con usted. Y utilizamos nuestros momentos de contacto para mejorar nuestra comunicaci\u00f3n. Estos son, por ejemplo, momentos de contacto que podemos registrar:<\/p>\n<ul>\n<li>las cartas y los correos electr\u00f3nicos que le enviamos y recibimos de usted;<\/li>\n<li>las conversaciones telef\u00f3nicas;<\/li>\n<li>los formularios de contacto cumplimentados en nuestro sitio web;<\/li>\n<li>nuestro contacto a trav\u00e9s de las redes sociales, tal y como Facebook, Twitter y WhatsApp.<\/li>\n<\/ul>\n<p><strong>Suministro a terceros<\/strong><br \/>Podremos suministrar la informaci\u00f3n que nos proporcione a terceros, si es necesario para la ejecuci\u00f3n de los fines descritos anteriormente o porque forma parte del acuerdo.<\/p>\n<p>Entonces usamos un tercero para esto:<\/p>\n<ul>\n<li>el desarrollo de nuestro software<\/li>\n<li>el alojamiento y hospedaje de nuestro software y sitio web y la automatizaci\u00f3n de oficinas<\/li>\n<li>la tramitaci\u00f3n del formulario de registro<\/li>\n<li>los servicios de la administraci\u00f3n (financiera)<\/li>\n<li>el env\u00edo de correos.<\/li>\n<\/ul>\n<p>Nunca transmitimos datos personales a otras partes con las que no hayamos firmado un acuerdo de procesamiento. Por supuesto, haremos los acuerdos necesarios con estas partes (procesadoras) para garantizar la seguridad de sus datos personales. Adem\u00e1s, no suministraremos la informaci\u00f3n que proporcione a otras partes, a menos que sea legalmente requerido y permitido.<\/p>\n<p>Tambi\u00e9n podremos compartir datos personales con terceros si nos diera autorizaci\u00f3n por escrito para ello.<\/p>\n<p><strong>Datos fuera de la UE<\/strong><br \/>Usamos partes ubicadas fuera de la UE. Solo trabajamos con partes que est\u00e1n certificadas por el Escudo de privacidad UE-EE.UU. y con las que tenemos un acuerdo de procesador.<\/p>\n<p><strong>\u00bfC\u00f3mo nos aseguramos de que sus datos est\u00e9n seguros con nosotros?<\/strong><br \/>Nuestro sitio web, aplicaciones y sistemas de TI est\u00e1n bien protegidos. Y siempre tomamos medidas para evitar el mal uso de sus datos. Nuestros empleados tambi\u00e9n han recibido instrucciones claras sobre c\u00f3mo manejar sus datos.<\/p>\n<p><strong>Somos muy cuidadosos con los datos sensibles<\/strong><br \/>Por datos sensibles nos referimos, por ejemplo, a sus datos bancarios.<\/p>\n<p><strong>\u00bfCu\u00e1nto tiempo conservamos sus datos?<\/strong><br \/>Almacenamos sus datos personales para el prop\u00f3sito para el que los suministr\u00f3. Una vez finalizado un acuerdo, conservaremos sus datos personales durante un m\u00e1ximo de 2 a\u00f1os. O siempre que lo exija la ley.<\/p>\n<p><strong>\u00bfC\u00f3mo se protegen sus datos?<\/strong><br \/>Hemos tomado las medidas t\u00e9cnicas y organizativas adecuadas para proteger sus datos personales contra el procesamiento ilegal, por ejemplo, tomando las medidas siguientes:<\/p>\n<ul>\n<li>Todas las personas que pueden acceder a sus datos en nuestro nombre est\u00e1n sujetas a su confidencialidad;<\/li>\n<li>Usamos una pol\u00edtica de nombre de usuario y contrase\u00f1a en todos nuestros sistemas;<\/li>\n<li>Pseudonimizamos y aseguramos el cifrado de los datos personales si existe una raz\u00f3n para hacerlo;<\/li>\n<li>Realizamos copias de seguridad de los datos personales para poder recuperarlos en caso de incidencias f\u00edsicas o t\u00e9cnicas;<\/li>\n<li>Probamos y evaluamos nuestras medidas con regularidad;<\/li>\n<li>Nuestros empleados han sido informados sobre la importancia de la protecci\u00f3n de datos personales.<\/li>\n<\/ul>\n<p><strong>Sus derechos con respecto a sus datos<\/strong><br \/>Tendr\u00e1 derecho a inspeccionar, corregir o eliminar los datos personales que hemos recibido de usted. Tambi\u00e9n podr\u00e1 oponerse al procesamiento de sus datos personales (o parte de ellos) por nosotros o por uno de nuestros procesadores. Adem\u00e1s, tendr\u00e1 derecho a que los datos proporcionados por usted los transfiramos a usted mismo o en su nombre directamente a otra parte. Podemos pedirle que se identifique antes de que podamos cumplir con las solicitudes antes mencionadas.<\/p>\n<p>Si se nos permite procesar sus datos personales en virtud de una autorizaci\u00f3n otorgada por usted, siempre tendr\u00e1 derecho a retirar esta autorizaci\u00f3n.<\/p>\n<p><strong>Quejas<\/strong><br \/>Si tuviera una queja sobre el procesamiento de sus datos personales, le pedimos que se comunique con nosotros directamente. Si no pudi\u00e9ramos llegar a un acuerdo con usted, esto por supuesto, lo lamentar\u00edamos mucho. Siempre tendr\u00e1 derecho a presentar una queja ante la Autoridad neerlandesa de protecci\u00f3n de datos, esta es la autoridad supervisora \u200b\u200ben el campo de la protecci\u00f3n de la privacidad.<\/p>\n<p><strong>\u00bfTiene alguna pregunta, sugerencia o queja?<\/strong><br \/>Si tuviera alguna pregunta o comentario sobre nuestra pol\u00edtica de privacidad, \u00a1cont\u00e1ctenos!<\/p>\n<p>Env\u00ede un correo electr\u00f3nico a<a href=\"mailto:info@greenlinqdata.nl\"> info@greenlinqdata.nl<\/a>. Tambi\u00e9n podr\u00e1 enviar una carta a:<br \/>GreenlinQdata<br \/>Louis Pasteurlaan 6<br \/>2719 EE Zoetermeer<\/p>\n<p>\u00bfNo podemos resolverlo juntos? Presente su queja ante la Autoridad neerlandesa de Protecci\u00f3n de Datos.<\/p>\n<p>Podemos cambiar esta pol\u00edtica de privacidad<br \/>Esto est\u00e1 permitido, por ejemplo, si algo cambia en las leyes o regulaciones. O cuando desarrollamos nuevos productos o servicios. Siempre encontrar\u00e1 la \u00faltima versi\u00f3n en nuestro sitio web.<br \/>Esta \u00faltima versi\u00f3n es del 25 de mayo de 2018.<\/p>\n<p>[\/et_pb_text][\/et_pb_column][\/et_pb_row][\/et_pb_section]<\/p>\n","protected":false},"excerpt":{"rendered":"<p>Declaraci\u00f3n de privacidad GreenlinQdata \u00a0 Sus datos en buenas manos \u00bfEst\u00e1 contratando un servicio, celebrando un contrato o se est\u00e1 suscribiendo a un bolet\u00edn? Entonces necesitamos sus datos. Damos gran importancia a la protecci\u00f3n de sus datos personales. En esta Pol\u00edtica de privacidad queremos proporcionar informaci\u00f3n clara y transparente sobre c\u00f3mo manejamos los datos personales. [&hellip;]<\/p>\n","protected":false},"author":11,"featured_media":0,"parent":0,"menu_order":0,"comment_status":"closed","ping_status":"closed","template":"","meta":{"_et_pb_use_builder":"on","_et_pb_old_content":"","_et_gb_content_width":"","footnotes":""},"class_list":["post-1165","page","type-page","status-publish","hentry"],"yoast_head":"<!-- This site is optimized with the Yoast SEO plugin v27.5 - https:\/\/yoast.com\/product\/yoast-seo-wordpress\/ -->\n<title>Declaraci\u00f3n de privacidad - GreenlinQdata<\/title>\n<meta name=\"description\" content=\"Software voor telers en afzetorganisatie voor het registreren van gewasbeschermingsmiddelen, meststoffen, biologie, water en energi. U maakt uitgebreide rapportages en houdt makkelijk uw voorraad bij. Siertelers kunnen met deze applicatie hun milieuregistratie doen voor GLOBAL G.A.P.\" \/>\n<meta name=\"robots\" content=\"index, follow, max-snippet:-1, max-image-preview:large, max-video-preview:-1\" \/>\n<link rel=\"canonical\" href=\"https:\/\/greenlinqdata.nl\/es\/declaracion-de-privacidad\/\" \/>\n<meta property=\"og:locale\" content=\"es_ES\" \/>\n<meta property=\"og:type\" content=\"article\" \/>\n<meta property=\"og:title\" content=\"Declaraci\u00f3n de privacidad - GreenlinQdata\" \/>\n<meta property=\"og:description\" content=\"Software voor telers en afzetorganisatie voor het registreren van gewasbeschermingsmiddelen, meststoffen, biologie, water en energi. U maakt uitgebreide rapportages en houdt makkelijk uw voorraad bij. Siertelers kunnen met deze applicatie hun milieuregistratie doen voor GLOBAL G.A.P.\" \/>\n<meta property=\"og:url\" content=\"https:\/\/greenlinqdata.nl\/es\/declaracion-de-privacidad\/\" \/>\n<meta property=\"og:site_name\" content=\"GreenlinQdata\" \/>\n<meta name=\"twitter:card\" content=\"summary_large_image\" \/>\n<meta name=\"twitter:label1\" content=\"Tiempo de lectura\" \/>\n\t<meta name=\"twitter:data1\" content=\"6 minutos\" \/>\n<script type=\"application\/ld+json\" class=\"yoast-schema-graph\">{\"@context\":\"https:\\\/\\\/schema.org\",\"@graph\":[{\"@type\":\"WebPage\",\"@id\":\"https:\\\/\\\/greenlinqdata.nl\\\/es\\\/declaracion-de-privacidad\\\/\",\"url\":\"https:\\\/\\\/greenlinqdata.nl\\\/es\\\/declaracion-de-privacidad\\\/\",\"name\":\"Declaraci\u00f3n de privacidad - GreenlinQdata\",\"isPartOf\":{\"@id\":\"https:\\\/\\\/greenlinqdata.nl\\\/es\\\/#website\"},\"datePublished\":\"2020-12-21T10:40:34+00:00\",\"description\":\"Software voor telers en afzetorganisatie voor het registreren van gewasbeschermingsmiddelen, meststoffen, biologie, water en energi. U maakt uitgebreide rapportages en houdt makkelijk uw voorraad bij. Siertelers kunnen met deze applicatie hun milieuregistratie doen voor GLOBAL G.A.P.\",\"breadcrumb\":{\"@id\":\"https:\\\/\\\/greenlinqdata.nl\\\/es\\\/declaracion-de-privacidad\\\/#breadcrumb\"},\"inLanguage\":\"es\",\"potentialAction\":[{\"@type\":\"ReadAction\",\"target\":[\"https:\\\/\\\/greenlinqdata.nl\\\/es\\\/declaracion-de-privacidad\\\/\"]}]},{\"@type\":\"BreadcrumbList\",\"@id\":\"https:\\\/\\\/greenlinqdata.nl\\\/es\\\/declaracion-de-privacidad\\\/#breadcrumb\",\"itemListElement\":[{\"@type\":\"ListItem\",\"position\":1,\"name\":\"Home\",\"item\":\"https:\\\/\\\/greenlinqdata.nl\\\/es\\\/\"},{\"@type\":\"ListItem\",\"position\":2,\"name\":\"Declaraci\u00f3n de privacidad\"}]},{\"@type\":\"WebSite\",\"@id\":\"https:\\\/\\\/greenlinqdata.nl\\\/es\\\/#website\",\"url\":\"https:\\\/\\\/greenlinqdata.nl\\\/es\\\/\",\"name\":\"GreenlinQdata\",\"description\":\"\",\"publisher\":{\"@id\":\"https:\\\/\\\/greenlinqdata.nl\\\/es\\\/#organization\"},\"potentialAction\":[{\"@type\":\"SearchAction\",\"target\":{\"@type\":\"EntryPoint\",\"urlTemplate\":\"https:\\\/\\\/greenlinqdata.nl\\\/es\\\/?s={search_term_string}\"},\"query-input\":{\"@type\":\"PropertyValueSpecification\",\"valueRequired\":true,\"valueName\":\"search_term_string\"}}],\"inLanguage\":\"es\"},{\"@type\":\"Organization\",\"@id\":\"https:\\\/\\\/greenlinqdata.nl\\\/es\\\/#organization\",\"name\":\"GreenlinQdata\",\"url\":\"https:\\\/\\\/greenlinqdata.nl\\\/es\\\/\",\"logo\":{\"@type\":\"ImageObject\",\"inLanguage\":\"es\",\"@id\":\"https:\\\/\\\/greenlinqdata.nl\\\/es\\\/#\\\/schema\\\/logo\\\/image\\\/\",\"url\":\"https:\\\/\\\/greenlinqdata.nl\\\/wp-content\\\/uploads\\\/2020\\\/10\\\/logo.png\",\"contentUrl\":\"https:\\\/\\\/greenlinqdata.nl\\\/wp-content\\\/uploads\\\/2020\\\/10\\\/logo.png\",\"width\":679,\"height\":100,\"caption\":\"GreenlinQdata\"},\"image\":{\"@id\":\"https:\\\/\\\/greenlinqdata.nl\\\/es\\\/#\\\/schema\\\/logo\\\/image\\\/\"}}]}<\/script>\n<!-- \/ Yoast SEO plugin. -->","yoast_head_json":{"title":"Declaraci\u00f3n de privacidad - GreenlinQdata","description":"Software voor telers en afzetorganisatie voor het registreren van gewasbeschermingsmiddelen, meststoffen, biologie, water en energi. U maakt uitgebreide rapportages en houdt makkelijk uw voorraad bij. Siertelers kunnen met deze applicatie hun milieuregistratie doen voor GLOBAL G.A.P.","robots":{"index":"index","follow":"follow","max-snippet":"max-snippet:-1","max-image-preview":"max-image-preview:large","max-video-preview":"max-video-preview:-1"},"canonical":"https:\/\/greenlinqdata.nl\/es\/declaracion-de-privacidad\/","og_locale":"es_ES","og_type":"article","og_title":"Declaraci\u00f3n de privacidad - GreenlinQdata","og_description":"Software voor telers en afzetorganisatie voor het registreren van gewasbeschermingsmiddelen, meststoffen, biologie, water en energi. U maakt uitgebreide rapportages en houdt makkelijk uw voorraad bij. Siertelers kunnen met deze applicatie hun milieuregistratie doen voor GLOBAL G.A.P.","og_url":"https:\/\/greenlinqdata.nl\/es\/declaracion-de-privacidad\/","og_site_name":"GreenlinQdata","twitter_card":"summary_large_image","twitter_misc":{"Tiempo de lectura":"6 minutos"},"schema":{"@context":"https:\/\/schema.org","@graph":[{"@type":"WebPage","@id":"https:\/\/greenlinqdata.nl\/es\/declaracion-de-privacidad\/","url":"https:\/\/greenlinqdata.nl\/es\/declaracion-de-privacidad\/","name":"Declaraci\u00f3n de privacidad - GreenlinQdata","isPartOf":{"@id":"https:\/\/greenlinqdata.nl\/es\/#website"},"datePublished":"2020-12-21T10:40:34+00:00","description":"Software voor telers en afzetorganisatie voor het registreren van gewasbeschermingsmiddelen, meststoffen, biologie, water en energi. U maakt uitgebreide rapportages en houdt makkelijk uw voorraad bij. Siertelers kunnen met deze applicatie hun milieuregistratie doen voor GLOBAL G.A.P.","breadcrumb":{"@id":"https:\/\/greenlinqdata.nl\/es\/declaracion-de-privacidad\/#breadcrumb"},"inLanguage":"es","potentialAction":[{"@type":"ReadAction","target":["https:\/\/greenlinqdata.nl\/es\/declaracion-de-privacidad\/"]}]},{"@type":"BreadcrumbList","@id":"https:\/\/greenlinqdata.nl\/es\/declaracion-de-privacidad\/#breadcrumb","itemListElement":[{"@type":"ListItem","position":1,"name":"Home","item":"https:\/\/greenlinqdata.nl\/es\/"},{"@type":"ListItem","position":2,"name":"Declaraci\u00f3n de privacidad"}]},{"@type":"WebSite","@id":"https:\/\/greenlinqdata.nl\/es\/#website","url":"https:\/\/greenlinqdata.nl\/es\/","name":"GreenlinQdata","description":"","publisher":{"@id":"https:\/\/greenlinqdata.nl\/es\/#organization"},"potentialAction":[{"@type":"SearchAction","target":{"@type":"EntryPoint","urlTemplate":"https:\/\/greenlinqdata.nl\/es\/?s={search_term_string}"},"query-input":{"@type":"PropertyValueSpecification","valueRequired":true,"valueName":"search_term_string"}}],"inLanguage":"es"},{"@type":"Organization","@id":"https:\/\/greenlinqdata.nl\/es\/#organization","name":"GreenlinQdata","url":"https:\/\/greenlinqdata.nl\/es\/","logo":{"@type":"ImageObject","inLanguage":"es","@id":"https:\/\/greenlinqdata.nl\/es\/#\/schema\/logo\/image\/","url":"https:\/\/greenlinqdata.nl\/wp-content\/uploads\/2020\/10\/logo.png","contentUrl":"https:\/\/greenlinqdata.nl\/wp-content\/uploads\/2020\/10\/logo.png","width":679,"height":100,"caption":"GreenlinQdata"},"image":{"@id":"https:\/\/greenlinqdata.nl\/es\/#\/schema\/logo\/image\/"}}]}},"_links":{"self":[{"href":"https:\/\/greenlinqdata.nl\/es\/wp-json\/wp\/v2\/pages\/1165","targetHints":{"allow":["GET"]}}],"collection":[{"href":"https:\/\/greenlinqdata.nl\/es\/wp-json\/wp\/v2\/pages"}],"about":[{"href":"https:\/\/greenlinqdata.nl\/es\/wp-json\/wp\/v2\/types\/page"}],"author":[{"embeddable":true,"href":"https:\/\/greenlinqdata.nl\/es\/wp-json\/wp\/v2\/users\/11"}],"replies":[{"embeddable":true,"href":"https:\/\/greenlinqdata.nl\/es\/wp-json\/wp\/v2\/comments?post=1165"}],"version-history":[{"count":2,"href":"https:\/\/greenlinqdata.nl\/es\/wp-json\/wp\/v2\/pages\/1165\/revisions"}],"predecessor-version":[{"id":1167,"href":"https:\/\/greenlinqdata.nl\/es\/wp-json\/wp\/v2\/pages\/1165\/revisions\/1167"}],"wp:attachment":[{"href":"https:\/\/greenlinqdata.nl\/es\/wp-json\/wp\/v2\/media?parent=1165"}],"curies":[{"name":"wp","href":"https:\/\/api.w.org\/{rel}","templated":true}]}}