{"id":1176,"date":"2020-12-21T10:55:15","date_gmt":"2020-12-21T10:55:15","guid":{"rendered":"https:\/\/greenlinqdata.nl\/productos\/gq-data-registro-de-cultivos\/"},"modified":"2022-08-30T12:19:32","modified_gmt":"2022-08-30T12:19:32","slug":"gq-data-registro-de-cultivos","status":"publish","type":"page","link":"https:\/\/greenlinqdata.nl\/es\/productos\/gq-data-registro-de-cultivos\/","title":{"rendered":"GQ-data registro de cultivos"},"content":{"rendered":"<p>[et_pb_section fb_built=\u00bb1&#8243; admin_label=\u00bbsection\u00bb _builder_version=\u00bb4.16&#8243; width=\u00bb100%\u00bb custom_margin=\u00bb0px|0px|0px|0px|false|false\u00bb custom_padding=\u00bb0px|0px|0px|0px|false|false\u00bb global_colors_info=\u00bb{}\u00bb][et_pb_row _builder_version=\u00bb4.16&#8243; _module_preset=\u00bbdefault\u00bb global_colors_info=\u00bb{}\u00bb][et_pb_column type=\u00bb4_4&#8243; _builder_version=\u00bb4.16&#8243; _module_preset=\u00bbdefault\u00bb global_colors_info=\u00bb{}\u00bb][et_pb_image src=\u00bbhttps:\/\/greenlinqdata.nl\/wp-content\/uploads\/2020\/10\/gq-data-300&#215;90.png\u00bb alt=\u00bbGQ-data\u00bb title_text=\u00bbGQ-data\u00bb _builder_version=\u00bb4.16&#8243; _module_preset=\u00bbdefault\u00bb global_colors_info=\u00bb{}\u00bb][\/et_pb_image][et_pb_text _builder_version=\u00bb4.16&#8243; _module_preset=\u00bbdefault\u00bb custom_margin=\u00bb20px||||false|false\u00bb global_colors_info=\u00bb{}\u00bb]<\/p>\n<h2>Su registro de productos bien organizado<\/h2>\n<p>[\/et_pb_text][et_pb_text _builder_version=\u00bb4.16&#8243; _module_preset=\u00bbdefault\u00bb min_height=\u00bb152px\u00bb custom_margin=\u00bb10px||||false|false\u00bb global_colors_info=\u00bb{}\u00bb]<\/p>\n<p><strong>Suele invertir mucho tiempo y energ\u00eda desapercibidamente en el registro de cultivos. Con los m\u00f3dulos de registro digital de GreenlinQdata, su registro se vuelve mucho m\u00e1s r\u00e1pido y f\u00e1cil. Tendr\u00e1 todo de forma centralizada y segura en un solo lugar y cumplir\u00e1 de inmediato con todos los requisitos legales y certificaciones.<\/strong><\/p>\n<p>Toda la informaci\u00f3n estar\u00e1 disponible r\u00e1pidamente en la mesa y se podr\u00e1 compartir f\u00e1cilmente con, por ejemplo, la casa comercial o el auditor. Tendr\u00e1 m\u00e1s informaci\u00f3n sobre tu consumo y stock. Adem\u00e1s, podr\u00e1 ingresar y consultar sus datos en cualquier lugar. Simplemente en el campo o en el invernadero con <a href=\"https:\/\/greenlinqdata.nl\/es\/productos\/la-aplicacion-gq\/\">la aplicaci\u00f3n GQ<\/a> en su m\u00f3vil o tableta.<\/p>\n<p>[\/et_pb_text][et_pb_text _builder_version=\u00bb4.16&#8243; _module_preset=\u00bbdefault\u00bb hover_enabled=\u00bb0&#8243; global_colors_info=\u00bb{}\u00bb sticky_enabled=\u00bb0&#8243;]<\/p>\n<p>&nbsp;<\/p>\n<p><strong style=\"color: #648fc8; font-size: 18px;\">GQ-data protecci\u00f3n de cultivos<\/strong><\/p>\n<p>Con esta aplicaci\u00f3n gratuita, podr\u00e1 registrar f\u00e1cilmente aplicaciones de productos fitosanitarios. El registro del consumo de los productos y el informe de stock siguen las directrices de GLOBALG.AP e IPM (Integrated Pest Management). El programa tambi\u00e9n tiene una pr\u00e1ctica funci\u00f3n consultiva, por lo que siempre recibir\u00e1 la informaci\u00f3n actual sobre los datos de protecci\u00f3n de cultivos directamente de la base de datos Ctgb.<\/p>\n<p>\u221a\u00a0Gratis para productores<br \/>\u221a Se puede usar en cualquier lugar con<a href=\"https:\/\/greenlinqdata.nl\/es\/productos\/la-aplicacion-gq\/\"> la aplicaci\u00f3n GQ<\/a><br \/>\u221a\u00a0Funci\u00f3n consultiva del Ctgb<br \/>\u221a\u00a0Comparte sus datos de forma segura<br \/>\u221a\u00a0Ahorra tiempo <\/p>\n<p>[\/et_pb_text][et_pb_button button_url=\u00bbhttps:\/\/portal.greenlinqdata.nl\/GQ_Account_EUM\/CreateGQAccount.aspx\u00bb button_text=\u00bbProbar gratis\u00bb button_alignment=\u00bbcenter\u00bb _builder_version=\u00bb4.16&#8243; _module_preset=\u00bbdefault\u00bb custom_button=\u00bbon\u00bb button_text_size=\u00bb14px\u00bb button_border_radius=\u00bb22px\u00bb custom_margin=\u00bb15px||||false|false\u00bb global_colors_info=\u00bb{}\u00bb][\/et_pb_button][et_pb_text _builder_version=\u00bb4.16&#8243; _module_preset=\u00bbdefault\u00bb hover_enabled=\u00bb0&#8243; global_colors_info=\u00bb{}\u00bb sticky_enabled=\u00bb0&#8243;]<\/p>\n<p style=\"text-align: center;\"><strong><br \/>\u00bfTiene alguna pregunta? \u00bfDesea saber algo m\u00e1s?<br \/><\/strong>No dude en ponerse en <a href=\"https:\/\/greenlinqdata.nl\/es\/contacto\/\">contacto<\/a> con uno de nuestros especialistas experimentados.<\/p>\n<p>&nbsp;<\/p>\n<p>[\/et_pb_text][et_pb_text _builder_version=\u00bb4.17.4&#8243; _module_preset=\u00bbdefault\u00bb hover_enabled=\u00bb0&#8243; global_colors_info=\u00bb{}\u00bb sticky_enabled=\u00bb0&#8243;]<\/p>\n<p style=\"text-align: left;\"><strong style=\"color: #648fc8; font-size: 18px; text-align: left;\">GQ-data registro b\u00e1sico<\/strong><\/p>\n<p>Esta aplicaci\u00f3n es una adici\u00f3n al m\u00f3dulo de protecci\u00f3n de cultivos. Esto le permitir\u00e1 registrar fertilizantes, biolog\u00eda, agua y energ\u00eda de acuerdo con GLOBALG.AP e IPM y redactar informes extensos.<br \/>Tambi\u00e9n podr\u00e1 utilizar la aplicaci\u00f3n para el registro obligatorio <a href=\"https:\/\/greenlinqdata.nl\/es\/productos\/certificado-ambiental-para-la-floricultura\/\">del certificado ambiental<\/a> para la floricultura e informar a la organizaci\u00f3n ejecutiva de horticultura en invernadero.<\/p>\n<p>Con <a href=\"https:\/\/greenlinqdata.nl\/es\/productos\/la-aplicacion-gq\/\">la aplicaci\u00f3n<\/a> adjunta a trav\u00e9s de un tel\u00e9fono inteligente o un dispositivo m\u00f3vil, se podr\u00e1 acceder a sus datos en todas partes y podr\u00e1 registrarse f\u00e1cilmente y realizar un seguimiento del inventario. Eso ahorra mucho trabajo. A continuaci\u00f3n, podr\u00e1 compartir la informaci\u00f3n relevante de forma r\u00e1pida y segura con sus clientes. Para los miembros de cooperativas y asociaciones de productores con los que tenemos un contrato, se aplica una tarifa de 399,00 por a\u00f1o. Los primeros 60 d\u00edas son gratis.<\/p>\n<p>\u221a\u00a0Control total de su registro y certificaci\u00f3n<br \/>\u221a\u00a0F\u00e1cil registro de los productos<br \/>\u221a\u00a0Informe r\u00e1pido del consumo y el stock<br \/>\u221a\u00a0Posibilidad de varias cuentas dentro de la empresa<br \/>\u221a\u00a0Compartir de forma segura con todos los clientes<\/p>\n<p>[\/et_pb_text][et_pb_button button_url=\u00bbhttps:\/\/portal.greenlinqdata.nl\/GQ_Account_EUM\/CreateGQAccount.aspx\u00bb button_text=\u00bbSolicite ahora\u00bb button_alignment=\u00bbcenter\u00bb _builder_version=\u00bb4.16&#8243; _module_preset=\u00bbdefault\u00bb custom_button=\u00bbon\u00bb button_text_size=\u00bb14px\u00bb button_border_radius=\u00bb22px\u00bb custom_margin=\u00bb15px||||false|false\u00bb global_colors_info=\u00bb{}\u00bb][\/et_pb_button][et_pb_text _builder_version=\u00bb4.16&#8243; _module_preset=\u00bbdefault\u00bb global_colors_info=\u00bb{}\u00bb]<\/p>\n<p style=\"text-align: center;\"><strong><br \/>\u00bfTiene alguna pregunta? \u00bfDesea saber algo m\u00e1s?<br \/><\/strong>No dude en ponerse en <a href=\"https:\/\/greenlinqdata.nl\/es\/contacto\/\">contacto<\/a> con uno de nuestros especialistas experimentados.<\/p>\n<p>&nbsp;<\/p>\n<p>[\/et_pb_text][\/et_pb_column][\/et_pb_row][et_pb_row column_structure=\u00bb1_2,1_2&#8243; _builder_version=\u00bb4.16&#8243; _module_preset=\u00bbdefault\u00bb global_colors_info=\u00bb{}\u00bb][et_pb_column type=\u00bb1_2&#8243; _builder_version=\u00bb4.16&#8243; _module_preset=\u00bbdefault\u00bb global_colors_info=\u00bb{}\u00bb][et_pb_text _builder_version=\u00bb4.16&#8243; _module_preset=\u00bbdefault\u00bb global_colors_info=\u00bb{}\u00bb]<\/p>\n<h3>\u00bfC\u00f3mo creo una cuenta?<\/h3>\n<p>[\/et_pb_text][et_pb_video src=\u00bbhttps:\/\/youtu.be\/wDJL9bu1_-s\u00bb _builder_version=\u00bb4.16&#8243; _module_preset=\u00bbdefault\u00bb global_colors_info=\u00bb{}\u00bb][\/et_pb_video][\/et_pb_column][et_pb_column type=\u00bb1_2&#8243; _builder_version=\u00bb4.16&#8243; _module_preset=\u00bbdefault\u00bb global_colors_info=\u00bb{}\u00bb][et_pb_text _builder_version=\u00bb4.16&#8243; _module_preset=\u00bbdefault\u00bb global_colors_info=\u00bb{}\u00bb]<\/p>\n<h3>\u00bfC\u00f3mo completo mi cuenta?<\/h3>\n<p>[\/et_pb_text][et_pb_video src=\u00bbhttps:\/\/youtu.be\/NDvZMSH2OpY\u00bb _builder_version=\u00bb4.16&#8243; _module_preset=\u00bbdefault\u00bb global_colors_info=\u00bb{}\u00bb][\/et_pb_video][\/et_pb_column][\/et_pb_row][\/et_pb_section]<\/p>\n","protected":false},"excerpt":{"rendered":"<p>Su registro de productos bien organizadoSuele invertir mucho tiempo y energ\u00eda desapercibidamente en el registro de cultivos. Con los m\u00f3dulos de registro digital de GreenlinQdata, su registro se vuelve mucho m\u00e1s r\u00e1pido y f\u00e1cil. Tendr\u00e1 todo de forma centralizada y segura en un solo lugar y cumplir\u00e1 de inmediato con todos los requisitos legales y [&hellip;]<\/p>\n","protected":false},"author":11,"featured_media":1177,"parent":1168,"menu_order":1,"comment_status":"closed","ping_status":"closed","template":"","meta":{"_et_pb_use_builder":"on","_et_pb_old_content":"","_et_gb_content_width":"","footnotes":""},"class_list":["post-1176","page","type-page","status-publish","has-post-thumbnail","hentry"],"yoast_head":"<!-- This site is optimized with the Yoast SEO plugin v27.5 - https:\/\/yoast.com\/product\/yoast-seo-wordpress\/ -->\n<title>GQ-data registro de cultivos - GreenlinQdata<\/title>\n<meta name=\"description\" content=\"Software voor telers en afzetorganisatie voor het registreren van gewasbeschermingsmiddelen, meststoffen, biologie, water en energi. U maakt uitgebreide rapportages en houdt makkelijk uw voorraad bij. Siertelers kunnen met deze applicatie hun milieuregistratie doen voor GLOBAL G.A.P.\" \/>\n<meta name=\"robots\" content=\"index, follow, max-snippet:-1, max-image-preview:large, max-video-preview:-1\" \/>\n<link rel=\"canonical\" href=\"https:\/\/greenlinqdata.nl\/es\/productos\/gq-data-registro-de-cultivos\/\" \/>\n<meta property=\"og:locale\" content=\"es_ES\" \/>\n<meta property=\"og:type\" content=\"article\" \/>\n<meta property=\"og:title\" content=\"GQ-data registro de cultivos - GreenlinQdata\" \/>\n<meta property=\"og:description\" content=\"Software voor telers en afzetorganisatie voor het registreren van gewasbeschermingsmiddelen, meststoffen, biologie, water en energi. U maakt uitgebreide rapportages en houdt makkelijk uw voorraad bij. Siertelers kunnen met deze applicatie hun milieuregistratie doen voor GLOBAL G.A.P.\" \/>\n<meta property=\"og:url\" content=\"https:\/\/greenlinqdata.nl\/es\/productos\/gq-data-registro-de-cultivos\/\" \/>\n<meta property=\"og:site_name\" content=\"GreenlinQdata\" \/>\n<meta property=\"article:modified_time\" content=\"2022-08-30T12:19:32+00:00\" \/>\n<meta property=\"og:image\" content=\"https:\/\/greenlinqdata.nl\/wp-content\/uploads\/2020\/10\/Tomatenkas_GreenlinQdata.jpg\" \/>\n\t<meta property=\"og:image:width\" content=\"1600\" \/>\n\t<meta property=\"og:image:height\" content=\"561\" \/>\n\t<meta property=\"og:image:type\" content=\"image\/jpeg\" \/>\n<meta name=\"twitter:card\" content=\"summary_large_image\" \/>\n<meta name=\"twitter:label1\" content=\"Tiempo de lectura\" \/>\n\t<meta name=\"twitter:data1\" content=\"4 minutos\" \/>\n<script type=\"application\/ld+json\" class=\"yoast-schema-graph\">{\"@context\":\"https:\\\/\\\/schema.org\",\"@graph\":[{\"@type\":\"WebPage\",\"@id\":\"https:\\\/\\\/greenlinqdata.nl\\\/es\\\/productos\\\/gq-data-registro-de-cultivos\\\/\",\"url\":\"https:\\\/\\\/greenlinqdata.nl\\\/es\\\/productos\\\/gq-data-registro-de-cultivos\\\/\",\"name\":\"GQ-data registro de cultivos - GreenlinQdata\",\"isPartOf\":{\"@id\":\"https:\\\/\\\/greenlinqdata.nl\\\/es\\\/#website\"},\"primaryImageOfPage\":{\"@id\":\"https:\\\/\\\/greenlinqdata.nl\\\/es\\\/productos\\\/gq-data-registro-de-cultivos\\\/#primaryimage\"},\"image\":{\"@id\":\"https:\\\/\\\/greenlinqdata.nl\\\/es\\\/productos\\\/gq-data-registro-de-cultivos\\\/#primaryimage\"},\"thumbnailUrl\":\"https:\\\/\\\/greenlinqdata.nl\\\/wp-content\\\/uploads\\\/2020\\\/10\\\/Tomatenkas_GreenlinQdata.jpg\",\"datePublished\":\"2020-12-21T10:55:15+00:00\",\"dateModified\":\"2022-08-30T12:19:32+00:00\",\"description\":\"Software voor telers en afzetorganisatie voor het registreren van gewasbeschermingsmiddelen, meststoffen, biologie, water en energi. U maakt uitgebreide rapportages en houdt makkelijk uw voorraad bij. Siertelers kunnen met deze applicatie hun milieuregistratie doen voor GLOBAL G.A.P.\",\"breadcrumb\":{\"@id\":\"https:\\\/\\\/greenlinqdata.nl\\\/es\\\/productos\\\/gq-data-registro-de-cultivos\\\/#breadcrumb\"},\"inLanguage\":\"es\",\"potentialAction\":[{\"@type\":\"ReadAction\",\"target\":[\"https:\\\/\\\/greenlinqdata.nl\\\/es\\\/productos\\\/gq-data-registro-de-cultivos\\\/\"]}]},{\"@type\":\"ImageObject\",\"inLanguage\":\"es\",\"@id\":\"https:\\\/\\\/greenlinqdata.nl\\\/es\\\/productos\\\/gq-data-registro-de-cultivos\\\/#primaryimage\",\"url\":\"https:\\\/\\\/greenlinqdata.nl\\\/wp-content\\\/uploads\\\/2020\\\/10\\\/Tomatenkas_GreenlinQdata.jpg\",\"contentUrl\":\"https:\\\/\\\/greenlinqdata.nl\\\/wp-content\\\/uploads\\\/2020\\\/10\\\/Tomatenkas_GreenlinQdata.jpg\",\"width\":1600,\"height\":561},{\"@type\":\"BreadcrumbList\",\"@id\":\"https:\\\/\\\/greenlinqdata.nl\\\/es\\\/productos\\\/gq-data-registro-de-cultivos\\\/#breadcrumb\",\"itemListElement\":[{\"@type\":\"ListItem\",\"position\":1,\"name\":\"Home\",\"item\":\"https:\\\/\\\/greenlinqdata.nl\\\/es\\\/\"},{\"@type\":\"ListItem\",\"position\":2,\"name\":\"Productos\",\"item\":\"https:\\\/\\\/greenlinqdata.nl\\\/es\\\/productos\\\/\"},{\"@type\":\"ListItem\",\"position\":3,\"name\":\"GQ-data registro de cultivos\"}]},{\"@type\":\"WebSite\",\"@id\":\"https:\\\/\\\/greenlinqdata.nl\\\/es\\\/#website\",\"url\":\"https:\\\/\\\/greenlinqdata.nl\\\/es\\\/\",\"name\":\"GreenlinQdata\",\"description\":\"\",\"publisher\":{\"@id\":\"https:\\\/\\\/greenlinqdata.nl\\\/es\\\/#organization\"},\"potentialAction\":[{\"@type\":\"SearchAction\",\"target\":{\"@type\":\"EntryPoint\",\"urlTemplate\":\"https:\\\/\\\/greenlinqdata.nl\\\/es\\\/?s={search_term_string}\"},\"query-input\":{\"@type\":\"PropertyValueSpecification\",\"valueRequired\":true,\"valueName\":\"search_term_string\"}}],\"inLanguage\":\"es\"},{\"@type\":\"Organization\",\"@id\":\"https:\\\/\\\/greenlinqdata.nl\\\/es\\\/#organization\",\"name\":\"GreenlinQdata\",\"url\":\"https:\\\/\\\/greenlinqdata.nl\\\/es\\\/\",\"logo\":{\"@type\":\"ImageObject\",\"inLanguage\":\"es\",\"@id\":\"https:\\\/\\\/greenlinqdata.nl\\\/es\\\/#\\\/schema\\\/logo\\\/image\\\/\",\"url\":\"https:\\\/\\\/greenlinqdata.nl\\\/wp-content\\\/uploads\\\/2020\\\/10\\\/logo.png\",\"contentUrl\":\"https:\\\/\\\/greenlinqdata.nl\\\/wp-content\\\/uploads\\\/2020\\\/10\\\/logo.png\",\"width\":679,\"height\":100,\"caption\":\"GreenlinQdata\"},\"image\":{\"@id\":\"https:\\\/\\\/greenlinqdata.nl\\\/es\\\/#\\\/schema\\\/logo\\\/image\\\/\"}}]}<\/script>\n<!-- \/ Yoast SEO plugin. -->","yoast_head_json":{"title":"GQ-data registro de cultivos - GreenlinQdata","description":"Software voor telers en afzetorganisatie voor het registreren van gewasbeschermingsmiddelen, meststoffen, biologie, water en energi. U maakt uitgebreide rapportages en houdt makkelijk uw voorraad bij. Siertelers kunnen met deze applicatie hun milieuregistratie doen voor GLOBAL G.A.P.","robots":{"index":"index","follow":"follow","max-snippet":"max-snippet:-1","max-image-preview":"max-image-preview:large","max-video-preview":"max-video-preview:-1"},"canonical":"https:\/\/greenlinqdata.nl\/es\/productos\/gq-data-registro-de-cultivos\/","og_locale":"es_ES","og_type":"article","og_title":"GQ-data registro de cultivos - GreenlinQdata","og_description":"Software voor telers en afzetorganisatie voor het registreren van gewasbeschermingsmiddelen, meststoffen, biologie, water en energi. U maakt uitgebreide rapportages en houdt makkelijk uw voorraad bij. Siertelers kunnen met deze applicatie hun milieuregistratie doen voor GLOBAL G.A.P.","og_url":"https:\/\/greenlinqdata.nl\/es\/productos\/gq-data-registro-de-cultivos\/","og_site_name":"GreenlinQdata","article_modified_time":"2022-08-30T12:19:32+00:00","og_image":[{"width":1600,"height":561,"url":"https:\/\/greenlinqdata.nl\/wp-content\/uploads\/2020\/10\/Tomatenkas_GreenlinQdata.jpg","type":"image\/jpeg"}],"twitter_card":"summary_large_image","twitter_misc":{"Tiempo de lectura":"4 minutos"},"schema":{"@context":"https:\/\/schema.org","@graph":[{"@type":"WebPage","@id":"https:\/\/greenlinqdata.nl\/es\/productos\/gq-data-registro-de-cultivos\/","url":"https:\/\/greenlinqdata.nl\/es\/productos\/gq-data-registro-de-cultivos\/","name":"GQ-data registro de cultivos - GreenlinQdata","isPartOf":{"@id":"https:\/\/greenlinqdata.nl\/es\/#website"},"primaryImageOfPage":{"@id":"https:\/\/greenlinqdata.nl\/es\/productos\/gq-data-registro-de-cultivos\/#primaryimage"},"image":{"@id":"https:\/\/greenlinqdata.nl\/es\/productos\/gq-data-registro-de-cultivos\/#primaryimage"},"thumbnailUrl":"https:\/\/greenlinqdata.nl\/wp-content\/uploads\/2020\/10\/Tomatenkas_GreenlinQdata.jpg","datePublished":"2020-12-21T10:55:15+00:00","dateModified":"2022-08-30T12:19:32+00:00","description":"Software voor telers en afzetorganisatie voor het registreren van gewasbeschermingsmiddelen, meststoffen, biologie, water en energi. U maakt uitgebreide rapportages en houdt makkelijk uw voorraad bij. Siertelers kunnen met deze applicatie hun milieuregistratie doen voor GLOBAL G.A.P.","breadcrumb":{"@id":"https:\/\/greenlinqdata.nl\/es\/productos\/gq-data-registro-de-cultivos\/#breadcrumb"},"inLanguage":"es","potentialAction":[{"@type":"ReadAction","target":["https:\/\/greenlinqdata.nl\/es\/productos\/gq-data-registro-de-cultivos\/"]}]},{"@type":"ImageObject","inLanguage":"es","@id":"https:\/\/greenlinqdata.nl\/es\/productos\/gq-data-registro-de-cultivos\/#primaryimage","url":"https:\/\/greenlinqdata.nl\/wp-content\/uploads\/2020\/10\/Tomatenkas_GreenlinQdata.jpg","contentUrl":"https:\/\/greenlinqdata.nl\/wp-content\/uploads\/2020\/10\/Tomatenkas_GreenlinQdata.jpg","width":1600,"height":561},{"@type":"BreadcrumbList","@id":"https:\/\/greenlinqdata.nl\/es\/productos\/gq-data-registro-de-cultivos\/#breadcrumb","itemListElement":[{"@type":"ListItem","position":1,"name":"Home","item":"https:\/\/greenlinqdata.nl\/es\/"},{"@type":"ListItem","position":2,"name":"Productos","item":"https:\/\/greenlinqdata.nl\/es\/productos\/"},{"@type":"ListItem","position":3,"name":"GQ-data registro de cultivos"}]},{"@type":"WebSite","@id":"https:\/\/greenlinqdata.nl\/es\/#website","url":"https:\/\/greenlinqdata.nl\/es\/","name":"GreenlinQdata","description":"","publisher":{"@id":"https:\/\/greenlinqdata.nl\/es\/#organization"},"potentialAction":[{"@type":"SearchAction","target":{"@type":"EntryPoint","urlTemplate":"https:\/\/greenlinqdata.nl\/es\/?s={search_term_string}"},"query-input":{"@type":"PropertyValueSpecification","valueRequired":true,"valueName":"search_term_string"}}],"inLanguage":"es"},{"@type":"Organization","@id":"https:\/\/greenlinqdata.nl\/es\/#organization","name":"GreenlinQdata","url":"https:\/\/greenlinqdata.nl\/es\/","logo":{"@type":"ImageObject","inLanguage":"es","@id":"https:\/\/greenlinqdata.nl\/es\/#\/schema\/logo\/image\/","url":"https:\/\/greenlinqdata.nl\/wp-content\/uploads\/2020\/10\/logo.png","contentUrl":"https:\/\/greenlinqdata.nl\/wp-content\/uploads\/2020\/10\/logo.png","width":679,"height":100,"caption":"GreenlinQdata"},"image":{"@id":"https:\/\/greenlinqdata.nl\/es\/#\/schema\/logo\/image\/"}}]}},"_links":{"self":[{"href":"https:\/\/greenlinqdata.nl\/es\/wp-json\/wp\/v2\/pages\/1176","targetHints":{"allow":["GET"]}}],"collection":[{"href":"https:\/\/greenlinqdata.nl\/es\/wp-json\/wp\/v2\/pages"}],"about":[{"href":"https:\/\/greenlinqdata.nl\/es\/wp-json\/wp\/v2\/types\/page"}],"author":[{"embeddable":true,"href":"https:\/\/greenlinqdata.nl\/es\/wp-json\/wp\/v2\/users\/11"}],"replies":[{"embeddable":true,"href":"https:\/\/greenlinqdata.nl\/es\/wp-json\/wp\/v2\/comments?post=1176"}],"version-history":[{"count":3,"href":"https:\/\/greenlinqdata.nl\/es\/wp-json\/wp\/v2\/pages\/1176\/revisions"}],"predecessor-version":[{"id":1900,"href":"https:\/\/greenlinqdata.nl\/es\/wp-json\/wp\/v2\/pages\/1176\/revisions\/1900"}],"up":[{"embeddable":true,"href":"https:\/\/greenlinqdata.nl\/es\/wp-json\/wp\/v2\/pages\/1168"}],"wp:featuredmedia":[{"embeddable":true,"href":"https:\/\/greenlinqdata.nl\/es\/wp-json\/wp\/v2\/media\/1177"}],"wp:attachment":[{"href":"https:\/\/greenlinqdata.nl\/es\/wp-json\/wp\/v2\/media?parent=1176"}],"curies":[{"name":"wp","href":"https:\/\/api.w.org\/{rel}","templated":true}]}}