{"id":1182,"date":"2020-12-21T12:10:12","date_gmt":"2020-12-21T12:10:12","guid":{"rendered":"https:\/\/greenlinqdata.nl\/productos\/las-preguntas-mas-frecuentes\/"},"modified":"2021-02-15T13:29:49","modified_gmt":"2021-02-15T13:29:49","slug":"las-preguntas-mas-frecuentes","status":"publish","type":"page","link":"https:\/\/greenlinqdata.nl\/es\/productos\/las-preguntas-mas-frecuentes\/","title":{"rendered":"Las preguntas m\u00e1s frecuentes"},"content":{"rendered":"<p>[et_pb_section fb_built=\u00bb1&#8243; _builder_version=\u00bb4.6.5&#8243; _module_preset=\u00bbdefault\u00bb][et_pb_row _builder_version=\u00bb4.6.5&#8243; _module_preset=\u00bbdefault\u00bb][et_pb_column type=\u00bb4_4&#8243; _builder_version=\u00bb4.6.5&#8243; _module_preset=\u00bbdefault\u00bb][et_pb_accordion _builder_version=\u00bb4.6.5&#8243; _module_preset=\u00bbdefault\u00bb custom_margin=\u00bb||||false|false\u00bb][et_pb_accordion_item title=\u00bbMi cuenta\u00bb open=\u00bbon\u00bb open_toggle_text_color=\u00bb#648fc8&#8243; _builder_version=\u00bb4.6.5&#8243; _module_preset=\u00bbdefault\u00bb background_color=\u00bb#85c64e\u00bb background_enable_color=\u00bbon\u00bb toggle_text_color=\u00bb#648fc8&#8243; toggle_level=\u00bbh3&#8243; toggle_font_size=\u00bb21px\u00bb][\/et_pb_accordion_item][et_pb_accordion_item title=\u00bb\u00bfC\u00f3mo creo una cuenta?\u00bb _builder_version=\u00bb4.6.5&#8243; _module_preset=\u00bbdefault\u00bb open=\u00bboff\u00bb]<\/p>\n<p>Cuando se registre para el GQ-data gewasbescherming recibir\u00e1 un login. Con este login tendr\u00e1 acceso a la cuenta en l\u00ednea. Aqu\u00ed tambi\u00e9n podr\u00e1 indicar que quiere hacer uso del registro b\u00e1sico.<\/p>\n<p>[\/et_pb_accordion_item][et_pb_accordion_item title=\u00bb\u00bfC\u00f3mo descargo la aplicaci\u00f3n GQ?\u00bb _builder_version=\u00bb4.6.5&#8243; _module_preset=\u00bbdefault\u00bb open=\u00bboff\u00bb]<\/p>\n<p>Podr\u00e1 encontrar la aplicaci\u00f3n en la App Store y en Play Store en su tableta o tel\u00e9fono inteligente. Busque en GQ_Mobile.<\/p>\n<p>[\/et_pb_accordion_item][et_pb_accordion_item title=\u00bb\u00bfPueden varias personas usar la misma cuenta?\u00bb _builder_version=\u00bb4.6.5&#8243; _module_preset=\u00bbdefault\u00bb open=\u00bboff\u00bb]<\/p>\n<p>Si, si puedes.\u00a0<\/p>\n<p>[\/et_pb_accordion_item][et_pb_accordion_item title=\u00bbYa tengo una herramienta de registro. \u00bfLa puedo combinar con GQ?\u00bb _builder_version=\u00bb4.6.5&#8243; _module_preset=\u00bbdefault\u00bb open=\u00bboff\u00bb]<\/p>\n<p>Adem\u00e1s de sus cultivos de campo, algunos empresarios tambi\u00e9n tienen flores, por ejemplo, y por lo tanto ahora deben completar dos registros. Todav\u00eda estamos buscando una soluci\u00f3n donde podamos combinar estos y esperamos poder presentarla muy pronto.<\/p>\n<p>[\/et_pb_accordion_item][et_pb_accordion_item title=\u00bbSigo usando GQRetailRapport\u00bb _builder_version=\u00bb4.6.5&#8243; _module_preset=\u00bbdefault\u00bb open=\u00bboff\u00bb]<\/p>\n<p>Este m\u00f3dulo se eliminar\u00e1 pronto. Ser\u00e1 contactado sobre esto.<\/p>\n<p>Todas las funciones han sido incorporadas en nuestro nuevo programa GQ-data basis teeltregistratie. Hasta que no se haya cambiado, podr\u00e1 seguir usando el m\u00f3dulo actual.\u00a0<\/p>\n<p>[\/et_pb_accordion_item][et_pb_accordion_item title=\u00bbSigo usando GQMilieuRapport\u00bb _builder_version=\u00bb4.6.5&#8243; _module_preset=\u00bbdefault\u00bb open=\u00bboff\u00bb]<\/p>\n<p>Este m\u00f3dulo se eliminar\u00e1 pronto. Ser\u00e1 contactado sobre esto.<\/p>\n<p>Todas las funciones han sido incorporadas en nuestro nuevo programa GQ-data basis teeltregistratie. Hasta que no se haya cambiado, podr\u00e1 seguir usando el m\u00f3dulo actual.\u00a0<\/p>\n<p>[\/et_pb_accordion_item][\/et_pb_accordion][\/et_pb_column][\/et_pb_row][et_pb_row _builder_version=\u00bb4.6.5&#8243; _module_preset=\u00bbdefault\u00bb][et_pb_column type=\u00bb4_4&#8243; _builder_version=\u00bb4.6.5&#8243; _module_preset=\u00bbdefault\u00bb][et_pb_accordion _builder_version=\u00bb4.6.6&#8243; _module_preset=\u00bbdefault\u00bb custom_margin=\u00bb||||false|false\u00bb hover_enabled=\u00bb0&#8243; sticky_enabled=\u00bb0&#8243;][et_pb_accordion_item title=\u00bbCertificado ambiental para la floricultura\u00bb open=\u00bbon\u00bb open_toggle_text_color=\u00bb#648fc8&#8243; _builder_version=\u00bb4.6.5&#8243; _module_preset=\u00bbdefault\u00bb background_color=\u00bb#85c64e\u00bb background_enable_color=\u00bbon\u00bb toggle_text_color=\u00bb#648fc8&#8243; toggle_level=\u00bbh3&#8243; toggle_font_size=\u00bb21px\u00bb][\/et_pb_accordion_item][et_pb_accordion_item title=\u00bb\u00bfPor qu\u00e9 es obligatorio un certificado medioambiental?\u00bb _builder_version=\u00bb4.6.5&#8243; _module_preset=\u00bbdefault\u00bb open=\u00bboff\u00bb]<\/p>\n<p>Con la decisi\u00f3n de hacerla obligatoria, la cooperativa Royal FloraHolland es la primera, siguiendo el consejo de su Consejo de Miembros, en tomar la iniciativa para hacer que los esfuerzos de sostenibilidad sean transparentes. De esta forma protege la reputaci\u00f3n de los productos, el sector y el mercado conjunto de forma verificable.<\/p>\n<p>El mercado tambi\u00e9n exige cada vez m\u00e1s transparencia sobre la sostenibilidad de la producci\u00f3n de flores y plantas y la gesti\u00f3n de los proveedores. Los requisitos para esto se establecen en certificados. Al obtener un certificado, el productor puede demostrar de manera confiable que ha cumplido con los requisitos establecidos en el certificado. De esta manera, el comprador puede satisfacer el deseo del mercado de realizar compras sustentables certificadas, espec\u00edficas y eficientes.<\/p>\n<p>El gobierno sigue una pol\u00edtica de sostenibilidad cada vez m\u00e1s estricta. Podemos prevenir mejor las nuevas regulaciones demostrando proactivamente juntos que estamos produciendo cada vez de manera m\u00e1s sostenible. Adem\u00e1s, la certificaci\u00f3n ofrece oportunidades para distinguirse y promueve la competitividad internacional.<\/p>\n<p>[\/et_pb_accordion_item][et_pb_accordion_item title=\u00bb\u00bfNo es suficiente el registro legal actual?\u00bb _builder_version=\u00bb4.6.5&#8243; _module_preset=\u00bbdefault\u00bb open=\u00bboff\u00bb]<\/p>\n<p>Los registros legalmente requeridos no cubren uno a uno los requisitos ambientales actuales establecidos por el mercado. Un certificado ambiental lo hace: un registro ambiental digital est\u00e1 vinculado a un esquema, est\u00e1 validado con una auditor\u00eda y posiblemente un muestreo. De esta manera, el comportamiento ambiental de un productor puede registrarse de manera transparente y confiable. Por cierto, un certificado ambiental tambi\u00e9n puede demostrar que un productor cumple con la ley.<\/p>\n<p>El registro digital y uniforme tambi\u00e9n es importante. Existe una gran necesidad en el sector de datos e informaci\u00f3n fiables y seguros para dar contenido a futuros desarrollos, como huellas e indicadores de impacto ambiental. Estos desarrollos tambi\u00e9n nos ayudan a fortalecer la reputaci\u00f3n de los productos, el sector y nuestro mercado.<\/p>\n<p>[\/et_pb_accordion_item][et_pb_accordion_item title=\u00bb\u00bfA qui\u00e9n se aplica esta obligaci\u00f3n?\u00bb _builder_version=\u00bb4.6.5&#8243; _module_preset=\u00bbdefault\u00bb open=\u00bboff\u00bb]<\/p>\n<p>Esta obligaci\u00f3n se aplica a todos los proveedores (miembros o no miembros) en el mercado de Royal FloraHolland. A m\u00e1s tardar el 31 de diciembre de 2020, todos los proveedores deber\u00e1n mantener de forma demostrable un registro ambiental digital a trav\u00e9s de una de las herramientas de registro conforme al mercado. A m\u00e1s tardar el 31 de diciembre de 2021, todos los proveedores deber\u00e1n estar en posesi\u00f3n de un certificado medioambiental conforme al mercado.<\/p>\n<p>[\/et_pb_accordion_item][et_pb_accordion_item title=\u00bbSi me registro en GreenlinQdata, \u00bfes suficiente para cumplir con el requisito de registro ambiental?\u00bb _builder_version=\u00bb4.6.5&#8243; _module_preset=\u00bbdefault\u00bb open=\u00bboff\u00bb]<\/p>\n<p>No, para cumplir con el registro ambiental 31-12-2020 deber\u00e1 registrarse para registro y con un auditor (Control Union, Ecas o SGS).<\/p>\n<p>[\/et_pb_accordion_item][et_pb_accordion_item title=\u00bbDesde el registro hasta la certificaci\u00f3n. \u00bfC\u00f3mo empiezo?\u00bb _builder_version=\u00bb4.6.6&#8243; _module_preset=\u00bbdefault\u00bb hover_enabled=\u00bb0&#8243; open=\u00bboff\u00bb sticky_enabled=\u00bb0&#8243;]<\/p>\n<ul>\n<li>Se registra en GreenlinQdata.<\/li>\n<li>Al mismo tiempo, solicita una (o m\u00e1s) oferta(s) a:<\/li>\n<\/ul>\n<div>\n<ol>\n<li><a title=\"controlunion\" href=\"https:\/\/certifications.controlunion.com\/nl\" target=\"_blank\" rel=\"noopener noreferrer\">Control Union Certifications<\/a><\/li>\n<li><a title=\"ecas\" href=\"https:\/\/ecas.nl\/diensten\/ida\/\" target=\"_blank\" rel=\"noopener noreferrer\">MPS-ECAS<\/a><\/li>\n<li><a title=\"sgs\" href=\"https:\/\/www.sgs.nl\/nl-nl\/news\/2020\/09\/sierteelt\" target=\"_blank\" rel=\"noopener noreferrer\">SGS<\/a><\/li>\n<\/ol>\n<\/div>\n<ul>\n<li>Despu\u00e9s de la aprobaci\u00f3n de la oferta, el CI de su elecci\u00f3n lo registrar\u00e1 en GLOBALG.A.P. para el m\u00f3dulo IDA. Despu\u00e9s de esto, comienza con el registro ambiental digital en GreenlinQdata.<\/li>\n<li>Despu\u00e9s de 6 meses de registro ambiental digital y una auditor\u00eda exitosa por parte del CI de su elecci\u00f3n, recibir\u00e1 el certificado ambiental.<\/li>\n<\/ul>\n<p>[\/et_pb_accordion_item][et_pb_accordion_item title=\u00bb\u00bfQu\u00e9 pasa si no me registro a tiempo?\u00bb _builder_version=\u00bb4.6.5&#8243; _module_preset=\u00bbdefault\u00bb open=\u00bboff\u00bb]<\/p>\n<p>La direcci\u00f3n de Royal FlorHolland sigue el consejo del Consejo de Miembros del 8 de octubre de 2020 e introduce el mantenimiento gradual del registro ambiental digital y la certificaci\u00f3n ambiental.\u00a0Para varios productores, la obligaci\u00f3n del registro ambiental digital y la certificaci\u00f3n ambiental es un gran desaf\u00edo. Para cumplir con ellos, Royal FloraHolland inicia el mantenimiento gradual, seg\u00fan el volumen de facturaci\u00f3n. Esto les da a los productores con un volumen de facturaci\u00f3n m\u00e1s reducido y a los productores fuera de los Pa\u00edses Bajos m\u00e1s tiempo, para orientarse sobre las opciones de registro ambiental digital y certificaci\u00f3n ambiental.\u00a0<\/p>\n<p><a href=\"https:\/\/www.royalfloraholland.com\/nl\/nieuws-2020\/week-42\/ledenraad-niet-unaniem-in-advies-handhaving-milieuregistratie\">Haga clic aqu\u00ed para obtener m\u00e1s informaci\u00f3n sobre el mantenimiento gradual<\/a><\/p>\n<p>[\/et_pb_accordion_item][et_pb_accordion_item title=\u00bb\u00bfQu\u00e9 requisitos deben cumplir el registro y la certificaci\u00f3n ambiental digital?\u00bb _builder_version=\u00bb4.6.5&#8243; _module_preset=\u00bbdefault\u00bb open=\u00bboff\u00bb]<\/p>\n<p>Los requisitos los establece la Iniciativa de Sostenibilidad de la Floricultura. El registro consiste en el registro uniforme y digital de los agentes fitosanitarios usados, los fertilizantes y el consumo de agua y energ\u00eda. Estas son cosas que los productores ya mantienen legalmente. Adem\u00e1s del requisito legal, esto ahora debe hacerse digitalmente. Adem\u00e1s, se solicita un plan de Integrated Pest Management. Para la certificaci\u00f3n, FSI en particular fija los requisitos sobre la forma en que se realiza el control del registro (auditor\u00eda y posiblemente muestreo).<\/p>\n<p>[\/et_pb_accordion_item][et_pb_accordion_item title=\u00bb\u00bfCu\u00e1nto cuesta el certificado ambiental?\u00bb _builder_version=\u00bb4.6.5&#8243; _module_preset=\u00bbdefault\u00bb open=\u00bboff\u00bb]<\/p>\n<p>La herramienta de registro de GQ-data basisregistratie cuesta 299 \u20ac al a\u00f1o para los miembros de Royal FloraHolland. Tambi\u00e9n paga una contribuci\u00f3n a GLOBALG.A.P. y a las organizaciones certificadoras por la auditor\u00eda anual. Los precios suelen depender del tama\u00f1o de su negocio.<\/p>\n<p>[\/et_pb_accordion_item][et_pb_accordion_item title=\u00bb\u00bfQu\u00e9 organismos realizan la auditor\u00eda para el certificado?\u00bb _builder_version=\u00bb4.6.5&#8243; _module_preset=\u00bbdefault\u00bb open=\u00bboff\u00bb]<\/p>\n<p>Actualmente, hay tres organismos de certificaci\u00f3n para GLOBALG.A.P.:\u00a0 Control Union, Ecas y SGS.<\/p>\n<p>[\/et_pb_accordion_item][et_pb_accordion_item title=\u00bb\u00bfD\u00f3nde puedo encontrar mi c\u00f3digo GLN?\u00bb _builder_version=\u00bb4.6.5&#8243; _module_preset=\u00bbdefault\u00bb open=\u00bboff\u00bb]<\/p>\n<p>Podr\u00e1 encontrar su c\u00f3digo GLN (Global Location Number) en <a href=\"http:\/\/www.floricode.com\">www.floricode.com<\/a> para cultivadores ornamentales.<\/p>\n<p>[\/et_pb_accordion_item][et_pb_accordion_item title=\u00bb\u00bfD\u00f3nde puedo encontrar mi c\u00f3digo GGN?\u00bb _builder_version=\u00bb4.6.5&#8243; _module_preset=\u00bbdefault\u00bb open=\u00bboff\u00bb]<\/p>\n<p>Su auditor le proporcionar\u00e1 su GGN (Global Gap Number) cuando lo registre en GLOBAL GAP y algunas organizaciones de productores tambi\u00e9n pueden proporcionar este c\u00f3digo.<\/p>\n<p>[\/et_pb_accordion_item][et_pb_accordion_item title=\u00bb\u00bfPuedo certificar tambi\u00e9n mi empresa en el extranjero?\u00bb _builder_version=\u00bb4.6.5&#8243; _module_preset=\u00bbdefault\u00bb open=\u00bboff\u00bb]<\/p>\n<p>Para los productores de Alemania, B\u00e9lgica, Italia y Espa\u00f1a, la herramienta de registro se est\u00e1 traduciendo y vinculando actualmente a las bases de datos espec\u00edficas de cada pa\u00eds de productos fitosanitarios.<\/p>\n<p>[\/et_pb_accordion_item][\/et_pb_accordion][\/et_pb_column][\/et_pb_row][\/et_pb_section][et_pb_section fb_built=\u00bb1&#8243; _builder_version=\u00bb4.6.6&#8243; _module_preset=\u00bbdefault\u00bb][et_pb_row column_structure=\u00bb1_2,1_2&#8243; _builder_version=\u00bb4.6.6&#8243; _module_preset=\u00bbdefault\u00bb][et_pb_column type=\u00bb1_2&#8243; _builder_version=\u00bb4.6.6&#8243; _module_preset=\u00bbdefault\u00bb][et_pb_text _builder_version=\u00bb4.6.6&#8243; _module_preset=\u00bbdefault\u00bb]<\/p>\n<h3>\u00bfC\u00f3mo creo una cuenta?<\/h3>\n<p>[\/et_pb_text][et_pb_video src=\u00bbhttps:\/\/youtu.be\/wDJL9bu1_-s\u00bb _builder_version=\u00bb4.6.6&#8243; _module_preset=\u00bbdefault\u00bb][\/et_pb_video][\/et_pb_column][et_pb_column type=\u00bb1_2&#8243; _builder_version=\u00bb4.6.6&#8243; _module_preset=\u00bbdefault\u00bb][et_pb_text _builder_version=\u00bb4.6.6&#8243; _module_preset=\u00bbdefault\u00bb]<\/p>\n<h3>\u00bfC\u00f3mo completo mi cuenta?<\/h3>\n<p>[\/et_pb_text][et_pb_video src=\u00bbhttps:\/\/youtu.be\/NDvZMSH2OpY\u00bb _builder_version=\u00bb4.6.6&#8243; _module_preset=\u00bbdefault\u00bb][\/et_pb_video][\/et_pb_column][\/et_pb_row][\/et_pb_section]<\/p>\n","protected":false},"excerpt":{"rendered":"<p>Cuando se registre para el GQ-data gewasbescherming recibir\u00e1 un login. Con este login tendr\u00e1 acceso a la cuenta en l\u00ednea. Aqu\u00ed tambi\u00e9n podr\u00e1 indicar que quiere hacer uso del registro b\u00e1sico.Podr\u00e1 encontrar la aplicaci\u00f3n en la App Store y en Play Store en su tableta o tel\u00e9fono inteligente. Busque en GQ_Mobile.Si, si puedes.\u00a0Adem\u00e1s de sus [&hellip;]<\/p>\n","protected":false},"author":11,"featured_media":1183,"parent":1168,"menu_order":3,"comment_status":"closed","ping_status":"closed","template":"","meta":{"_et_pb_use_builder":"on","_et_pb_old_content":"","_et_gb_content_width":"","footnotes":""},"class_list":["post-1182","page","type-page","status-publish","has-post-thumbnail","hentry"],"yoast_head":"<!-- This site is optimized with the Yoast SEO plugin v27.4 - https:\/\/yoast.com\/product\/yoast-seo-wordpress\/ -->\n<title>Las preguntas m\u00e1s frecuentes - GreenlinQdata<\/title>\n<meta name=\"description\" content=\"Software voor telers en afzetorganisatie voor het registreren van gewasbeschermingsmiddelen, meststoffen, biologie, water en energi. U maakt uitgebreide rapportages en houdt makkelijk uw voorraad bij. Siertelers kunnen met deze applicatie hun milieuregistratie doen voor GLOBAL G.A.P.\" \/>\n<meta name=\"robots\" content=\"index, follow, max-snippet:-1, max-image-preview:large, max-video-preview:-1\" \/>\n<link rel=\"canonical\" href=\"https:\/\/greenlinqdata.nl\/es\/productos\/las-preguntas-mas-frecuentes\/\" \/>\n<meta property=\"og:locale\" content=\"es_ES\" \/>\n<meta property=\"og:type\" content=\"article\" \/>\n<meta property=\"og:title\" content=\"Las preguntas m\u00e1s frecuentes - GreenlinQdata\" \/>\n<meta property=\"og:description\" content=\"Software voor telers en afzetorganisatie voor het registreren van gewasbeschermingsmiddelen, meststoffen, biologie, water en energi. U maakt uitgebreide rapportages en houdt makkelijk uw voorraad bij. Siertelers kunnen met deze applicatie hun milieuregistratie doen voor GLOBAL G.A.P.\" \/>\n<meta property=\"og:url\" content=\"https:\/\/greenlinqdata.nl\/es\/productos\/las-preguntas-mas-frecuentes\/\" \/>\n<meta property=\"og:site_name\" content=\"GreenlinQdata\" \/>\n<meta property=\"article:modified_time\" content=\"2021-02-15T13:29:49+00:00\" \/>\n<meta property=\"og:image\" content=\"https:\/\/greenlinqdata.nl\/wp-content\/uploads\/2020\/10\/greenlinqdata_shutterstock_521456005.jpg\" \/>\n\t<meta property=\"og:image:width\" content=\"1600\" \/>\n\t<meta property=\"og:image:height\" content=\"700\" \/>\n\t<meta property=\"og:image:type\" content=\"image\/jpeg\" \/>\n<meta name=\"twitter:card\" content=\"summary_large_image\" \/>\n<meta name=\"twitter:label1\" content=\"Tiempo de lectura\" \/>\n\t<meta name=\"twitter:data1\" content=\"9 minutos\" \/>\n<script type=\"application\/ld+json\" class=\"yoast-schema-graph\">{\"@context\":\"https:\\\/\\\/schema.org\",\"@graph\":[{\"@type\":\"WebPage\",\"@id\":\"https:\\\/\\\/greenlinqdata.nl\\\/es\\\/productos\\\/las-preguntas-mas-frecuentes\\\/\",\"url\":\"https:\\\/\\\/greenlinqdata.nl\\\/es\\\/productos\\\/las-preguntas-mas-frecuentes\\\/\",\"name\":\"Las preguntas m\u00e1s frecuentes - GreenlinQdata\",\"isPartOf\":{\"@id\":\"https:\\\/\\\/greenlinqdata.nl\\\/es\\\/#website\"},\"primaryImageOfPage\":{\"@id\":\"https:\\\/\\\/greenlinqdata.nl\\\/es\\\/productos\\\/las-preguntas-mas-frecuentes\\\/#primaryimage\"},\"image\":{\"@id\":\"https:\\\/\\\/greenlinqdata.nl\\\/es\\\/productos\\\/las-preguntas-mas-frecuentes\\\/#primaryimage\"},\"thumbnailUrl\":\"https:\\\/\\\/greenlinqdata.nl\\\/wp-content\\\/uploads\\\/2020\\\/10\\\/greenlinqdata_shutterstock_521456005.jpg\",\"datePublished\":\"2020-12-21T12:10:12+00:00\",\"dateModified\":\"2021-02-15T13:29:49+00:00\",\"description\":\"Software voor telers en afzetorganisatie voor het registreren van gewasbeschermingsmiddelen, meststoffen, biologie, water en energi. U maakt uitgebreide rapportages en houdt makkelijk uw voorraad bij. Siertelers kunnen met deze applicatie hun milieuregistratie doen voor GLOBAL G.A.P.\",\"breadcrumb\":{\"@id\":\"https:\\\/\\\/greenlinqdata.nl\\\/es\\\/productos\\\/las-preguntas-mas-frecuentes\\\/#breadcrumb\"},\"inLanguage\":\"es\",\"potentialAction\":[{\"@type\":\"ReadAction\",\"target\":[\"https:\\\/\\\/greenlinqdata.nl\\\/es\\\/productos\\\/las-preguntas-mas-frecuentes\\\/\"]}]},{\"@type\":\"ImageObject\",\"inLanguage\":\"es\",\"@id\":\"https:\\\/\\\/greenlinqdata.nl\\\/es\\\/productos\\\/las-preguntas-mas-frecuentes\\\/#primaryimage\",\"url\":\"https:\\\/\\\/greenlinqdata.nl\\\/wp-content\\\/uploads\\\/2020\\\/10\\\/greenlinqdata_shutterstock_521456005.jpg\",\"contentUrl\":\"https:\\\/\\\/greenlinqdata.nl\\\/wp-content\\\/uploads\\\/2020\\\/10\\\/greenlinqdata_shutterstock_521456005.jpg\",\"width\":1600,\"height\":700},{\"@type\":\"BreadcrumbList\",\"@id\":\"https:\\\/\\\/greenlinqdata.nl\\\/es\\\/productos\\\/las-preguntas-mas-frecuentes\\\/#breadcrumb\",\"itemListElement\":[{\"@type\":\"ListItem\",\"position\":1,\"name\":\"Home\",\"item\":\"https:\\\/\\\/greenlinqdata.nl\\\/es\\\/\"},{\"@type\":\"ListItem\",\"position\":2,\"name\":\"Productos\",\"item\":\"https:\\\/\\\/greenlinqdata.nl\\\/es\\\/productos\\\/\"},{\"@type\":\"ListItem\",\"position\":3,\"name\":\"Las preguntas m\u00e1s frecuentes\"}]},{\"@type\":\"WebSite\",\"@id\":\"https:\\\/\\\/greenlinqdata.nl\\\/es\\\/#website\",\"url\":\"https:\\\/\\\/greenlinqdata.nl\\\/es\\\/\",\"name\":\"GreenlinQdata\",\"description\":\"\",\"publisher\":{\"@id\":\"https:\\\/\\\/greenlinqdata.nl\\\/es\\\/#organization\"},\"potentialAction\":[{\"@type\":\"SearchAction\",\"target\":{\"@type\":\"EntryPoint\",\"urlTemplate\":\"https:\\\/\\\/greenlinqdata.nl\\\/es\\\/?s={search_term_string}\"},\"query-input\":{\"@type\":\"PropertyValueSpecification\",\"valueRequired\":true,\"valueName\":\"search_term_string\"}}],\"inLanguage\":\"es\"},{\"@type\":\"Organization\",\"@id\":\"https:\\\/\\\/greenlinqdata.nl\\\/es\\\/#organization\",\"name\":\"GreenlinQdata\",\"url\":\"https:\\\/\\\/greenlinqdata.nl\\\/es\\\/\",\"logo\":{\"@type\":\"ImageObject\",\"inLanguage\":\"es\",\"@id\":\"https:\\\/\\\/greenlinqdata.nl\\\/es\\\/#\\\/schema\\\/logo\\\/image\\\/\",\"url\":\"https:\\\/\\\/greenlinqdata.nl\\\/wp-content\\\/uploads\\\/2020\\\/10\\\/logo.png\",\"contentUrl\":\"https:\\\/\\\/greenlinqdata.nl\\\/wp-content\\\/uploads\\\/2020\\\/10\\\/logo.png\",\"width\":679,\"height\":100,\"caption\":\"GreenlinQdata\"},\"image\":{\"@id\":\"https:\\\/\\\/greenlinqdata.nl\\\/es\\\/#\\\/schema\\\/logo\\\/image\\\/\"}}]}<\/script>\n<!-- \/ Yoast SEO plugin. -->","yoast_head_json":{"title":"Las preguntas m\u00e1s frecuentes - GreenlinQdata","description":"Software voor telers en afzetorganisatie voor het registreren van gewasbeschermingsmiddelen, meststoffen, biologie, water en energi. U maakt uitgebreide rapportages en houdt makkelijk uw voorraad bij. Siertelers kunnen met deze applicatie hun milieuregistratie doen voor GLOBAL G.A.P.","robots":{"index":"index","follow":"follow","max-snippet":"max-snippet:-1","max-image-preview":"max-image-preview:large","max-video-preview":"max-video-preview:-1"},"canonical":"https:\/\/greenlinqdata.nl\/es\/productos\/las-preguntas-mas-frecuentes\/","og_locale":"es_ES","og_type":"article","og_title":"Las preguntas m\u00e1s frecuentes - GreenlinQdata","og_description":"Software voor telers en afzetorganisatie voor het registreren van gewasbeschermingsmiddelen, meststoffen, biologie, water en energi. U maakt uitgebreide rapportages en houdt makkelijk uw voorraad bij. Siertelers kunnen met deze applicatie hun milieuregistratie doen voor GLOBAL G.A.P.","og_url":"https:\/\/greenlinqdata.nl\/es\/productos\/las-preguntas-mas-frecuentes\/","og_site_name":"GreenlinQdata","article_modified_time":"2021-02-15T13:29:49+00:00","og_image":[{"width":1600,"height":700,"url":"https:\/\/greenlinqdata.nl\/wp-content\/uploads\/2020\/10\/greenlinqdata_shutterstock_521456005.jpg","type":"image\/jpeg"}],"twitter_card":"summary_large_image","twitter_misc":{"Tiempo de lectura":"9 minutos"},"schema":{"@context":"https:\/\/schema.org","@graph":[{"@type":"WebPage","@id":"https:\/\/greenlinqdata.nl\/es\/productos\/las-preguntas-mas-frecuentes\/","url":"https:\/\/greenlinqdata.nl\/es\/productos\/las-preguntas-mas-frecuentes\/","name":"Las preguntas m\u00e1s frecuentes - GreenlinQdata","isPartOf":{"@id":"https:\/\/greenlinqdata.nl\/es\/#website"},"primaryImageOfPage":{"@id":"https:\/\/greenlinqdata.nl\/es\/productos\/las-preguntas-mas-frecuentes\/#primaryimage"},"image":{"@id":"https:\/\/greenlinqdata.nl\/es\/productos\/las-preguntas-mas-frecuentes\/#primaryimage"},"thumbnailUrl":"https:\/\/greenlinqdata.nl\/wp-content\/uploads\/2020\/10\/greenlinqdata_shutterstock_521456005.jpg","datePublished":"2020-12-21T12:10:12+00:00","dateModified":"2021-02-15T13:29:49+00:00","description":"Software voor telers en afzetorganisatie voor het registreren van gewasbeschermingsmiddelen, meststoffen, biologie, water en energi. U maakt uitgebreide rapportages en houdt makkelijk uw voorraad bij. Siertelers kunnen met deze applicatie hun milieuregistratie doen voor GLOBAL G.A.P.","breadcrumb":{"@id":"https:\/\/greenlinqdata.nl\/es\/productos\/las-preguntas-mas-frecuentes\/#breadcrumb"},"inLanguage":"es","potentialAction":[{"@type":"ReadAction","target":["https:\/\/greenlinqdata.nl\/es\/productos\/las-preguntas-mas-frecuentes\/"]}]},{"@type":"ImageObject","inLanguage":"es","@id":"https:\/\/greenlinqdata.nl\/es\/productos\/las-preguntas-mas-frecuentes\/#primaryimage","url":"https:\/\/greenlinqdata.nl\/wp-content\/uploads\/2020\/10\/greenlinqdata_shutterstock_521456005.jpg","contentUrl":"https:\/\/greenlinqdata.nl\/wp-content\/uploads\/2020\/10\/greenlinqdata_shutterstock_521456005.jpg","width":1600,"height":700},{"@type":"BreadcrumbList","@id":"https:\/\/greenlinqdata.nl\/es\/productos\/las-preguntas-mas-frecuentes\/#breadcrumb","itemListElement":[{"@type":"ListItem","position":1,"name":"Home","item":"https:\/\/greenlinqdata.nl\/es\/"},{"@type":"ListItem","position":2,"name":"Productos","item":"https:\/\/greenlinqdata.nl\/es\/productos\/"},{"@type":"ListItem","position":3,"name":"Las preguntas m\u00e1s frecuentes"}]},{"@type":"WebSite","@id":"https:\/\/greenlinqdata.nl\/es\/#website","url":"https:\/\/greenlinqdata.nl\/es\/","name":"GreenlinQdata","description":"","publisher":{"@id":"https:\/\/greenlinqdata.nl\/es\/#organization"},"potentialAction":[{"@type":"SearchAction","target":{"@type":"EntryPoint","urlTemplate":"https:\/\/greenlinqdata.nl\/es\/?s={search_term_string}"},"query-input":{"@type":"PropertyValueSpecification","valueRequired":true,"valueName":"search_term_string"}}],"inLanguage":"es"},{"@type":"Organization","@id":"https:\/\/greenlinqdata.nl\/es\/#organization","name":"GreenlinQdata","url":"https:\/\/greenlinqdata.nl\/es\/","logo":{"@type":"ImageObject","inLanguage":"es","@id":"https:\/\/greenlinqdata.nl\/es\/#\/schema\/logo\/image\/","url":"https:\/\/greenlinqdata.nl\/wp-content\/uploads\/2020\/10\/logo.png","contentUrl":"https:\/\/greenlinqdata.nl\/wp-content\/uploads\/2020\/10\/logo.png","width":679,"height":100,"caption":"GreenlinQdata"},"image":{"@id":"https:\/\/greenlinqdata.nl\/es\/#\/schema\/logo\/image\/"}}]}},"_links":{"self":[{"href":"https:\/\/greenlinqdata.nl\/es\/wp-json\/wp\/v2\/pages\/1182","targetHints":{"allow":["GET"]}}],"collection":[{"href":"https:\/\/greenlinqdata.nl\/es\/wp-json\/wp\/v2\/pages"}],"about":[{"href":"https:\/\/greenlinqdata.nl\/es\/wp-json\/wp\/v2\/types\/page"}],"author":[{"embeddable":true,"href":"https:\/\/greenlinqdata.nl\/es\/wp-json\/wp\/v2\/users\/11"}],"replies":[{"embeddable":true,"href":"https:\/\/greenlinqdata.nl\/es\/wp-json\/wp\/v2\/comments?post=1182"}],"version-history":[{"count":3,"href":"https:\/\/greenlinqdata.nl\/es\/wp-json\/wp\/v2\/pages\/1182\/revisions"}],"predecessor-version":[{"id":1448,"href":"https:\/\/greenlinqdata.nl\/es\/wp-json\/wp\/v2\/pages\/1182\/revisions\/1448"}],"up":[{"embeddable":true,"href":"https:\/\/greenlinqdata.nl\/es\/wp-json\/wp\/v2\/pages\/1168"}],"wp:featuredmedia":[{"embeddable":true,"href":"https:\/\/greenlinqdata.nl\/es\/wp-json\/wp\/v2\/media\/1183"}],"wp:attachment":[{"href":"https:\/\/greenlinqdata.nl\/es\/wp-json\/wp\/v2\/media?parent=1182"}],"curies":[{"name":"wp","href":"https:\/\/api.w.org\/{rel}","templated":true}]}}