{"id":1188,"date":"2020-12-21T12:14:40","date_gmt":"2020-12-21T12:14:40","guid":{"rendered":"https:\/\/greenlinqdata.nl\/productos\/la-aplicacion-gq\/"},"modified":"2020-12-21T12:14:41","modified_gmt":"2020-12-21T12:14:41","slug":"la-aplicacion-gq","status":"publish","type":"page","link":"https:\/\/greenlinqdata.nl\/es\/productos\/la-aplicacion-gq\/","title":{"rendered":"la aplicaci\u00f3n GQ"},"content":{"rendered":"<p>[et_pb_section fb_built=\u00bb1&#8243; _builder_version=\u00bb4.6.5&#8243; _module_preset=\u00bbdefault\u00bb][et_pb_row _builder_version=\u00bb4.6.5&#8243; _module_preset=\u00bbdefault\u00bb][et_pb_column type=\u00bb4_4&#8243; _builder_version=\u00bb4.6.5&#8243; _module_preset=\u00bbdefault\u00bb][et_pb_image src=\u00bbhttps:\/\/greenlinqdata.nl\/wp-content\/uploads\/2020\/10\/GQ-app_smartphone.jpg\u00bb title_text=\u00bbGQ-app_smartphone\u00bb _builder_version=\u00bb4.6.5&#8243; _module_preset=\u00bbdefault\u00bb hover_enabled=\u00bb0&#8243; sticky_enabled=\u00bb0&#8243;][\/et_pb_image][et_pb_text _builder_version=\u00bb4.6.5&#8243; _module_preset=\u00bbdefault\u00bb custom_margin=\u00bb20px||||false|false\u00bb]<\/p>\n<p>Con la aplicaci\u00f3n GQ podr\u00e1 utilizar los m\u00f3dulos de registro de datos de GQ en cualquier lugar. Crea una cuenta y luego podr\u00e1 usar la aplicaci\u00f3n GQ de forma gratuita. Esto le permitir\u00e1 registrar r\u00e1pidamente sus recursos y actualizar f\u00e1cilmente el stock. La aplicaci\u00f3n se puede utilizar sin conexi\u00f3n y se sincroniza en cuanto se vuelva a conectar a WiFi.<\/p>\n<p>\u221a\u00a0Tambi\u00e9n trabaja sin conexi\u00f3n<br \/>\u221a\u00a0Funci\u00f3n de escaneo para c\u00f3digos de barras<br \/>\u221a\u00a0Opci\u00f3n de copia de registros anteriores<br \/>\u221a\u00a0Disponible para Android y Apple<\/p>\n<p>Descargue la aplicaci\u00f3n con el c\u00f3digo QR a continuaci\u00f3n en la Play Store.<\/p>\n<p><img decoding=\"async\" class=\"wp-image-612 aligncenter size-full\" src=\"https:\/\/greenlinqdata.nl\/wp-content\/uploads\/2020\/10\/GQ-app_PlayStore.png\" alt=\"QR code GQ-app\" width=\"300\" height=\"300\" srcset=\"https:\/\/greenlinqdata.nl\/wp-content\/uploads\/2020\/10\/GQ-app_PlayStore.png 300w, https:\/\/greenlinqdata.nl\/wp-content\/uploads\/2020\/10\/GQ-app_PlayStore-150x150.png 150w\" sizes=\"(max-width: 300px) 100vw, 300px\" \/><\/p>\n<p>[\/et_pb_text][et_pb_text _builder_version=\u00bb4.6.5&#8243; _module_preset=\u00bbdefault\u00bb width=\u00bb100%\u00bb custom_margin=\u00bb20px||||false|false\u00bb]<\/p>\n<h4 style=\"text-align: center;\"><strong>\u00bfTiene alguna pregunta? \u00bfDesea saber algo m\u00e1s?<\/strong><\/h4>\n<p style=\"text-align: center;\">No dude en ponerse en <a href=\"https:\/\/greenlinqdata.nl\/es\/contacto\/\">contacto<\/a> con uno de nuestros especialistas experimentados.<\/p>\n<p>&nbsp;<\/p>\n<p>[\/et_pb_text][\/et_pb_column][\/et_pb_row][\/et_pb_section]<\/p>\n","protected":false},"excerpt":{"rendered":"<p>Con la aplicaci\u00f3n GQ podr\u00e1 utilizar los m\u00f3dulos de registro de datos de GQ en cualquier lugar. Crea una cuenta y luego podr\u00e1 usar la aplicaci\u00f3n GQ de forma gratuita. Esto le permitir\u00e1 registrar r\u00e1pidamente sus recursos y actualizar f\u00e1cilmente el stock. La aplicaci\u00f3n se puede utilizar sin conexi\u00f3n y se sincroniza en cuanto se [&hellip;]<\/p>\n","protected":false},"author":3,"featured_media":1196,"parent":1168,"menu_order":4,"comment_status":"closed","ping_status":"closed","template":"","meta":{"_et_pb_use_builder":"on","_et_pb_old_content":"","_et_gb_content_width":"","footnotes":""},"class_list":["post-1188","page","type-page","status-publish","has-post-thumbnail","hentry"],"yoast_head":"<!-- This site is optimized with the Yoast SEO plugin v27.4 - https:\/\/yoast.com\/product\/yoast-seo-wordpress\/ -->\n<title>la aplicaci\u00f3n GQ - GreenlinQdata<\/title>\n<meta name=\"description\" content=\"Software voor telers en afzetorganisatie voor het registreren van gewasbeschermingsmiddelen, meststoffen, biologie, water en energi. U maakt uitgebreide rapportages en houdt makkelijk uw voorraad bij. Siertelers kunnen met deze applicatie hun milieuregistratie doen voor GLOBAL G.A.P.\" \/>\n<meta name=\"robots\" content=\"index, follow, max-snippet:-1, max-image-preview:large, max-video-preview:-1\" \/>\n<link rel=\"canonical\" href=\"https:\/\/greenlinqdata.nl\/es\/productos\/la-aplicacion-gq\/\" \/>\n<meta property=\"og:locale\" content=\"es_ES\" \/>\n<meta property=\"og:type\" content=\"article\" \/>\n<meta property=\"og:title\" content=\"la aplicaci\u00f3n GQ - GreenlinQdata\" \/>\n<meta property=\"og:description\" content=\"Software voor telers en afzetorganisatie voor het registreren van gewasbeschermingsmiddelen, meststoffen, biologie, water en energi. U maakt uitgebreide rapportages en houdt makkelijk uw voorraad bij. Siertelers kunnen met deze applicatie hun milieuregistratie doen voor GLOBAL G.A.P.\" \/>\n<meta property=\"og:url\" content=\"https:\/\/greenlinqdata.nl\/es\/productos\/la-aplicacion-gq\/\" \/>\n<meta property=\"og:site_name\" content=\"GreenlinQdata\" \/>\n<meta property=\"article:modified_time\" content=\"2020-12-21T12:14:41+00:00\" \/>\n<meta property=\"og:image\" content=\"https:\/\/greenlinqdata.nl\/wp-content\/uploads\/2020\/10\/GQ-app_PlayStore.png\" \/>\n<meta name=\"twitter:card\" content=\"summary_large_image\" \/>\n<meta name=\"twitter:label1\" content=\"Tiempo de lectura\" \/>\n\t<meta name=\"twitter:data1\" content=\"1 minuto\" \/>\n<script type=\"application\/ld+json\" class=\"yoast-schema-graph\">{\"@context\":\"https:\\\/\\\/schema.org\",\"@graph\":[{\"@type\":\"WebPage\",\"@id\":\"https:\\\/\\\/greenlinqdata.nl\\\/es\\\/productos\\\/la-aplicacion-gq\\\/\",\"url\":\"https:\\\/\\\/greenlinqdata.nl\\\/es\\\/productos\\\/la-aplicacion-gq\\\/\",\"name\":\"la aplicaci\u00f3n GQ - GreenlinQdata\",\"isPartOf\":{\"@id\":\"https:\\\/\\\/greenlinqdata.nl\\\/es\\\/#website\"},\"primaryImageOfPage\":{\"@id\":\"https:\\\/\\\/greenlinqdata.nl\\\/es\\\/productos\\\/la-aplicacion-gq\\\/#primaryimage\"},\"image\":{\"@id\":\"https:\\\/\\\/greenlinqdata.nl\\\/es\\\/productos\\\/la-aplicacion-gq\\\/#primaryimage\"},\"thumbnailUrl\":\"https:\\\/\\\/greenlinqdata.nl\\\/wp-content\\\/uploads\\\/2020\\\/10\\\/greenlinqdata-web-shutterstock_456567796.jpg\",\"datePublished\":\"2020-12-21T12:14:40+00:00\",\"dateModified\":\"2020-12-21T12:14:41+00:00\",\"description\":\"Software voor telers en afzetorganisatie voor het registreren van gewasbeschermingsmiddelen, meststoffen, biologie, water en energi. U maakt uitgebreide rapportages en houdt makkelijk uw voorraad bij. Siertelers kunnen met deze applicatie hun milieuregistratie doen voor GLOBAL G.A.P.\",\"breadcrumb\":{\"@id\":\"https:\\\/\\\/greenlinqdata.nl\\\/es\\\/productos\\\/la-aplicacion-gq\\\/#breadcrumb\"},\"inLanguage\":\"es\",\"potentialAction\":[{\"@type\":\"ReadAction\",\"target\":[\"https:\\\/\\\/greenlinqdata.nl\\\/es\\\/productos\\\/la-aplicacion-gq\\\/\"]}]},{\"@type\":\"ImageObject\",\"inLanguage\":\"es\",\"@id\":\"https:\\\/\\\/greenlinqdata.nl\\\/es\\\/productos\\\/la-aplicacion-gq\\\/#primaryimage\",\"url\":\"https:\\\/\\\/greenlinqdata.nl\\\/wp-content\\\/uploads\\\/2020\\\/10\\\/greenlinqdata-web-shutterstock_456567796.jpg\",\"contentUrl\":\"https:\\\/\\\/greenlinqdata.nl\\\/wp-content\\\/uploads\\\/2020\\\/10\\\/greenlinqdata-web-shutterstock_456567796.jpg\",\"width\":1600,\"height\":700},{\"@type\":\"BreadcrumbList\",\"@id\":\"https:\\\/\\\/greenlinqdata.nl\\\/es\\\/productos\\\/la-aplicacion-gq\\\/#breadcrumb\",\"itemListElement\":[{\"@type\":\"ListItem\",\"position\":1,\"name\":\"Home\",\"item\":\"https:\\\/\\\/greenlinqdata.nl\\\/es\\\/\"},{\"@type\":\"ListItem\",\"position\":2,\"name\":\"Productos\",\"item\":\"https:\\\/\\\/greenlinqdata.nl\\\/es\\\/productos\\\/\"},{\"@type\":\"ListItem\",\"position\":3,\"name\":\"la aplicaci\u00f3n GQ\"}]},{\"@type\":\"WebSite\",\"@id\":\"https:\\\/\\\/greenlinqdata.nl\\\/es\\\/#website\",\"url\":\"https:\\\/\\\/greenlinqdata.nl\\\/es\\\/\",\"name\":\"GreenlinQdata\",\"description\":\"\",\"publisher\":{\"@id\":\"https:\\\/\\\/greenlinqdata.nl\\\/es\\\/#organization\"},\"potentialAction\":[{\"@type\":\"SearchAction\",\"target\":{\"@type\":\"EntryPoint\",\"urlTemplate\":\"https:\\\/\\\/greenlinqdata.nl\\\/es\\\/?s={search_term_string}\"},\"query-input\":{\"@type\":\"PropertyValueSpecification\",\"valueRequired\":true,\"valueName\":\"search_term_string\"}}],\"inLanguage\":\"es\"},{\"@type\":\"Organization\",\"@id\":\"https:\\\/\\\/greenlinqdata.nl\\\/es\\\/#organization\",\"name\":\"GreenlinQdata\",\"url\":\"https:\\\/\\\/greenlinqdata.nl\\\/es\\\/\",\"logo\":{\"@type\":\"ImageObject\",\"inLanguage\":\"es\",\"@id\":\"https:\\\/\\\/greenlinqdata.nl\\\/es\\\/#\\\/schema\\\/logo\\\/image\\\/\",\"url\":\"https:\\\/\\\/greenlinqdata.nl\\\/wp-content\\\/uploads\\\/2020\\\/10\\\/logo.png\",\"contentUrl\":\"https:\\\/\\\/greenlinqdata.nl\\\/wp-content\\\/uploads\\\/2020\\\/10\\\/logo.png\",\"width\":679,\"height\":100,\"caption\":\"GreenlinQdata\"},\"image\":{\"@id\":\"https:\\\/\\\/greenlinqdata.nl\\\/es\\\/#\\\/schema\\\/logo\\\/image\\\/\"}}]}<\/script>\n<!-- \/ Yoast SEO plugin. -->","yoast_head_json":{"title":"la aplicaci\u00f3n GQ - GreenlinQdata","description":"Software voor telers en afzetorganisatie voor het registreren van gewasbeschermingsmiddelen, meststoffen, biologie, water en energi. U maakt uitgebreide rapportages en houdt makkelijk uw voorraad bij. Siertelers kunnen met deze applicatie hun milieuregistratie doen voor GLOBAL G.A.P.","robots":{"index":"index","follow":"follow","max-snippet":"max-snippet:-1","max-image-preview":"max-image-preview:large","max-video-preview":"max-video-preview:-1"},"canonical":"https:\/\/greenlinqdata.nl\/es\/productos\/la-aplicacion-gq\/","og_locale":"es_ES","og_type":"article","og_title":"la aplicaci\u00f3n GQ - GreenlinQdata","og_description":"Software voor telers en afzetorganisatie voor het registreren van gewasbeschermingsmiddelen, meststoffen, biologie, water en energi. U maakt uitgebreide rapportages en houdt makkelijk uw voorraad bij. Siertelers kunnen met deze applicatie hun milieuregistratie doen voor GLOBAL G.A.P.","og_url":"https:\/\/greenlinqdata.nl\/es\/productos\/la-aplicacion-gq\/","og_site_name":"GreenlinQdata","article_modified_time":"2020-12-21T12:14:41+00:00","og_image":[{"url":"https:\/\/greenlinqdata.nl\/wp-content\/uploads\/2020\/10\/GQ-app_PlayStore.png","type":"","width":"","height":""}],"twitter_card":"summary_large_image","twitter_misc":{"Tiempo de lectura":"1 minuto"},"schema":{"@context":"https:\/\/schema.org","@graph":[{"@type":"WebPage","@id":"https:\/\/greenlinqdata.nl\/es\/productos\/la-aplicacion-gq\/","url":"https:\/\/greenlinqdata.nl\/es\/productos\/la-aplicacion-gq\/","name":"la aplicaci\u00f3n GQ - GreenlinQdata","isPartOf":{"@id":"https:\/\/greenlinqdata.nl\/es\/#website"},"primaryImageOfPage":{"@id":"https:\/\/greenlinqdata.nl\/es\/productos\/la-aplicacion-gq\/#primaryimage"},"image":{"@id":"https:\/\/greenlinqdata.nl\/es\/productos\/la-aplicacion-gq\/#primaryimage"},"thumbnailUrl":"https:\/\/greenlinqdata.nl\/wp-content\/uploads\/2020\/10\/greenlinqdata-web-shutterstock_456567796.jpg","datePublished":"2020-12-21T12:14:40+00:00","dateModified":"2020-12-21T12:14:41+00:00","description":"Software voor telers en afzetorganisatie voor het registreren van gewasbeschermingsmiddelen, meststoffen, biologie, water en energi. U maakt uitgebreide rapportages en houdt makkelijk uw voorraad bij. Siertelers kunnen met deze applicatie hun milieuregistratie doen voor GLOBAL G.A.P.","breadcrumb":{"@id":"https:\/\/greenlinqdata.nl\/es\/productos\/la-aplicacion-gq\/#breadcrumb"},"inLanguage":"es","potentialAction":[{"@type":"ReadAction","target":["https:\/\/greenlinqdata.nl\/es\/productos\/la-aplicacion-gq\/"]}]},{"@type":"ImageObject","inLanguage":"es","@id":"https:\/\/greenlinqdata.nl\/es\/productos\/la-aplicacion-gq\/#primaryimage","url":"https:\/\/greenlinqdata.nl\/wp-content\/uploads\/2020\/10\/greenlinqdata-web-shutterstock_456567796.jpg","contentUrl":"https:\/\/greenlinqdata.nl\/wp-content\/uploads\/2020\/10\/greenlinqdata-web-shutterstock_456567796.jpg","width":1600,"height":700},{"@type":"BreadcrumbList","@id":"https:\/\/greenlinqdata.nl\/es\/productos\/la-aplicacion-gq\/#breadcrumb","itemListElement":[{"@type":"ListItem","position":1,"name":"Home","item":"https:\/\/greenlinqdata.nl\/es\/"},{"@type":"ListItem","position":2,"name":"Productos","item":"https:\/\/greenlinqdata.nl\/es\/productos\/"},{"@type":"ListItem","position":3,"name":"la aplicaci\u00f3n GQ"}]},{"@type":"WebSite","@id":"https:\/\/greenlinqdata.nl\/es\/#website","url":"https:\/\/greenlinqdata.nl\/es\/","name":"GreenlinQdata","description":"","publisher":{"@id":"https:\/\/greenlinqdata.nl\/es\/#organization"},"potentialAction":[{"@type":"SearchAction","target":{"@type":"EntryPoint","urlTemplate":"https:\/\/greenlinqdata.nl\/es\/?s={search_term_string}"},"query-input":{"@type":"PropertyValueSpecification","valueRequired":true,"valueName":"search_term_string"}}],"inLanguage":"es"},{"@type":"Organization","@id":"https:\/\/greenlinqdata.nl\/es\/#organization","name":"GreenlinQdata","url":"https:\/\/greenlinqdata.nl\/es\/","logo":{"@type":"ImageObject","inLanguage":"es","@id":"https:\/\/greenlinqdata.nl\/es\/#\/schema\/logo\/image\/","url":"https:\/\/greenlinqdata.nl\/wp-content\/uploads\/2020\/10\/logo.png","contentUrl":"https:\/\/greenlinqdata.nl\/wp-content\/uploads\/2020\/10\/logo.png","width":679,"height":100,"caption":"GreenlinQdata"},"image":{"@id":"https:\/\/greenlinqdata.nl\/es\/#\/schema\/logo\/image\/"}}]}},"_links":{"self":[{"href":"https:\/\/greenlinqdata.nl\/es\/wp-json\/wp\/v2\/pages\/1188","targetHints":{"allow":["GET"]}}],"collection":[{"href":"https:\/\/greenlinqdata.nl\/es\/wp-json\/wp\/v2\/pages"}],"about":[{"href":"https:\/\/greenlinqdata.nl\/es\/wp-json\/wp\/v2\/types\/page"}],"author":[{"embeddable":true,"href":"https:\/\/greenlinqdata.nl\/es\/wp-json\/wp\/v2\/users\/3"}],"replies":[{"embeddable":true,"href":"https:\/\/greenlinqdata.nl\/es\/wp-json\/wp\/v2\/comments?post=1188"}],"version-history":[{"count":2,"href":"https:\/\/greenlinqdata.nl\/es\/wp-json\/wp\/v2\/pages\/1188\/revisions"}],"predecessor-version":[{"id":1190,"href":"https:\/\/greenlinqdata.nl\/es\/wp-json\/wp\/v2\/pages\/1188\/revisions\/1190"}],"up":[{"embeddable":true,"href":"https:\/\/greenlinqdata.nl\/es\/wp-json\/wp\/v2\/pages\/1168"}],"wp:featuredmedia":[{"embeddable":true,"href":"https:\/\/greenlinqdata.nl\/es\/wp-json\/wp\/v2\/media\/1196"}],"wp:attachment":[{"href":"https:\/\/greenlinqdata.nl\/es\/wp-json\/wp\/v2\/media?parent=1188"}],"curies":[{"name":"wp","href":"https:\/\/api.w.org\/{rel}","templated":true}]}}