{"id":1365,"date":"2021-01-12T09:06:39","date_gmt":"2021-01-12T09:06:39","guid":{"rendered":"https:\/\/greenlinqdata.nl\/home\/"},"modified":"2021-01-12T10:38:25","modified_gmt":"2021-01-12T10:38:25","slug":"home","status":"publish","type":"page","link":"https:\/\/greenlinqdata.nl\/es\/","title":{"rendered":"Home"},"content":{"rendered":"<p>[et_pb_section fb_built=\u00bb1&#8243; fullwidth=\u00bbon\u00bb _builder_version=\u00bb3.26&#8243;][et_pb_fullwidth_slider show_arrows=\u00bboff\u00bb show_pagination=\u00bboff\u00bb use_bg_overlay=\u00bboff\u00bb _builder_version=\u00bb3.26&#8243; max_height=\u00bb1000px\u00bb custom_margin=\u00bb||-8px||false|false\u00bb custom_padding=\u00bb192px||189px|||\u00bb][et_pb_slide heading=\u00bbReg\u00edstrese r\u00e1pida y f\u00e1cilmente\u00bb _builder_version=\u00bb3.26&#8243; background_image=\u00bbhttps:\/\/greenlinqdata.nl\/wp-content\/uploads\/2020\/10\/greenlinqdata-web-shutterstock_211683202.jpg\u00bb background_enable_image=\u00bbon\u00bb sticky_transition=\u00bbon\u00bb][\/et_pb_slide][et_pb_slide heading=\u00bbPreparaci\u00f3n para la auditor\u00eda de GlobalGAP\u00bb _builder_version=\u00bb3.26&#8243; sticky_transition=\u00bbon\u00bb][\/et_pb_slide][et_pb_slide heading=\u00bbCompartir datos con el cliente\u00bb _builder_version=\u00bb3.26&#8243; background_image=\u00bbhttps:\/\/greenlinqdata.nl\/wp-content\/uploads\/2020\/10\/greenlinqdata-web-shutterstock_456567796.jpg\u00bb background_enable_image=\u00bbon\u00bb sticky_transition=\u00bbon\u00bb]<\/p>\n<p>1<\/p>\n<p>[\/et_pb_slide][et_pb_slide heading=\u00bbRegistro del consumo de productos\u00bb _builder_version=\u00bb3.26&#8243; background_image=\u00bbhttps:\/\/greenlinqdata.nl\/wp-content\/uploads\/2020\/10\/greenlinqdata-web-shutterstock_211683202.jpg\u00bb background_enable_image=\u00bbon\u00bb sticky_transition=\u00bbon\u00bb][\/et_pb_slide][et_pb_slide heading=\u00bbRenovar la licencia de fumigaci\u00f3n\u00bb _builder_version=\u00bb3.26&#8243; background_image=\u00bbhttps:\/\/greenlinqdata.nl\/wp-content\/uploads\/2020\/10\/greenlinqdata-web-istock_62221658_large.jpg\u00bb background_enable_image=\u00bbon\u00bb sticky_transition=\u00bbon\u00bb][\/et_pb_slide][et_pb_slide heading=\u00bbRegistro con su m\u00f3vil\u00bb _builder_version=\u00bb3.26&#8243; background_image=\u00bbhttps:\/\/greenlinqdata.nl\/wp-content\/uploads\/2020\/10\/greenlinqdata_shutterstock_521456005.jpg\u00bb background_enable_image=\u00bbon\u00bb sticky_transition=\u00bbon\u00bb][\/et_pb_slide][\/et_pb_fullwidth_slider][\/et_pb_section][et_pb_section fb_built=\u00bb1&#8243; _builder_version=\u00bb4.6.5&#8243; background_color=\u00bbrgba(0,0,0,0)\u00bb custom_margin=\u00bb||||false|false\u00bb][et_pb_row column_structure=\u00bb2_3,1_3&#8243; use_custom_gutter=\u00bbon\u00bb gutter_width=\u00bb2&#8243; make_equal=\u00bbon\u00bb _builder_version=\u00bb3.26&#8243; custom_margin=\u00bb-139px||||false|false\u00bb custom_padding=\u00bb|0px|0px||false|false\u00bb][et_pb_column type=\u00bb2_3&#8243; _builder_version=\u00bb3.26&#8243; background_color=\u00bb#ffffff\u00bb custom_padding=\u00bb20px|20px|20px|20px|true|true\u00bb border_radii=\u00bbon|20px|20px|20px|20px\u00bb][et_pb_image src=\u00bbhttps:\/\/greenlinqdata.nl\/wp-content\/uploads\/2020\/10\/gq-data-300&#215;90.png\u00bb alt=\u00bbGQ-data\u00bb title_text=\u00bbGQ-data\u00bb _builder_version=\u00bb4.6.6&#8243; _module_preset=\u00bbdefault\u00bb][\/et_pb_image][et_pb_text _builder_version=\u00bb4.6.6&#8243; custom_margin=\u00bb24px||15px|15px|false|false\u00bb hover_enabled=\u00bb0&#8243; sticky_enabled=\u00bb0&#8243;]<\/p>\n<h2 style=\"text-align: left;\">\u00bfTambi\u00e9n quieres registrarte de forma r\u00e1pida y sencilla?<\/h2>\n<p>Con la herramienta de registro de GreenlinQdata se registra de forma r\u00e1pida y sencilla. En cualquier lugar y en cualquier momento. Puede compartir de forma segura los datos de sus cultivos y recursos con otras personas con solo tocar un bot\u00f3n, para seguimiento y localizaci\u00f3n o soporte de auditor\u00eda, por ejemplo.<\/p>\n<p>Varios m\u00f3dulos funcionan r\u00e1pida y f\u00e1cilmente, por lo que no tiene que perder tanto tiempo registr\u00e1ndose, pero puede hacer lo que se le da bien: hacer negocios. Si tiene alguna pregunta, estamos a su servicio con un equipo de especialistas orientado al servicio.<\/p>\n<p>Pruebe el m\u00f3dulo gratuito de protecci\u00f3n de cultivos ahora.<\/p>\n<p>[\/et_pb_text][et_pb_button button_url=\u00bbhttps:\/\/portal.greenlinqdata.nl\/GQ_Account_EUM\/CreateGQAccount.aspx\u00bb url_new_window=\u00bbon\u00bb button_text=\u00bbReg\u00edstrese inmediatamente\u00bb button_alignment=\u00bbcenter\u00bb _builder_version=\u00bb4.6.5&#8243; custom_button=\u00bbon\u00bb button_text_size=\u00bb14px\u00bb button_border_width=\u00bb2px\u00bb button_border_radius=\u00bb21px\u00bb][\/et_pb_button][et_pb_text _builder_version=\u00bb4.6.5&#8243; _module_preset=\u00bbdefault\u00bb link_option_url=\u00bbhttps:\/\/greenlinqdata.nl\/es\/productos\/gq-data-registro-de-cultivos\/\u00bb]<\/p>\n<p style=\"text-align: center;\"><a href=\"https:\/\/greenlinqdata.nl\/es\/productos\/gq-data-registro-de-cultivos\/\">Antes quiero saber m\u00e1s<\/a><\/p>\n<p>[\/et_pb_text][\/et_pb_column][et_pb_column type=\u00bb1_3&#8243; _builder_version=\u00bb3.26&#8243; background_color=\u00bb#ffffff\u00bb custom_padding=\u00bb20px|20px|20px|20px|true|true\u00bb border_radii=\u00bbon|20px|20px|20px|20px\u00bb][et_pb_image src=\u00bbhttps:\/\/greenlinqdata.nl\/wp-content\/uploads\/2020\/11\/GLOBALGAP_mini.png\u00bb title_text=\u00bbGLOBALGAP_mini\u00bb align=\u00bbcenter\u00bb _builder_version=\u00bb4.6.6&#8243; _module_preset=\u00bbdefault\u00bb][\/et_pb_image][et_pb_text _builder_version=\u00bb4.6.6&#8243; custom_margin=\u00bb25px||15px|3px|false|false\u00bb custom_padding=\u00bb||||false|false\u00bb]<\/p>\n<h2>Registro ambiental para la floricultura<\/h2>\n<p>\u00bfEs usted productor de plantas ornamentales y suministra a Royal FloraHolland? Entonces reg\u00edstrese aqu\u00ed para obtener el certificado ambiental GLOBALG.A.P..<\/p>\n<p>[\/et_pb_text][et_pb_button button_url=\u00bbhttps:\/\/greenlinqdata.nl\/es\/productos\/certificado-ambiental-para-la-floricultura\/\u00bb button_text=\u00bbM\u00e1s sobre el certificado\u00bb button_alignment=\u00bbcenter\u00bb _builder_version=\u00bb4.6.5&#8243; custom_button=\u00bbon\u00bb button_text_size=\u00bb14px\u00bb button_border_width=\u00bb2px\u00bb button_border_radius=\u00bb21px\u00bb][\/et_pb_button][\/et_pb_column][\/et_pb_row][\/et_pb_section][et_pb_section fb_built=\u00bb1&#8243; _builder_version=\u00bb4.6.5&#8243; _module_preset=\u00bbdefault\u00bb background_image=\u00bbhttps:\/\/greenlinqdata.nl\/wp-content\/uploads\/2020\/10\/Tulpen_GreenlinQdata.jpg\u00bb height=\u00bb350px\u00bb custom_margin=\u00bb30px||||false|false\u00bb custom_padding=\u00bb||||false|false\u00bb][et_pb_row _builder_version=\u00bb4.6.5&#8243; _module_preset=\u00bbdefault\u00bb height=\u00bb350px\u00bb][et_pb_column type=\u00bb4_4&#8243; _builder_version=\u00bb4.6.5&#8243; _module_preset=\u00bbdefault\u00bb][et_pb_cta title=\u00bbDatos accesibles para toda la cadena\u00bb button_url=\u00bbhttps:\/\/greenlinqdata.nl\/es\/productos\/gq-insight\/\u00bb button_text=\u00bbSiga leyendo\u00bb _builder_version=\u00bb4.6.5&#8243; _module_preset=\u00bbdefault\u00bb background_color=\u00bbrgba(133,198,78,0.88)\u00bb custom_button=\u00bbon\u00bb button_text_size=\u00bb14px\u00bb button_bg_color=\u00bbrgba(0,0,0,0)\u00bb button_border_radius=\u00bb21px\u00bb button_font=\u00bb||||on||||\u00bb custom_margin=\u00bb30px||||false|false\u00bb border_radii=\u00bbon|11px|11px|11px|11px\u00bb]<\/p>\n<p>Ayudamos a los productores de horticultura con el registro e informe de toda la informaci\u00f3n sobre el cultivo.<br \/>Y aseguramos el intercambio de esta informaci\u00f3n con las asociaciones de productores y las casas comerciales.<br \/>Para ello, se ha desarrollado una plataforma segura y r\u00e1pida para la organizaci\u00f3n de ventas.<\/p>\n<p>[\/et_pb_cta][\/et_pb_column][\/et_pb_row][\/et_pb_section][et_pb_section fb_built=\u00bb1&#8243; _builder_version=\u00bb4.6.5&#8243; _module_preset=\u00bbdefault\u00bb background_color=\u00bbrgba(100,143,200,0.76)\u00bb background_enable_image=\u00bboff\u00bb height=\u00bb350px\u00bb custom_margin=\u00bb30px||||false|false\u00bb custom_padding=\u00bb||||false|false\u00bb][et_pb_row _builder_version=\u00bb4.6.5&#8243; _module_preset=\u00bbdefault\u00bb background_enable_color=\u00bboff\u00bb height=\u00bb350px\u00bb][et_pb_column type=\u00bb4_4&#8243; _builder_version=\u00bb4.6.5&#8243; _module_preset=\u00bbdefault\u00bb][et_pb_cta title=\u00bbUn equipo de especialistas\u00bb button_url=\u00bbhttps:\/\/greenlinqdata.nl\/es\/sobre-nosotros\/\u00bb button_text=\u00bbM\u00e1s sobre nuestros antecedentes\u00bb _builder_version=\u00bb4.6.5&#8243; _module_preset=\u00bbdefault\u00bb header_font=\u00bb||||||||\u00bb header_text_color=\u00bb#2b2b2b\u00bb background_color=\u00bbrgba(100,143,200,0.39)\u00bb custom_button=\u00bbon\u00bb button_text_size=\u00bb14px\u00bb button_text_color=\u00bb#000000&#8243; button_bg_color=\u00bbrgba(0,0,0,0)\u00bb button_border_radius=\u00bb21px\u00bb button_font=\u00bb||||on||||\u00bb background_layout=\u00bblight\u00bb custom_margin=\u00bb30px||||false|false\u00bb border_radii=\u00bbon|11px|11px|11px|11px\u00bb]<\/p>\n<p>Nuestras aplicaciones est\u00e1n creadas por especialistas t\u00e9cnicos que tienen un amplio conocimiento del mundo de los productores.<br \/>Y si necesita ayuda para registrarse, un equipo de expertos estar\u00e1 a su servicio.<br \/>Si tuviera alguna pregunta, no dude en contactarnos..<\/p>\n<p>[\/et_pb_cta][\/et_pb_column][\/et_pb_row][\/et_pb_section][et_pb_section fb_built=\u00bb1&#8243; _builder_version=\u00bb4.6.5&#8243; custom_margin=\u00bb42px|||||\u00bb custom_padding=\u00bb39px|||||\u00bb][et_pb_row _builder_version=\u00bb4.6.5&#8243; custom_margin=\u00bb-70px||||false|false\u00bb][et_pb_column type=\u00bb4_4&#8243; _builder_version=\u00bb3.26&#8243;]<\/p>\n<p>[et_pb_blog fullwidth=\u00bboff\u00bb posts_number=\u00bb3&#8243; include_categories=\u00bball\u00bb meta_date=\u00bbd M Y\u00bb show_more=\u00bbon\u00bb show_author=\u00bboff\u00bb show_date=\u00bboff\u00bb show_categories=\u00bboff\u00bb show_pagination=\u00bboff\u00bb use_overlay=\u00bbon\u00bb _builder_version=\u00bb4.6.5&#8243; read_more_font=\u00bb||||||||\u00bb read_more_text_color=\u00bb#ffffff\u00bb read_more_line_height=\u00bb2.5em\u00bb custom_margin=\u00bb0px||||false|false\u00bb custom_padding=\u00bb||||false|false\u00bb border_width_all=\u00bb0px\u00bb border_radii_image=\u00bbon|30px|30px|30px|30px\u00bb][\/et_pb_blog]<\/p>\n<p>[\/et_pb_column][\/et_pb_row][\/et_pb_section][et_pb_section fb_built=\u00bb1&#8243; _builder_version=\u00bb3.26&#8243;][et_pb_row _builder_version=\u00bb4.6.5&#8243; _module_preset=\u00bbdefault\u00bb][et_pb_column type=\u00bb4_4&#8243; _builder_version=\u00bb4.6.5&#8243; _module_preset=\u00bbdefault\u00bb][et_pb_cta title=\u00bbLea nuestro bolet\u00edn\u00bb button_url=\u00bbhttp:\/\/eepurl.com\/dC2Kcz\u00bb button_text=\u00bbRegistro\u00bb _builder_version=\u00bb4.6.5&#8243; header_level=\u00bbh3&#8243; header_text_color=\u00bb#000000&#8243; background_color=\u00bb#dbdbdb\u00bb custom_button=\u00bbon\u00bb button_text_size=\u00bb14px\u00bb button_border_width=\u00bb2px\u00bb button_border_radius=\u00bb21px\u00bb background_layout=\u00bblight\u00bb min_height=\u00bb185px\u00bb custom_margin=\u00bb-30px||||false|false\u00bb custom_padding=\u00bb||0px|||\u00bb border_radii=\u00bbon|10px|10px|10px|10px\u00bb]<\/p>\n<p>Si desea mantenerse informado de las novedades, suscr\u00edbase a nuestro bolet\u00edn.<\/p>\n<p>[\/et_pb_cta][\/et_pb_column][\/et_pb_row][\/et_pb_section]<\/p>\n","protected":false},"excerpt":{"rendered":"<p>1\u00bfTambi\u00e9n quieres registrarte de forma r\u00e1pida y sencilla? Con la herramienta de registro de GreenlinQdata se registra de forma r\u00e1pida y sencilla. En cualquier lugar y en cualquier momento. Puede compartir de forma segura los datos de sus cultivos y recursos con otras personas con solo tocar un bot\u00f3n, para seguimiento y localizaci\u00f3n o soporte [&hellip;]<\/p>\n","protected":false},"author":11,"featured_media":0,"parent":0,"menu_order":0,"comment_status":"closed","ping_status":"closed","template":"","meta":{"_et_pb_use_builder":"on","_et_pb_old_content":"","_et_gb_content_width":"","footnotes":""},"class_list":["post-1365","page","type-page","status-publish","hentry"],"yoast_head":"<!-- This site is optimized with the Yoast SEO plugin v27.4 - https:\/\/yoast.com\/product\/yoast-seo-wordpress\/ -->\n<title>Home - GreenlinQdata<\/title>\n<meta name=\"description\" content=\"Software voor telers en afzetorganisatie voor het registreren van gewasbeschermingsmiddelen, meststoffen, biologie, water en energi. U maakt uitgebreide rapportages en houdt makkelijk uw voorraad bij. Siertelers kunnen met deze applicatie hun milieuregistratie doen voor GLOBAL G.A.P.\" \/>\n<meta name=\"robots\" content=\"index, follow, max-snippet:-1, max-image-preview:large, max-video-preview:-1\" \/>\n<link rel=\"canonical\" href=\"https:\/\/greenlinqdata.nl\/es\/\" \/>\n<meta property=\"og:locale\" content=\"es_ES\" \/>\n<meta property=\"og:type\" content=\"article\" \/>\n<meta property=\"og:title\" content=\"Home - GreenlinQdata\" \/>\n<meta property=\"og:description\" content=\"Software voor telers en afzetorganisatie voor het registreren van gewasbeschermingsmiddelen, meststoffen, biologie, water en energi. U maakt uitgebreide rapportages en houdt makkelijk uw voorraad bij. Siertelers kunnen met deze applicatie hun milieuregistratie doen voor GLOBAL G.A.P.\" \/>\n<meta property=\"og:url\" content=\"https:\/\/greenlinqdata.nl\/es\/\" \/>\n<meta property=\"og:site_name\" content=\"GreenlinQdata\" \/>\n<meta property=\"article:modified_time\" content=\"2021-01-12T10:38:25+00:00\" \/>\n<meta name=\"twitter:card\" content=\"summary_large_image\" \/>\n<meta name=\"twitter:label1\" content=\"Tiempo de lectura\" \/>\n\t<meta name=\"twitter:data1\" content=\"6 minutos\" \/>\n<script type=\"application\/ld+json\" class=\"yoast-schema-graph\">{\"@context\":\"https:\\\/\\\/schema.org\",\"@graph\":[{\"@type\":\"WebPage\",\"@id\":\"https:\\\/\\\/greenlinqdata.nl\\\/es\\\/\",\"url\":\"https:\\\/\\\/greenlinqdata.nl\\\/es\\\/\",\"name\":\"Home - GreenlinQdata\",\"isPartOf\":{\"@id\":\"https:\\\/\\\/greenlinqdata.nl\\\/es\\\/#website\"},\"datePublished\":\"2021-01-12T09:06:39+00:00\",\"dateModified\":\"2021-01-12T10:38:25+00:00\",\"description\":\"Software voor telers en afzetorganisatie voor het registreren van gewasbeschermingsmiddelen, meststoffen, biologie, water en energi. U maakt uitgebreide rapportages en houdt makkelijk uw voorraad bij. Siertelers kunnen met deze applicatie hun milieuregistratie doen voor GLOBAL G.A.P.\",\"breadcrumb\":{\"@id\":\"https:\\\/\\\/greenlinqdata.nl\\\/es\\\/#breadcrumb\"},\"inLanguage\":\"es\",\"potentialAction\":[{\"@type\":\"ReadAction\",\"target\":[\"https:\\\/\\\/greenlinqdata.nl\\\/es\\\/\"]}]},{\"@type\":\"BreadcrumbList\",\"@id\":\"https:\\\/\\\/greenlinqdata.nl\\\/es\\\/#breadcrumb\",\"itemListElement\":[{\"@type\":\"ListItem\",\"position\":1,\"name\":\"Home\",\"item\":\"https:\\\/\\\/greenlinqdata.nl\\\/es\\\/\"},{\"@type\":\"ListItem\",\"position\":2,\"name\":\"Home\"}]},{\"@type\":\"WebSite\",\"@id\":\"https:\\\/\\\/greenlinqdata.nl\\\/es\\\/#website\",\"url\":\"https:\\\/\\\/greenlinqdata.nl\\\/es\\\/\",\"name\":\"GreenlinQdata\",\"description\":\"\",\"publisher\":{\"@id\":\"https:\\\/\\\/greenlinqdata.nl\\\/es\\\/#organization\"},\"potentialAction\":[{\"@type\":\"SearchAction\",\"target\":{\"@type\":\"EntryPoint\",\"urlTemplate\":\"https:\\\/\\\/greenlinqdata.nl\\\/es\\\/?s={search_term_string}\"},\"query-input\":{\"@type\":\"PropertyValueSpecification\",\"valueRequired\":true,\"valueName\":\"search_term_string\"}}],\"inLanguage\":\"es\"},{\"@type\":\"Organization\",\"@id\":\"https:\\\/\\\/greenlinqdata.nl\\\/es\\\/#organization\",\"name\":\"GreenlinQdata\",\"url\":\"https:\\\/\\\/greenlinqdata.nl\\\/es\\\/\",\"logo\":{\"@type\":\"ImageObject\",\"inLanguage\":\"es\",\"@id\":\"https:\\\/\\\/greenlinqdata.nl\\\/es\\\/#\\\/schema\\\/logo\\\/image\\\/\",\"url\":\"https:\\\/\\\/greenlinqdata.nl\\\/wp-content\\\/uploads\\\/2020\\\/10\\\/logo.png\",\"contentUrl\":\"https:\\\/\\\/greenlinqdata.nl\\\/wp-content\\\/uploads\\\/2020\\\/10\\\/logo.png\",\"width\":679,\"height\":100,\"caption\":\"GreenlinQdata\"},\"image\":{\"@id\":\"https:\\\/\\\/greenlinqdata.nl\\\/es\\\/#\\\/schema\\\/logo\\\/image\\\/\"}}]}<\/script>\n<!-- \/ Yoast SEO plugin. -->","yoast_head_json":{"title":"Home - GreenlinQdata","description":"Software voor telers en afzetorganisatie voor het registreren van gewasbeschermingsmiddelen, meststoffen, biologie, water en energi. U maakt uitgebreide rapportages en houdt makkelijk uw voorraad bij. Siertelers kunnen met deze applicatie hun milieuregistratie doen voor GLOBAL G.A.P.","robots":{"index":"index","follow":"follow","max-snippet":"max-snippet:-1","max-image-preview":"max-image-preview:large","max-video-preview":"max-video-preview:-1"},"canonical":"https:\/\/greenlinqdata.nl\/es\/","og_locale":"es_ES","og_type":"article","og_title":"Home - GreenlinQdata","og_description":"Software voor telers en afzetorganisatie voor het registreren van gewasbeschermingsmiddelen, meststoffen, biologie, water en energi. U maakt uitgebreide rapportages en houdt makkelijk uw voorraad bij. Siertelers kunnen met deze applicatie hun milieuregistratie doen voor GLOBAL G.A.P.","og_url":"https:\/\/greenlinqdata.nl\/es\/","og_site_name":"GreenlinQdata","article_modified_time":"2021-01-12T10:38:25+00:00","twitter_card":"summary_large_image","twitter_misc":{"Tiempo de lectura":"6 minutos"},"schema":{"@context":"https:\/\/schema.org","@graph":[{"@type":"WebPage","@id":"https:\/\/greenlinqdata.nl\/es\/","url":"https:\/\/greenlinqdata.nl\/es\/","name":"Home - GreenlinQdata","isPartOf":{"@id":"https:\/\/greenlinqdata.nl\/es\/#website"},"datePublished":"2021-01-12T09:06:39+00:00","dateModified":"2021-01-12T10:38:25+00:00","description":"Software voor telers en afzetorganisatie voor het registreren van gewasbeschermingsmiddelen, meststoffen, biologie, water en energi. U maakt uitgebreide rapportages en houdt makkelijk uw voorraad bij. Siertelers kunnen met deze applicatie hun milieuregistratie doen voor GLOBAL G.A.P.","breadcrumb":{"@id":"https:\/\/greenlinqdata.nl\/es\/#breadcrumb"},"inLanguage":"es","potentialAction":[{"@type":"ReadAction","target":["https:\/\/greenlinqdata.nl\/es\/"]}]},{"@type":"BreadcrumbList","@id":"https:\/\/greenlinqdata.nl\/es\/#breadcrumb","itemListElement":[{"@type":"ListItem","position":1,"name":"Home","item":"https:\/\/greenlinqdata.nl\/es\/"},{"@type":"ListItem","position":2,"name":"Home"}]},{"@type":"WebSite","@id":"https:\/\/greenlinqdata.nl\/es\/#website","url":"https:\/\/greenlinqdata.nl\/es\/","name":"GreenlinQdata","description":"","publisher":{"@id":"https:\/\/greenlinqdata.nl\/es\/#organization"},"potentialAction":[{"@type":"SearchAction","target":{"@type":"EntryPoint","urlTemplate":"https:\/\/greenlinqdata.nl\/es\/?s={search_term_string}"},"query-input":{"@type":"PropertyValueSpecification","valueRequired":true,"valueName":"search_term_string"}}],"inLanguage":"es"},{"@type":"Organization","@id":"https:\/\/greenlinqdata.nl\/es\/#organization","name":"GreenlinQdata","url":"https:\/\/greenlinqdata.nl\/es\/","logo":{"@type":"ImageObject","inLanguage":"es","@id":"https:\/\/greenlinqdata.nl\/es\/#\/schema\/logo\/image\/","url":"https:\/\/greenlinqdata.nl\/wp-content\/uploads\/2020\/10\/logo.png","contentUrl":"https:\/\/greenlinqdata.nl\/wp-content\/uploads\/2020\/10\/logo.png","width":679,"height":100,"caption":"GreenlinQdata"},"image":{"@id":"https:\/\/greenlinqdata.nl\/es\/#\/schema\/logo\/image\/"}}]}},"_links":{"self":[{"href":"https:\/\/greenlinqdata.nl\/es\/wp-json\/wp\/v2\/pages\/1365","targetHints":{"allow":["GET"]}}],"collection":[{"href":"https:\/\/greenlinqdata.nl\/es\/wp-json\/wp\/v2\/pages"}],"about":[{"href":"https:\/\/greenlinqdata.nl\/es\/wp-json\/wp\/v2\/types\/page"}],"author":[{"embeddable":true,"href":"https:\/\/greenlinqdata.nl\/es\/wp-json\/wp\/v2\/users\/11"}],"replies":[{"embeddable":true,"href":"https:\/\/greenlinqdata.nl\/es\/wp-json\/wp\/v2\/comments?post=1365"}],"version-history":[{"count":5,"href":"https:\/\/greenlinqdata.nl\/es\/wp-json\/wp\/v2\/pages\/1365\/revisions"}],"predecessor-version":[{"id":1386,"href":"https:\/\/greenlinqdata.nl\/es\/wp-json\/wp\/v2\/pages\/1365\/revisions\/1386"}],"wp:attachment":[{"href":"https:\/\/greenlinqdata.nl\/es\/wp-json\/wp\/v2\/media?parent=1365"}],"curies":[{"name":"wp","href":"https:\/\/api.w.org\/{rel}","templated":true}]}}