{"id":1242,"date":"2020-12-21T14:19:21","date_gmt":"2020-12-21T14:19:21","guid":{"rendered":"https:\/\/greenlinqdata.nl\/prodotti\/domande-frequenti\/"},"modified":"2021-02-15T13:22:24","modified_gmt":"2021-02-15T13:22:24","slug":"domande-frequenti","status":"publish","type":"page","link":"https:\/\/greenlinqdata.nl\/it\/prodotti\/domande-frequenti\/","title":{"rendered":"Domande frequenti"},"content":{"rendered":"<p>[et_pb_section fb_built=&#8221;1&#8243; _builder_version=&#8221;4.6.5&#8243; _module_preset=&#8221;default&#8221;][et_pb_row _builder_version=&#8221;4.6.5&#8243; _module_preset=&#8221;default&#8221;][et_pb_column type=&#8221;4_4&#8243; _builder_version=&#8221;4.6.5&#8243; _module_preset=&#8221;default&#8221;][et_pb_accordion _builder_version=&#8221;4.6.5&#8243; _module_preset=&#8221;default&#8221; custom_margin=&#8221;||||false|false&#8221;][et_pb_accordion_item title=&#8221;Il mio account&#8221; open=&#8221;on&#8221; open_toggle_text_color=&#8221;#648fc8&#8243; _builder_version=&#8221;4.6.5&#8243; _module_preset=&#8221;default&#8221; background_color=&#8221;#85c64e&#8221; background_enable_color=&#8221;on&#8221; toggle_text_color=&#8221;#648fc8&#8243; toggle_level=&#8221;h3&#8243; toggle_font_size=&#8221;21px&#8221;][\/et_pb_accordion_item][et_pb_accordion_item title=&#8221;Come creo un account?&#8221; _builder_version=&#8221;4.6.5&#8243; _module_preset=&#8221;default&#8221; open=&#8221;off&#8221;]<\/p>\n<p>Quando ti iscrivi a GQ-data Prodotti fitosanitari ricevi i dati per il login. Questi dati ti consentono di accedere al tuo account online. E qui puoi anche indicare se intendi fare uso della Registrazione base.<\/p>\n<p>[\/et_pb_accordion_item][et_pb_accordion_item title=&#8221;Come scarico la GQ-app?&#8221; _builder_version=&#8221;4.6.5&#8243; _module_preset=&#8221;default&#8221; open=&#8221;off&#8221;]<\/p>\n<p>Trovi l\u2019app nell\u2019App Store o nel Play Store sul tuo tablet o smartphone. Cerca GQ_Mobile.<\/p>\n<p>[\/et_pb_accordion_item][et_pb_accordion_item title=&#8221;\u00c8 possibile che pi\u00f9 persone usino lo stesso account?&#8221; _builder_version=&#8221;4.6.5&#8243; _module_preset=&#8221;default&#8221; open=&#8221;off&#8221;]<\/p>\n<p>Certo, \u00e8 possibile.\u00a0<\/p>\n<p>[\/et_pb_accordion_item][et_pb_accordion_item title=&#8221;Ho gi\u00e0 uno strumento di registrazione. Posso combinarlo con GQ?&#8221; _builder_version=&#8221;4.6.5&#8243; _module_preset=&#8221;default&#8221; open=&#8221;off&#8221;]<\/p>\n<p>Alcuni imprenditori, oltre alle loro colture in pieno campo, hanno anche fiori e quindi devono provvedere a due registrazioni. Stiamo ancora cercando una soluzione che le combini e speriamo di poterla introdurre a breve.<\/p>\n<p>[\/et_pb_accordion_item][et_pb_accordion_item title=&#8221;Utilizzo ancora GQRetailReport&#8221; _builder_version=&#8221;4.6.5&#8243; _module_preset=&#8221;default&#8221; open=&#8221;off&#8221;]<\/p>\n<p>Il modulo sta per essere ritirato. Sarai contattato a riguardo.<\/p>\n<p>Tutte le sue funzioni sono elaborate nel nostro nuovo programma GQ-data Registrazione base. Fino al completamento della migrazione, puoi continuare a fare uso del modulo attuale.\u00a0<\/p>\n<p>[\/et_pb_accordion_item][et_pb_accordion_item title=&#8221;Utilizzo ancora GQMilieuReport&#8221; _builder_version=&#8221;4.6.5&#8243; _module_preset=&#8221;default&#8221; open=&#8221;off&#8221;]<\/p>\n<p>Il modulo sta per essere ritirato. Sarai contattato a riguardo.<\/p>\n<p>Tutte le sue funzioni sono elaborate nel nostro nuovo programma GQ-data Registrazione base. Fino al completamento della migrazione, puoi continuare a fare uso del modulo attuale.\u00a0<\/p>\n<p>[\/et_pb_accordion_item][\/et_pb_accordion][\/et_pb_column][\/et_pb_row][et_pb_row _builder_version=&#8221;4.6.5&#8243; _module_preset=&#8221;default&#8221;][et_pb_column type=&#8221;4_4&#8243; _builder_version=&#8221;4.6.5&#8243; _module_preset=&#8221;default&#8221;][et_pb_accordion _builder_version=&#8221;4.6.6&#8243; _module_preset=&#8221;default&#8221; custom_margin=&#8221;||||false|false&#8221; hover_enabled=&#8221;0&#8243; sticky_enabled=&#8221;0&#8243;][et_pb_accordion_item title=&#8221;Certificato ambientale orticoltura ornamentale&#8221; open=&#8221;on&#8221; open_toggle_text_color=&#8221;#648fc8&#8243; _builder_version=&#8221;4.6.5&#8243; _module_preset=&#8221;default&#8221; background_color=&#8221;#85c64e&#8221; background_enable_color=&#8221;on&#8221; toggle_text_color=&#8221;#648fc8&#8243; toggle_level=&#8221;h3&#8243; toggle_font_size=&#8221;21px&#8221;][\/et_pb_accordion_item][et_pb_accordion_item title=&#8221;Perch\u00e9 \u00e8 obbligatorio un certificato ambientale?&#8221; _builder_version=&#8221;4.6.5&#8243; _module_preset=&#8221;default&#8221; open=&#8221;off&#8221;]<\/p>\n<p>Con la decisione di imporre la certificazione, la cooperativa Royal FloraHolland \u00e8 la prima &#8211; su parere del consiglio dei membri &#8211; a decidere di dare trasparenza agli sforzi fatti per la sostenibilit\u00e0. Un modo per tutelare in maniera controllabile la reputazione dei prodotti, del settore e dell\u2019intero mercato.<\/p>\n<p>Anche lo stesso mercato chiede sempre pi\u00f9 a gran voce una maggiore trasparenza sulla sostenibilit\u00e0 della produzione di fiori e piante e sulla gestione aziendale dei fornitori. I requisiti a tale scopo sono fissati nelle certificazioni. Ottenendo un certificato, il coltivatore pu\u00f2 dimostrare in maniera accertata che si attiene ai requisiti posti dalla certificazione. L\u2019acquirente pu\u00f2 cos\u00ec rispondere alla domanda del mercato di acquisti sostenibili e adeguatamente certificati.<\/p>\n<p>Le autorit\u00e0 governative conducono una politica sempre pi\u00f9 severa sulla sostenibilit\u00e0. \u00c8 consigliabile prevenire nuovi regolamenti, dimostrando inconfutabilmente che le nostre modalit\u00e0 di produzione sono sempre pi\u00f9 sostenibili. La certificazione rappresenta inoltre un fattore di differenziazione e favorisce la posizione concorrenziale a livello internazionale.<\/p>\n<p>[\/et_pb_accordion_item][et_pb_accordion_item title=&#8221;L\u2019attuale registrazione obbligatoria non \u00e8 sufficiente?&#8221; _builder_version=&#8221;4.6.5&#8243; _module_preset=&#8221;default&#8221; open=&#8221;off&#8221;]<\/p>\n<p>Le registrazioni obbligatorie non coprono tutti gli attuali requisiti posti dal mercato a livello ambientale. Un certificato ambientale s\u00ec: la registrazione ambientale digitale \u00e8 associata a un programma, deve essere convalidata da un audit ed eventualmente dal campionamento. In questo modo, le prestazioni ambientali di un coltivatore possono essere definite in maniera trasparente e affidabile. Un certificato ambientale serve inoltre a dimostrare che un coltivatore rispetta la legge.<\/p>\n<p>Anche la registrazione digitale e uniforme \u00e8 importante. Nel settore c\u2019\u00e8 una forte esigenza di dati e informazioni affidabili e garantiti per concretizzare sviluppi futuri quali indicatori dell\u2019impronta ecologica e dell\u2019impatto ambientale. Simili sviluppi ci aiutano a rafforzare ulteriormente la reputazione dei prodotti, del settore e del nostro mercato.<\/p>\n<p>[\/et_pb_accordion_item][et_pb_accordion_item title=&#8221;Per chi vale l\u2019obbligo?&#8221; _builder_version=&#8221;4.6.5&#8243; _module_preset=&#8221;default&#8221; open=&#8221;off&#8221;]<\/p>\n<p>L\u2019obbligo vige su tutti i fornitori (membri o meno) attivi sul mercato di Royal FloraHolland. Entro il 31 dicembre 2020, ogni fornitore deve effettuare una registrazione ambientale digitale attraverso uno degli strumenti di registrazione conformi. Entro il 31 dicembre 2021, ogni fornitore deve essere in possesso di un certificato ambientale conforme.<\/p>\n<p>[\/et_pb_accordion_item][et_pb_accordion_item title=&#8221;La mia registrazione su GreenlinQdata \u00e8 sufficiente a soddisfare il requisito di registrazione ambientale?&#8221; _builder_version=&#8221;4.6.5&#8243; _module_preset=&#8221;default&#8221; open=&#8221;off&#8221;]<\/p>\n<p>No, per soddisfare la registrazione ambientale, entro il 31-12-2020 devi iscriverti per la registrazione e anche presso un auditor (Control Union, Ecas o SGS).<\/p>\n<p>[\/et_pb_accordion_item][et_pb_accordion_item title=&#8221;Dalla registrazione alla certificazione. Da dove inizio?&#8221; _builder_version=&#8221;4.6.6&#8243; _module_preset=&#8221;default&#8221; hover_enabled=&#8221;0&#8243; open=&#8221;off&#8221; sticky_enabled=&#8221;0&#8243;]<\/p>\n<ul>\n<li>Inizia registrandoti su GreenlinQdata.<\/li>\n<li>Contemporaneamente, chiedi una o pi\u00f9 offerte a:<\/li>\n<\/ul>\n<div>\n<ol>\n<li><a title=\"controlunion\" href=\"https:\/\/certifications.controlunion.com\/nl\" target=\"_blank\" rel=\"noopener noreferrer\">Control Union Certifications<\/a><\/li>\n<li><a title=\"ecas\" href=\"https:\/\/ecas.nl\/diensten\/ida\/\" target=\"_blank\" rel=\"noopener noreferrer\">MPS-ECAS<\/a><\/li>\n<li><a title=\"sgs\" href=\"https:\/\/www.sgs.nl\/nl-nl\/news\/2020\/09\/sierteelt\" target=\"_blank\" rel=\"noopener noreferrer\">SGS<\/a><\/li>\n<\/ol>\n<\/div>\n<ul>\n<li>Se accetti l\u2019offerta, l\u2019organismo di certificazione che hai scelto ti iscrive su GLOBALG.A.P. per il modulo IDA (Impact-Driven Approach to Sustainability &#8211; Approccio alla sostenibilit\u00e0 basato sugli effetti). A questo punto, inizi la registrazione ambientale digitale presso GreenlinQdata.<\/li>\n<li>Trascorsi 6 mesi dalla registrazione ambientale digitale e superato l\u2019audit ad opera dell\u2019organismo di certificazione scelto, otterrai il certificato ambientale.<\/li>\n<\/ul>\n<p>[\/et_pb_accordion_item][et_pb_accordion_item title=&#8221;Cosa accade se non mi registro in tempo?&#8221; _builder_version=&#8221;4.6.5&#8243; _module_preset=&#8221;default&#8221; open=&#8221;off&#8221;]<\/p>\n<p>La direzione di Royal FloraHolland segue il parere del consiglio dei membri dell\u20198 ottobre 2020 e introduce l\u2019implementazione della registrazione ambientale digitale e della certificazione ambientale per fasi.\u00a0Per alcuni coltivatori, l\u2019obbligo di registrazione ambientale digitale e di certificazione ambientale rappresenta una sfida considerevole. Per venire loro incontro, Royal FloraHolland avvia un\u2019implementazione per fasi, sulla base del volume d\u2019affari. In questo modo, i coltivatori con un fatturato pi\u00f9 basso e quelli che operano fuori dai Paesi Bassi hanno pi\u00f9 tempo per orientarsi fra le diverse opzioni di registrazione ambientale digitale e certificazione ambientale.\u00a0<\/p>\n<p><a href=\"https:\/\/www.royalfloraholland.com\/nl\/nieuws-2020\/week-42\/ledenraad-niet-unaniem-in-advies-handhaving-milieuregistratie\"> Guarda qui per maggiori informazioni sull\u2019implementazione per fasi.<\/a><\/p>\n<p>[\/et_pb_accordion_item][et_pb_accordion_item title=&#8221;Quali sono i requisiti che una registrazione ambientale digitale e relativa certificazione deve soddisfare?&#8221; _builder_version=&#8221;4.6.5&#8243; _module_preset=&#8221;default&#8221; open=&#8221;off&#8221;]<\/p>\n<p>I requisiti sono definiti dalla Floriculture Sustainability Initiative. Obiettivo della registrazione \u00e8 annotare in maniera uniforme e digitale i prodotti fitosanitari e i fertilizzanti utilizzati e il consumo di acqua ed energia. Si tratta di fattori che i coltivatori gi\u00e0 registrano per legge. Ad integrazione del requisito legislativo, vanno ora registrati anche per via digitale. Viene inoltre richiesto un piano di Integrated Pest Management. Con la certificazione, i requisiti posti nell\u2019ambito della FSI riguardano soprattutto le modalit\u00e0 di controllo della registrazione (audit ed eventuale campionamento).<\/p>\n<p>[\/et_pb_accordion_item][et_pb_accordion_item title=&#8221;Quanto costa il certificato ambientale?&#8221; _builder_version=&#8221;4.6.5&#8243; _module_preset=&#8221;default&#8221; open=&#8221;off&#8221;]<\/p>\n<p>Lo strumento di registrazione GQ-data Registrazione base costa \u20ac 299,00 all\u2019anno per i membri di Royal FloraHolland. C\u2019\u00e8 poi da effettuare un versamento a GLOBALG.A.P. e agli organismi di certificazione per l\u2019audit annuale. I prezzi dipendono generalmente dalle dimensioni dell\u2019azienda.<\/p>\n<p>[\/et_pb_accordion_item][et_pb_accordion_item title=&#8221;Chi si occupa dell\u2019audit per la certificazione?&#8221; _builder_version=&#8221;4.6.5&#8243; _module_preset=&#8221;default&#8221; open=&#8221;off&#8221;]<\/p>\n<p>Al momento sono tre gli organismi di certificazione che operano per GLOBALG.A.P.:\u00a0 Control Union, Ecas e SGS.<\/p>\n<p>[\/et_pb_accordion_item][et_pb_accordion_item title=&#8221;Dove trovo il mio codice GLN?&#8221; _builder_version=&#8221;4.6.5&#8243; _module_preset=&#8221;default&#8221; open=&#8221;off&#8221;]<\/p>\n<p>Per i coltivatori ornamentali, il GLN (Global Location Number) pu\u00f2 essere trovato su <a href=\"http:\/\/www.floricode.com\">www.floricode.com<\/a>.<\/p>\n<p>[\/et_pb_accordion_item][et_pb_accordion_item title=&#8221;Dove trovo il mio codice GGN?&#8221; _builder_version=&#8221;4.6.5&#8243; _module_preset=&#8221;default&#8221; open=&#8221;off&#8221;]<\/p>\n<p>Riceverai il tuo codice GGN (Global Gap Nummer) dal tuo auditor nel momento in cui ti iscrive in GLOBALG.A.P. e anche alcune organizzazioni di produttori ortofrutticoli possono fornirti il codice.<\/p>\n<p>[\/et_pb_accordion_item][et_pb_accordion_item title=&#8221;Posso certificare la mia azienda anche all\u2019estero?&#8221; _builder_version=&#8221;4.6.5&#8243; _module_preset=&#8221;default&#8221; open=&#8221;off&#8221;]<\/p>\n<p>Per coltivatori in Germania, Belgio, Italia e Spagna, al momento lo strumento di registrazione \u00e8 in fase di traduzione e sar\u00e0 associato a database dei prodotti fitosanitari specifici per paese.<\/p>\n<p>[\/et_pb_accordion_item][\/et_pb_accordion][\/et_pb_column][\/et_pb_row][\/et_pb_section][et_pb_section fb_built=&#8221;1&#8243; _builder_version=&#8221;4.6.6&#8243; _module_preset=&#8221;default&#8221;][et_pb_row column_structure=&#8221;1_2,1_2&#8243; _builder_version=&#8221;4.6.6&#8243; _module_preset=&#8221;default&#8221;][et_pb_column type=&#8221;1_2&#8243; _builder_version=&#8221;4.6.6&#8243; _module_preset=&#8221;default&#8221;][et_pb_text _builder_version=&#8221;4.6.6&#8243; _module_preset=&#8221;default&#8221;]<\/p>\n<h3>Come creo un account?<\/h3>\n<p>[\/et_pb_text][et_pb_video src=&#8221;https:\/\/youtu.be\/wDJL9bu1_-s&#8221; _builder_version=&#8221;4.6.6&#8243; _module_preset=&#8221;default&#8221;][\/et_pb_video][\/et_pb_column][et_pb_column type=&#8221;1_2&#8243; _builder_version=&#8221;4.6.6&#8243; _module_preset=&#8221;default&#8221;][et_pb_text _builder_version=&#8221;4.6.6&#8243; _module_preset=&#8221;default&#8221;]<\/p>\n<h3>Come faccio a compilare il mio account?<\/h3>\n<p>[\/et_pb_text][et_pb_video src=&#8221;https:\/\/youtu.be\/NDvZMSH2OpY&#8221; _builder_version=&#8221;4.6.6&#8243; _module_preset=&#8221;default&#8221;][\/et_pb_video][\/et_pb_column][\/et_pb_row][\/et_pb_section]<\/p>\n","protected":false},"excerpt":{"rendered":"<p>Quando ti iscrivi a GQ-data Prodotti fitosanitari ricevi i dati per il login. Questi dati ti consentono di accedere al tuo account online. E qui puoi anche indicare se intendi fare uso della Registrazione base.Trovi l\u2019app nell\u2019App Store o nel Play Store sul tuo tablet o smartphone. Cerca GQ_Mobile.Certo, \u00e8 possibile.\u00a0Alcuni imprenditori, oltre alle loro [&hellip;]<\/p>\n","protected":false},"author":11,"featured_media":1186,"parent":1231,"menu_order":3,"comment_status":"closed","ping_status":"closed","template":"","meta":{"_et_pb_use_builder":"on","_et_pb_old_content":"","_et_gb_content_width":"","footnotes":""},"class_list":["post-1242","page","type-page","status-publish","has-post-thumbnail","hentry"],"yoast_head":"<!-- This site is optimized with the Yoast SEO plugin v27.5 - https:\/\/yoast.com\/product\/yoast-seo-wordpress\/ -->\n<title>Domande frequenti - GreenlinQdata<\/title>\n<meta name=\"description\" content=\"Software voor telers en afzetorganisatie voor het registreren van gewasbeschermingsmiddelen, meststoffen, biologie, water en energi. U maakt uitgebreide rapportages en houdt makkelijk uw voorraad bij. Siertelers kunnen met deze applicatie hun milieuregistratie doen voor GLOBAL G.A.P.\" \/>\n<meta name=\"robots\" content=\"index, follow, max-snippet:-1, max-image-preview:large, max-video-preview:-1\" \/>\n<link rel=\"canonical\" href=\"https:\/\/greenlinqdata.nl\/it\/prodotti\/domande-frequenti\/\" \/>\n<meta property=\"og:locale\" content=\"it_IT\" \/>\n<meta property=\"og:type\" content=\"article\" \/>\n<meta property=\"og:title\" content=\"Domande frequenti - GreenlinQdata\" \/>\n<meta property=\"og:description\" content=\"Software voor telers en afzetorganisatie voor het registreren van gewasbeschermingsmiddelen, meststoffen, biologie, water en energi. U maakt uitgebreide rapportages en houdt makkelijk uw voorraad bij. Siertelers kunnen met deze applicatie hun milieuregistratie doen voor GLOBAL G.A.P.\" \/>\n<meta property=\"og:url\" content=\"https:\/\/greenlinqdata.nl\/it\/prodotti\/domande-frequenti\/\" \/>\n<meta property=\"og:site_name\" content=\"GreenlinQdata\" \/>\n<meta property=\"article:modified_time\" content=\"2021-02-15T13:22:24+00:00\" \/>\n<meta property=\"og:image\" content=\"https:\/\/greenlinqdata.nl\/wp-content\/uploads\/2020\/10\/greenlinqdata_shutterstock_521456005.jpg\" \/>\n\t<meta property=\"og:image:width\" content=\"1600\" \/>\n\t<meta property=\"og:image:height\" content=\"700\" \/>\n\t<meta property=\"og:image:type\" content=\"image\/jpeg\" \/>\n<meta name=\"twitter:card\" content=\"summary_large_image\" \/>\n<meta name=\"twitter:label1\" content=\"Tempo di lettura stimato\" \/>\n\t<meta name=\"twitter:data1\" content=\"8 minuti\" \/>\n<script type=\"application\/ld+json\" class=\"yoast-schema-graph\">{\"@context\":\"https:\\\/\\\/schema.org\",\"@graph\":[{\"@type\":\"WebPage\",\"@id\":\"https:\\\/\\\/greenlinqdata.nl\\\/it\\\/prodotti\\\/domande-frequenti\\\/\",\"url\":\"https:\\\/\\\/greenlinqdata.nl\\\/it\\\/prodotti\\\/domande-frequenti\\\/\",\"name\":\"Domande frequenti - GreenlinQdata\",\"isPartOf\":{\"@id\":\"https:\\\/\\\/greenlinqdata.nl\\\/it\\\/#website\"},\"primaryImageOfPage\":{\"@id\":\"https:\\\/\\\/greenlinqdata.nl\\\/it\\\/prodotti\\\/domande-frequenti\\\/#primaryimage\"},\"image\":{\"@id\":\"https:\\\/\\\/greenlinqdata.nl\\\/it\\\/prodotti\\\/domande-frequenti\\\/#primaryimage\"},\"thumbnailUrl\":\"https:\\\/\\\/greenlinqdata.nl\\\/wp-content\\\/uploads\\\/2020\\\/10\\\/greenlinqdata_shutterstock_521456005.jpg\",\"datePublished\":\"2020-12-21T14:19:21+00:00\",\"dateModified\":\"2021-02-15T13:22:24+00:00\",\"description\":\"Software voor telers en afzetorganisatie voor het registreren van gewasbeschermingsmiddelen, meststoffen, biologie, water en energi. U maakt uitgebreide rapportages en houdt makkelijk uw voorraad bij. Siertelers kunnen met deze applicatie hun milieuregistratie doen voor GLOBAL G.A.P.\",\"breadcrumb\":{\"@id\":\"https:\\\/\\\/greenlinqdata.nl\\\/it\\\/prodotti\\\/domande-frequenti\\\/#breadcrumb\"},\"inLanguage\":\"it-IT\",\"potentialAction\":[{\"@type\":\"ReadAction\",\"target\":[\"https:\\\/\\\/greenlinqdata.nl\\\/it\\\/prodotti\\\/domande-frequenti\\\/\"]}]},{\"@type\":\"ImageObject\",\"inLanguage\":\"it-IT\",\"@id\":\"https:\\\/\\\/greenlinqdata.nl\\\/it\\\/prodotti\\\/domande-frequenti\\\/#primaryimage\",\"url\":\"https:\\\/\\\/greenlinqdata.nl\\\/wp-content\\\/uploads\\\/2020\\\/10\\\/greenlinqdata_shutterstock_521456005.jpg\",\"contentUrl\":\"https:\\\/\\\/greenlinqdata.nl\\\/wp-content\\\/uploads\\\/2020\\\/10\\\/greenlinqdata_shutterstock_521456005.jpg\",\"width\":1600,\"height\":700},{\"@type\":\"BreadcrumbList\",\"@id\":\"https:\\\/\\\/greenlinqdata.nl\\\/it\\\/prodotti\\\/domande-frequenti\\\/#breadcrumb\",\"itemListElement\":[{\"@type\":\"ListItem\",\"position\":1,\"name\":\"Home\",\"item\":\"https:\\\/\\\/greenlinqdata.nl\\\/it\\\/\"},{\"@type\":\"ListItem\",\"position\":2,\"name\":\"Prodotti\",\"item\":\"https:\\\/\\\/greenlinqdata.nl\\\/it\\\/?page_id=1231\"},{\"@type\":\"ListItem\",\"position\":3,\"name\":\"Domande frequenti\"}]},{\"@type\":\"WebSite\",\"@id\":\"https:\\\/\\\/greenlinqdata.nl\\\/it\\\/#website\",\"url\":\"https:\\\/\\\/greenlinqdata.nl\\\/it\\\/\",\"name\":\"GreenlinQdata\",\"description\":\"\",\"publisher\":{\"@id\":\"https:\\\/\\\/greenlinqdata.nl\\\/it\\\/#organization\"},\"potentialAction\":[{\"@type\":\"SearchAction\",\"target\":{\"@type\":\"EntryPoint\",\"urlTemplate\":\"https:\\\/\\\/greenlinqdata.nl\\\/it\\\/?s={search_term_string}\"},\"query-input\":{\"@type\":\"PropertyValueSpecification\",\"valueRequired\":true,\"valueName\":\"search_term_string\"}}],\"inLanguage\":\"it-IT\"},{\"@type\":\"Organization\",\"@id\":\"https:\\\/\\\/greenlinqdata.nl\\\/it\\\/#organization\",\"name\":\"GreenlinQdata\",\"url\":\"https:\\\/\\\/greenlinqdata.nl\\\/it\\\/\",\"logo\":{\"@type\":\"ImageObject\",\"inLanguage\":\"it-IT\",\"@id\":\"https:\\\/\\\/greenlinqdata.nl\\\/it\\\/#\\\/schema\\\/logo\\\/image\\\/\",\"url\":\"https:\\\/\\\/greenlinqdata.nl\\\/wp-content\\\/uploads\\\/2020\\\/10\\\/logo.png\",\"contentUrl\":\"https:\\\/\\\/greenlinqdata.nl\\\/wp-content\\\/uploads\\\/2020\\\/10\\\/logo.png\",\"width\":679,\"height\":100,\"caption\":\"GreenlinQdata\"},\"image\":{\"@id\":\"https:\\\/\\\/greenlinqdata.nl\\\/it\\\/#\\\/schema\\\/logo\\\/image\\\/\"}}]}<\/script>\n<!-- \/ Yoast SEO plugin. -->","yoast_head_json":{"title":"Domande frequenti - GreenlinQdata","description":"Software voor telers en afzetorganisatie voor het registreren van gewasbeschermingsmiddelen, meststoffen, biologie, water en energi. U maakt uitgebreide rapportages en houdt makkelijk uw voorraad bij. Siertelers kunnen met deze applicatie hun milieuregistratie doen voor GLOBAL G.A.P.","robots":{"index":"index","follow":"follow","max-snippet":"max-snippet:-1","max-image-preview":"max-image-preview:large","max-video-preview":"max-video-preview:-1"},"canonical":"https:\/\/greenlinqdata.nl\/it\/prodotti\/domande-frequenti\/","og_locale":"it_IT","og_type":"article","og_title":"Domande frequenti - GreenlinQdata","og_description":"Software voor telers en afzetorganisatie voor het registreren van gewasbeschermingsmiddelen, meststoffen, biologie, water en energi. U maakt uitgebreide rapportages en houdt makkelijk uw voorraad bij. Siertelers kunnen met deze applicatie hun milieuregistratie doen voor GLOBAL G.A.P.","og_url":"https:\/\/greenlinqdata.nl\/it\/prodotti\/domande-frequenti\/","og_site_name":"GreenlinQdata","article_modified_time":"2021-02-15T13:22:24+00:00","og_image":[{"width":1600,"height":700,"url":"https:\/\/greenlinqdata.nl\/wp-content\/uploads\/2020\/10\/greenlinqdata_shutterstock_521456005.jpg","type":"image\/jpeg"}],"twitter_card":"summary_large_image","twitter_misc":{"Tempo di lettura stimato":"8 minuti"},"schema":{"@context":"https:\/\/schema.org","@graph":[{"@type":"WebPage","@id":"https:\/\/greenlinqdata.nl\/it\/prodotti\/domande-frequenti\/","url":"https:\/\/greenlinqdata.nl\/it\/prodotti\/domande-frequenti\/","name":"Domande frequenti - GreenlinQdata","isPartOf":{"@id":"https:\/\/greenlinqdata.nl\/it\/#website"},"primaryImageOfPage":{"@id":"https:\/\/greenlinqdata.nl\/it\/prodotti\/domande-frequenti\/#primaryimage"},"image":{"@id":"https:\/\/greenlinqdata.nl\/it\/prodotti\/domande-frequenti\/#primaryimage"},"thumbnailUrl":"https:\/\/greenlinqdata.nl\/wp-content\/uploads\/2020\/10\/greenlinqdata_shutterstock_521456005.jpg","datePublished":"2020-12-21T14:19:21+00:00","dateModified":"2021-02-15T13:22:24+00:00","description":"Software voor telers en afzetorganisatie voor het registreren van gewasbeschermingsmiddelen, meststoffen, biologie, water en energi. U maakt uitgebreide rapportages en houdt makkelijk uw voorraad bij. Siertelers kunnen met deze applicatie hun milieuregistratie doen voor GLOBAL G.A.P.","breadcrumb":{"@id":"https:\/\/greenlinqdata.nl\/it\/prodotti\/domande-frequenti\/#breadcrumb"},"inLanguage":"it-IT","potentialAction":[{"@type":"ReadAction","target":["https:\/\/greenlinqdata.nl\/it\/prodotti\/domande-frequenti\/"]}]},{"@type":"ImageObject","inLanguage":"it-IT","@id":"https:\/\/greenlinqdata.nl\/it\/prodotti\/domande-frequenti\/#primaryimage","url":"https:\/\/greenlinqdata.nl\/wp-content\/uploads\/2020\/10\/greenlinqdata_shutterstock_521456005.jpg","contentUrl":"https:\/\/greenlinqdata.nl\/wp-content\/uploads\/2020\/10\/greenlinqdata_shutterstock_521456005.jpg","width":1600,"height":700},{"@type":"BreadcrumbList","@id":"https:\/\/greenlinqdata.nl\/it\/prodotti\/domande-frequenti\/#breadcrumb","itemListElement":[{"@type":"ListItem","position":1,"name":"Home","item":"https:\/\/greenlinqdata.nl\/it\/"},{"@type":"ListItem","position":2,"name":"Prodotti","item":"https:\/\/greenlinqdata.nl\/it\/?page_id=1231"},{"@type":"ListItem","position":3,"name":"Domande frequenti"}]},{"@type":"WebSite","@id":"https:\/\/greenlinqdata.nl\/it\/#website","url":"https:\/\/greenlinqdata.nl\/it\/","name":"GreenlinQdata","description":"","publisher":{"@id":"https:\/\/greenlinqdata.nl\/it\/#organization"},"potentialAction":[{"@type":"SearchAction","target":{"@type":"EntryPoint","urlTemplate":"https:\/\/greenlinqdata.nl\/it\/?s={search_term_string}"},"query-input":{"@type":"PropertyValueSpecification","valueRequired":true,"valueName":"search_term_string"}}],"inLanguage":"it-IT"},{"@type":"Organization","@id":"https:\/\/greenlinqdata.nl\/it\/#organization","name":"GreenlinQdata","url":"https:\/\/greenlinqdata.nl\/it\/","logo":{"@type":"ImageObject","inLanguage":"it-IT","@id":"https:\/\/greenlinqdata.nl\/it\/#\/schema\/logo\/image\/","url":"https:\/\/greenlinqdata.nl\/wp-content\/uploads\/2020\/10\/logo.png","contentUrl":"https:\/\/greenlinqdata.nl\/wp-content\/uploads\/2020\/10\/logo.png","width":679,"height":100,"caption":"GreenlinQdata"},"image":{"@id":"https:\/\/greenlinqdata.nl\/it\/#\/schema\/logo\/image\/"}}]}},"_links":{"self":[{"href":"https:\/\/greenlinqdata.nl\/it\/wp-json\/wp\/v2\/pages\/1242","targetHints":{"allow":["GET"]}}],"collection":[{"href":"https:\/\/greenlinqdata.nl\/it\/wp-json\/wp\/v2\/pages"}],"about":[{"href":"https:\/\/greenlinqdata.nl\/it\/wp-json\/wp\/v2\/types\/page"}],"author":[{"embeddable":true,"href":"https:\/\/greenlinqdata.nl\/it\/wp-json\/wp\/v2\/users\/11"}],"replies":[{"embeddable":true,"href":"https:\/\/greenlinqdata.nl\/it\/wp-json\/wp\/v2\/comments?post=1242"}],"version-history":[{"count":3,"href":"https:\/\/greenlinqdata.nl\/it\/wp-json\/wp\/v2\/pages\/1242\/revisions"}],"predecessor-version":[{"id":1446,"href":"https:\/\/greenlinqdata.nl\/it\/wp-json\/wp\/v2\/pages\/1242\/revisions\/1446"}],"up":[{"embeddable":true,"href":"https:\/\/greenlinqdata.nl\/it\/wp-json\/wp\/v2\/pages\/1231"}],"wp:featuredmedia":[{"embeddable":true,"href":"https:\/\/greenlinqdata.nl\/it\/wp-json\/wp\/v2\/media\/1186"}],"wp:attachment":[{"href":"https:\/\/greenlinqdata.nl\/it\/wp-json\/wp\/v2\/media?parent=1242"}],"curies":[{"name":"wp","href":"https:\/\/api.w.org\/{rel}","templated":true}]}}