{"id":1263,"date":"2020-12-21T14:25:22","date_gmt":"2020-12-21T14:25:22","guid":{"rendered":"https:\/\/greenlinqdata.nl\/prodotti\/gq-insight\/"},"modified":"2020-12-21T14:25:23","modified_gmt":"2020-12-21T14:25:23","slug":"gq-insight","status":"publish","type":"page","link":"https:\/\/greenlinqdata.nl\/it\/prodotti\/gq-insight\/","title":{"rendered":"GQ-insight"},"content":{"rendered":"\n[et_pb_section fb_built=&#8221;1&#8243; _builder_version=&#8221;4.6.5&#8243; _module_preset=&#8221;default&#8221;][et_pb_row _builder_version=&#8221;4.6.5&#8243; _module_preset=&#8221;default&#8221;][et_pb_column type=&#8221;4_4&#8243; _builder_version=&#8221;4.6.5&#8243; _module_preset=&#8221;default&#8221;][et_pb_image src=&#8221;https:\/\/greenlinqdata.nl\/wp-content\/uploads\/2020\/10\/gq-insight-300&#215;90.png&#8221; alt=&#8221;GQ-insight&#8221; title_text=&#8221;GQ-insight&#8221; _builder_version=&#8221;4.6.5&#8243; _module_preset=&#8221;default&#8221;][\/et_pb_image][et_pb_text _builder_version=&#8221;4.6.5&#8243; _module_preset=&#8221;default&#8221; custom_margin=&#8221;20px||||false|false&#8221; hover_enabled=&#8221;0&#8243; custom_padding=&#8221;0px|||||&#8221; sticky_enabled=&#8221;0&#8243;]<h2><strong>Traffico dati accessibile all\u2019intera catena<\/strong><\/h2>\r\n<p>I programmi di registrazione delle coltivazioni disponibili sul mercato sono vari e i coltivatori sono liberi di scegliere quale usare. Organizzazioni di commercializzazione, auditor e organismi di certificazione devono raccogliere ed elaborare le informazioni provenienti dai diversi programmi in base alle proprie esigenze e nelle proprie modalit\u00e0. Un compito non facile, considerata la variet\u00e0 dei programmi. Il tempo necessario \u00e8 molto e il rischio di errori \u00e8 considerevole.<\/p>\r\n<p>Inoltre, gli auditor e gli organismi di certificazione devono poter esaminare i dati del singolo coltivatore, per verificare che la registrazione soddisfi i requisiti. Per questo GreenlinQdata ha sviluppato una piattaforma in grado di combinare tutti i diversi programmi del settore: GQ Insight. Una piattaforma di facile uso, strutturata e trasparente lungo tutta la catena, dal principio alla fine.<\/p>\r\n<h3>In tempo reale<\/h3>\r\n<p>La piattaforma unica rende i dati disponibili in tempo reale, indipendentemente dalla modalit\u00e0 di registrazione, associando le informazioni dei fornitori e degli acquirenti. Anche piattaforme esterne quali Agrovision, Dacom e Agromanager possono essere associate alla piattaforma. Per consentire un agevole scambio di dati, senza necessit\u00e0 di cambiare applicazione software.<\/p>\r\n<h3><strong>I dati restano di propriet\u00e0 del coltivatore<\/strong><\/h3>\r\n<p>Il coltivatore resta il titolare dei dati ed \u00e8 quindi lui che stabilisce chi \u00e8 autorizzato a visualizzare le informazioni pertinenti.<\/p>\n[\/et_pb_text][et_pb_text _builder_version=&#8221;4.6.5&#8243; _module_preset=&#8221;default&#8221; custom_margin=&#8221;20px||40px||false|false&#8221; hover_enabled=&#8221;0&#8243; sticky_enabled=&#8221;0&#8243;]<h4 style=\"text-align: center;\"><strong>Domande? Desideri saperne di pi\u00f9?<\/strong><\/h4>\r\n<p style=\"text-align: center;\"><a href=\"https:\/\/greenlinqdata.nl\/it\/contatto\/\">Rivolgiti<\/a> pure ad uno dei nostri specialisti esperti.<\/p>\n[\/et_pb_text][\/et_pb_column][\/et_pb_row][\/et_pb_section]\n","protected":false},"excerpt":{"rendered":"<p>Traffico dati accessibile all\u2019intera catena I programmi di registrazione delle coltivazioni disponibili sul mercato sono vari e i coltivatori sono liberi di scegliere quale usare. Organizzazioni di commercializzazione, auditor e organismi di certificazione devono raccogliere ed elaborare le informazioni provenienti dai diversi programmi in base alle proprie esigenze e nelle proprie modalit\u00e0. Un compito non [&hellip;]<\/p>\n","protected":false},"author":11,"featured_media":0,"parent":1231,"menu_order":5,"comment_status":"closed","ping_status":"closed","template":"","meta":{"_et_pb_use_builder":"on","_et_pb_old_content":"","_et_gb_content_width":"","footnotes":""},"class_list":["post-1263","page","type-page","status-publish","hentry"],"yoast_head":"<!-- This site is optimized with the Yoast SEO plugin v27.4 - https:\/\/yoast.com\/product\/yoast-seo-wordpress\/ -->\n<title>GQ-insight - GreenlinQdata<\/title>\n<meta name=\"description\" content=\"Software voor telers en afzetorganisatie voor het registreren van gewasbeschermingsmiddelen, meststoffen, biologie, water en energi. U maakt uitgebreide rapportages en houdt makkelijk uw voorraad bij. Siertelers kunnen met deze applicatie hun milieuregistratie doen voor GLOBAL G.A.P.\" \/>\n<meta name=\"robots\" content=\"index, follow, max-snippet:-1, max-image-preview:large, max-video-preview:-1\" \/>\n<link rel=\"canonical\" href=\"https:\/\/greenlinqdata.nl\/it\/prodotti\/gq-insight\/\" \/>\n<meta property=\"og:locale\" content=\"it_IT\" \/>\n<meta property=\"og:type\" content=\"article\" \/>\n<meta property=\"og:title\" content=\"GQ-insight - GreenlinQdata\" \/>\n<meta property=\"og:description\" content=\"Software voor telers en afzetorganisatie voor het registreren van gewasbeschermingsmiddelen, meststoffen, biologie, water en energi. U maakt uitgebreide rapportages en houdt makkelijk uw voorraad bij. Siertelers kunnen met deze applicatie hun milieuregistratie doen voor GLOBAL G.A.P.\" \/>\n<meta property=\"og:url\" content=\"https:\/\/greenlinqdata.nl\/it\/prodotti\/gq-insight\/\" \/>\n<meta property=\"og:site_name\" content=\"GreenlinQdata\" \/>\n<meta property=\"article:modified_time\" content=\"2020-12-21T14:25:23+00:00\" \/>\n<meta name=\"twitter:card\" content=\"summary_large_image\" \/>\n<meta name=\"twitter:label1\" content=\"Tempo di lettura stimato\" \/>\n\t<meta name=\"twitter:data1\" content=\"2 minuti\" \/>\n<script type=\"application\/ld+json\" class=\"yoast-schema-graph\">{\"@context\":\"https:\\\/\\\/schema.org\",\"@graph\":[{\"@type\":\"WebPage\",\"@id\":\"https:\\\/\\\/greenlinqdata.nl\\\/it\\\/prodotti\\\/gq-insight\\\/\",\"url\":\"https:\\\/\\\/greenlinqdata.nl\\\/it\\\/prodotti\\\/gq-insight\\\/\",\"name\":\"GQ-insight - GreenlinQdata\",\"isPartOf\":{\"@id\":\"https:\\\/\\\/greenlinqdata.nl\\\/it\\\/#website\"},\"datePublished\":\"2020-12-21T14:25:22+00:00\",\"dateModified\":\"2020-12-21T14:25:23+00:00\",\"description\":\"Software voor telers en afzetorganisatie voor het registreren van gewasbeschermingsmiddelen, meststoffen, biologie, water en energi. U maakt uitgebreide rapportages en houdt makkelijk uw voorraad bij. Siertelers kunnen met deze applicatie hun milieuregistratie doen voor GLOBAL G.A.P.\",\"breadcrumb\":{\"@id\":\"https:\\\/\\\/greenlinqdata.nl\\\/it\\\/prodotti\\\/gq-insight\\\/#breadcrumb\"},\"inLanguage\":\"it-IT\",\"potentialAction\":[{\"@type\":\"ReadAction\",\"target\":[\"https:\\\/\\\/greenlinqdata.nl\\\/it\\\/prodotti\\\/gq-insight\\\/\"]}]},{\"@type\":\"BreadcrumbList\",\"@id\":\"https:\\\/\\\/greenlinqdata.nl\\\/it\\\/prodotti\\\/gq-insight\\\/#breadcrumb\",\"itemListElement\":[{\"@type\":\"ListItem\",\"position\":1,\"name\":\"Home\",\"item\":\"https:\\\/\\\/greenlinqdata.nl\\\/it\\\/\"},{\"@type\":\"ListItem\",\"position\":2,\"name\":\"Prodotti\",\"item\":\"https:\\\/\\\/greenlinqdata.nl\\\/it\\\/?page_id=1231\"},{\"@type\":\"ListItem\",\"position\":3,\"name\":\"GQ-insight\"}]},{\"@type\":\"WebSite\",\"@id\":\"https:\\\/\\\/greenlinqdata.nl\\\/it\\\/#website\",\"url\":\"https:\\\/\\\/greenlinqdata.nl\\\/it\\\/\",\"name\":\"GreenlinQdata\",\"description\":\"\",\"publisher\":{\"@id\":\"https:\\\/\\\/greenlinqdata.nl\\\/it\\\/#organization\"},\"potentialAction\":[{\"@type\":\"SearchAction\",\"target\":{\"@type\":\"EntryPoint\",\"urlTemplate\":\"https:\\\/\\\/greenlinqdata.nl\\\/it\\\/?s={search_term_string}\"},\"query-input\":{\"@type\":\"PropertyValueSpecification\",\"valueRequired\":true,\"valueName\":\"search_term_string\"}}],\"inLanguage\":\"it-IT\"},{\"@type\":\"Organization\",\"@id\":\"https:\\\/\\\/greenlinqdata.nl\\\/it\\\/#organization\",\"name\":\"GreenlinQdata\",\"url\":\"https:\\\/\\\/greenlinqdata.nl\\\/it\\\/\",\"logo\":{\"@type\":\"ImageObject\",\"inLanguage\":\"it-IT\",\"@id\":\"https:\\\/\\\/greenlinqdata.nl\\\/it\\\/#\\\/schema\\\/logo\\\/image\\\/\",\"url\":\"https:\\\/\\\/greenlinqdata.nl\\\/wp-content\\\/uploads\\\/2020\\\/10\\\/logo.png\",\"contentUrl\":\"https:\\\/\\\/greenlinqdata.nl\\\/wp-content\\\/uploads\\\/2020\\\/10\\\/logo.png\",\"width\":679,\"height\":100,\"caption\":\"GreenlinQdata\"},\"image\":{\"@id\":\"https:\\\/\\\/greenlinqdata.nl\\\/it\\\/#\\\/schema\\\/logo\\\/image\\\/\"}}]}<\/script>\n<!-- \/ Yoast SEO plugin. -->","yoast_head_json":{"title":"GQ-insight - GreenlinQdata","description":"Software voor telers en afzetorganisatie voor het registreren van gewasbeschermingsmiddelen, meststoffen, biologie, water en energi. U maakt uitgebreide rapportages en houdt makkelijk uw voorraad bij. Siertelers kunnen met deze applicatie hun milieuregistratie doen voor GLOBAL G.A.P.","robots":{"index":"index","follow":"follow","max-snippet":"max-snippet:-1","max-image-preview":"max-image-preview:large","max-video-preview":"max-video-preview:-1"},"canonical":"https:\/\/greenlinqdata.nl\/it\/prodotti\/gq-insight\/","og_locale":"it_IT","og_type":"article","og_title":"GQ-insight - GreenlinQdata","og_description":"Software voor telers en afzetorganisatie voor het registreren van gewasbeschermingsmiddelen, meststoffen, biologie, water en energi. U maakt uitgebreide rapportages en houdt makkelijk uw voorraad bij. Siertelers kunnen met deze applicatie hun milieuregistratie doen voor GLOBAL G.A.P.","og_url":"https:\/\/greenlinqdata.nl\/it\/prodotti\/gq-insight\/","og_site_name":"GreenlinQdata","article_modified_time":"2020-12-21T14:25:23+00:00","twitter_card":"summary_large_image","twitter_misc":{"Tempo di lettura stimato":"2 minuti"},"schema":{"@context":"https:\/\/schema.org","@graph":[{"@type":"WebPage","@id":"https:\/\/greenlinqdata.nl\/it\/prodotti\/gq-insight\/","url":"https:\/\/greenlinqdata.nl\/it\/prodotti\/gq-insight\/","name":"GQ-insight - GreenlinQdata","isPartOf":{"@id":"https:\/\/greenlinqdata.nl\/it\/#website"},"datePublished":"2020-12-21T14:25:22+00:00","dateModified":"2020-12-21T14:25:23+00:00","description":"Software voor telers en afzetorganisatie voor het registreren van gewasbeschermingsmiddelen, meststoffen, biologie, water en energi. U maakt uitgebreide rapportages en houdt makkelijk uw voorraad bij. Siertelers kunnen met deze applicatie hun milieuregistratie doen voor GLOBAL G.A.P.","breadcrumb":{"@id":"https:\/\/greenlinqdata.nl\/it\/prodotti\/gq-insight\/#breadcrumb"},"inLanguage":"it-IT","potentialAction":[{"@type":"ReadAction","target":["https:\/\/greenlinqdata.nl\/it\/prodotti\/gq-insight\/"]}]},{"@type":"BreadcrumbList","@id":"https:\/\/greenlinqdata.nl\/it\/prodotti\/gq-insight\/#breadcrumb","itemListElement":[{"@type":"ListItem","position":1,"name":"Home","item":"https:\/\/greenlinqdata.nl\/it\/"},{"@type":"ListItem","position":2,"name":"Prodotti","item":"https:\/\/greenlinqdata.nl\/it\/?page_id=1231"},{"@type":"ListItem","position":3,"name":"GQ-insight"}]},{"@type":"WebSite","@id":"https:\/\/greenlinqdata.nl\/it\/#website","url":"https:\/\/greenlinqdata.nl\/it\/","name":"GreenlinQdata","description":"","publisher":{"@id":"https:\/\/greenlinqdata.nl\/it\/#organization"},"potentialAction":[{"@type":"SearchAction","target":{"@type":"EntryPoint","urlTemplate":"https:\/\/greenlinqdata.nl\/it\/?s={search_term_string}"},"query-input":{"@type":"PropertyValueSpecification","valueRequired":true,"valueName":"search_term_string"}}],"inLanguage":"it-IT"},{"@type":"Organization","@id":"https:\/\/greenlinqdata.nl\/it\/#organization","name":"GreenlinQdata","url":"https:\/\/greenlinqdata.nl\/it\/","logo":{"@type":"ImageObject","inLanguage":"it-IT","@id":"https:\/\/greenlinqdata.nl\/it\/#\/schema\/logo\/image\/","url":"https:\/\/greenlinqdata.nl\/wp-content\/uploads\/2020\/10\/logo.png","contentUrl":"https:\/\/greenlinqdata.nl\/wp-content\/uploads\/2020\/10\/logo.png","width":679,"height":100,"caption":"GreenlinQdata"},"image":{"@id":"https:\/\/greenlinqdata.nl\/it\/#\/schema\/logo\/image\/"}}]}},"_links":{"self":[{"href":"https:\/\/greenlinqdata.nl\/it\/wp-json\/wp\/v2\/pages\/1263","targetHints":{"allow":["GET"]}}],"collection":[{"href":"https:\/\/greenlinqdata.nl\/it\/wp-json\/wp\/v2\/pages"}],"about":[{"href":"https:\/\/greenlinqdata.nl\/it\/wp-json\/wp\/v2\/types\/page"}],"author":[{"embeddable":true,"href":"https:\/\/greenlinqdata.nl\/it\/wp-json\/wp\/v2\/users\/11"}],"replies":[{"embeddable":true,"href":"https:\/\/greenlinqdata.nl\/it\/wp-json\/wp\/v2\/comments?post=1263"}],"version-history":[{"count":1,"href":"https:\/\/greenlinqdata.nl\/it\/wp-json\/wp\/v2\/pages\/1263\/revisions"}],"predecessor-version":[{"id":1264,"href":"https:\/\/greenlinqdata.nl\/it\/wp-json\/wp\/v2\/pages\/1263\/revisions\/1264"}],"up":[{"embeddable":true,"href":"https:\/\/greenlinqdata.nl\/it\/wp-json\/wp\/v2\/pages\/1231"}],"wp:attachment":[{"href":"https:\/\/greenlinqdata.nl\/it\/wp-json\/wp\/v2\/media?parent=1263"}],"curies":[{"name":"wp","href":"https:\/\/api.w.org\/{rel}","templated":true}]}}