{"id":1381,"date":"2021-01-12T09:12:09","date_gmt":"2021-01-12T09:12:09","guid":{"rendered":"https:\/\/greenlinqdata.nl\/prodotti\/certificato-ambientale-orticoltura-ornamentale\/"},"modified":"2022-08-30T12:21:43","modified_gmt":"2022-08-30T12:21:43","slug":"certificato-ambientale-orticoltura-ornamentale","status":"publish","type":"page","link":"https:\/\/greenlinqdata.nl\/it\/prodotti\/certificato-ambientale-orticoltura-ornamentale\/","title":{"rendered":"Certificato ambientale orticoltura ornamentale"},"content":{"rendered":"<p>[et_pb_section fb_built=&#8221;1&#8243; _builder_version=&#8221;4.16&#8243; global_colors_info=&#8221;{}&#8221;][et_pb_row column_structure=&#8221;3_5,2_5&#8243; _builder_version=&#8221;4.16&#8243; _module_preset=&#8221;default&#8221; min_height=&#8221;72px&#8221; global_colors_info=&#8221;{}&#8221;][et_pb_column type=&#8221;3_5&#8243; _builder_version=&#8221;4.16&#8243; _module_preset=&#8221;default&#8221; global_colors_info=&#8221;{}&#8221;][et_pb_image src=&#8221;https:\/\/greenlinqdata.nl\/wp-content\/uploads\/2020\/11\/GQ-data_basis_GG.png&#8221; alt=&#8221;Logo&#8217;s Royal FloraHolland en GLOBAL G.A.P.&#8221; title_text=&#8221;GQ-data_basis_GG&#8221; _builder_version=&#8221;4.16&#8243; _module_preset=&#8221;default&#8221; global_colors_info=&#8221;{}&#8221;][\/et_pb_image][\/et_pb_column][et_pb_column type=&#8221;2_5&#8243; _builder_version=&#8221;4.16&#8243; _module_preset=&#8221;default&#8221; global_colors_info=&#8221;{}&#8221;][\/et_pb_column][\/et_pb_row][et_pb_row _builder_version=&#8221;4.16&#8243; background_size=&#8221;initial&#8221; background_position=&#8221;top_left&#8221; background_repeat=&#8221;repeat&#8221; global_colors_info=&#8221;{}&#8221;][et_pb_column type=&#8221;4_4&#8243; _builder_version=&#8221;4.16&#8243; custom_padding=&#8221;|||&#8221; global_colors_info=&#8221;{}&#8221; custom_padding__hover=&#8221;|||&#8221;][et_pb_text _builder_version=&#8221;4.16&#8243; background_size=&#8221;initial&#8221; background_position=&#8221;top_left&#8221; background_repeat=&#8221;repeat&#8221; custom_margin=&#8221;||20px||false|false&#8221; custom_padding=&#8221;||||false|false&#8221; global_colors_info=&#8221;{}&#8221;]<\/p>\n<h2>Vari certificati per coltivatori<\/h2>\n<p><strong>L\u2019attuale mercato del<\/strong><strong>l\u2019orticoltura ornamentale richiede trasparenza sulla produzione sostenibile e sulla gestione aziendale.\u00a0 <\/strong><strong><br \/><\/strong>Ci sono vari certificati che lo comprovano. Separiamo i vari gruppi principali:<\/p>\n<p>1) Certificati Good Agricultural Practices (G.A.P.) <br \/>2) Certificati sociali<br \/>3) Certificazioni ambientali<\/p>\n<p><span style=\"color: #333333; font-size: 18px;\">G.A.P.<\/span><\/p>\n<p>\u00c8 uno dei tre standard pi\u00f9 richiesti. Questo certificato \u00e8 spesso un obbligo per poter consegnare. Per \u00a0GLOBALG.A.P. parliamo in questo contesto del <strong><em>Certificato GLOBALG.A.P Flowers and Ornamentals.<\/em><\/strong><\/p>\n<h3>Certificati sociali<\/h3>\n<p>Nei Paesi Bassi, un\u2019azienda soddisfa in molti casi le esigenze sociali se gli imprenditori rispettano la legge e le norme olandesi. Per esempio: il pagamento dello stipendio minimo e simili. Per \u00a0GLOBALG.A.P. parliamo in questo contesto del <strong><em>GLOBALG.A.P GRASP.<\/em><\/strong><\/p>\n<h3>Certificazioni ambientali<\/h3>\n<p>Il monitoraggio del consumo \u00e8 essenziale per soddisfare l\u2019esigenza ambientale per un certificato. Il monitoraggio del consumo su carta o in un file di formato Excel non offre sufficiente qualit\u00e0 e non \u00e8 abbastanza affidabile. Gli errori di battitura e altri tipi di scrittura di quelli desiderati sono gi\u00e0 fatti. Inoltre, in questo modo, i dati non possono essere facilmente paragonati. Per aver panoramica sui miglioramenti, \u00e8 necessario un resoconto benchmark. GLOBALG.A.P. non ha un programma di registrazione ma collabora su questo aspetto con GreenlinQdata che da oltre 25 anni fornisce servizi nel settore AGF in questo campo. Per GLOBALG.A.P. parliamo del <strong>certificato<\/strong>\u00a0<strong><em>GLOBALG.A.P. IDA <\/em><\/strong>(Impact Driven Approach).<\/p>\n<p><strong>Royal FloraHolland e la vostra organizzazione di distribuzione richiederanno sempre di pi\u00f9 una registrazione e certificazione ambientale a tutti i leader del mercato dei fiori e delle piante. \u00a0<\/strong><\/p>\n<p>Con l\u2019itinerario GLOBALG.A.P., FloraHolland risponde all\u2019esigenza del consiglio dei membri per un itinerario economico e facile da applicare da introdurre nel vostro certificato, passo a passo.<\/p>\n<p>[\/et_pb_text][et_pb_text disabled_on=&#8221;on|off|off&#8221; _builder_version=&#8221;4.16&#8243; background_color=&#8221;rgba(133,198,78,0.33)&#8221; background_size=&#8221;initial&#8221; background_position=&#8221;top_left&#8221; background_repeat=&#8221;repeat&#8221; custom_padding=&#8221;20px||||false|false&#8221; global_colors_info=&#8221;{}&#8221;]<!-- divi:paragraph --><\/p>\n<p style=\"text-align: center;\">\u00a0<span style=\"color: #648fc8; font-size: 22px; font-weight: bold; text-align: center;\">Per fasi<\/span><\/p>\n<p style=\"text-align: center;\">Fase una \u00e8 avere una registrazione ambientale digitale. <br \/>Nella seconda fase vi iscrivete presso uno degli auditor per GLOBALG.A.P.<br \/>E se siete conformi a tutte le esigenze, riceverete un certificato. \u00a0<\/p>\n<table style=\"margin-left: auto; margin-right: auto;\">\n<tbody>\n<tr style=\"height: 100px;\">\n<td style=\"width: 180px; height: 100px;\"><img decoding=\"async\" class=\"wp-image-1286 alignnone size-full\" style=\"display: block; margin-left: auto; margin-right: auto;\" src=\"https:\/\/greenlinqdata.nl\/wp-content\/uploads\/2020\/10\/Icoon_scherm.png\" alt=\"\" width=\"96\" height=\"96\" \/><\/td>\n<td style=\"width: 179px; height: 100px;\"><img decoding=\"async\" class=\"wp-image-1289 aligncenter size-full\" src=\"https:\/\/greenlinqdata.nl\/wp-content\/uploads\/2020\/10\/Icoon_checklist.png\" alt=\"\" width=\"96\" height=\"96\" \/><\/td>\n<td style=\"width: 179px; height: 100px;\"><img decoding=\"async\" class=\"wp-image-1292 aligncenter size-full\" src=\"https:\/\/greenlinqdata.nl\/wp-content\/uploads\/2020\/10\/Icoon_certificaat.png\" alt=\"\" width=\"96\" height=\"96\" \/><\/td>\n<\/tr>\n<tr style=\"height: 78px;\">\n<td style=\"width: 180px; text-align: center; height: 78px;\">\n<h3><strong>Avvia la registrazione ambientale<\/strong><\/h3>\n<\/td>\n<td style=\"width: 179px; text-align: center; height: 78px;\">\n<h3><strong>Scegli un auditor<\/strong><\/h3>\n<\/td>\n<td style=\"width: 179px; text-align: center; height: 78px;\">\n<h3><strong>Ottieni il Certificato<\/strong><\/h3>\n<\/td>\n<\/tr>\n<tr style=\"height: 37px;\">\n<td style=\"width: 180px; text-align: center; height: 37px;\">\n<p style=\"text-align: center;\"><strong>GreenlinQdata<\/strong><\/p>\n<\/td>\n<td style=\"width: 179px; text-align: center; height: 37px;\"><strong>Control Union,<br \/>ECAS, SGS of<br \/>Agrar-Control<\/strong><\/td>\n<td style=\"width: 179px; text-align: center; height: 37px;\"><strong>GLOBALG.A.P.<\/strong><\/td>\n<\/tr>\n<\/tbody>\n<\/table>\n<p>&nbsp;<\/p>\n<p>[\/et_pb_text][et_pb_text _builder_version=&#8221;4.16&#8243; background_size=&#8221;initial&#8221; background_position=&#8221;top_left&#8221; background_repeat=&#8221;repeat&#8221; min_height=&#8221;113px&#8221; custom_padding=&#8221;15px|||||&#8221; global_colors_info=&#8221;{}&#8221;]<\/p>\n<p>&nbsp;<\/p>\n<p><strong>Fase uno: la registrazione ambientale<br \/><\/strong>La fase uno consiste nel possedere una registrazione ambientale digitale. La registrazione di base dei dati GQ \u00e8 uno strumento che vi aiuta ad ottenere la vostra registrazione in modo facile e veloce.<\/p>\n<p>[\/et_pb_text][et_pb_toggle title=&#8221;Per saperne di pi\u00f9 sulla Registrazione base &#8221; _builder_version=&#8221;4.17.4&#8243; _module_preset=&#8221;default&#8221; hover_enabled=&#8221;0&#8243; global_colors_info=&#8221;{}&#8221; sticky_enabled=&#8221;0&#8243;]<\/p>\n<h5>Leggere di pi\u00f9 sulla registrazione di base<\/h5>\n<p>Potete usare la registrazione di base dei dati GQ per il certificato ambientale. Registrate i fertilizzanti, la biologia, l\u2019acqua e l\u2019energia secondo GLOBALG.A.P. e IPM e potete preparare dei resoconti completi. A questo scopo, usate il modulo gratuito sulla protezione del raccolto.<\/p>\n<p>Sulla relativa\u00a0<a href=\"https:\/\/greenlinqdata.nl\/it\/prodotti\/gq-app\/\">app<\/a>\u00a0sullo smartphone, i vostri dati sono sempre disponibili e potete iscrivervi facilmente e monitorare lo stock. Vi far\u00e0 risparmiare molto lavoro. Potete condividere velocemente e in sicurezza le informazioni pertinenti con i vostri clienti.<\/p>\n<p>Per i leader della Royal FloraHolland vale una tariffa di 399,- \u00a0\u20ac l\u2019anno. Lo strumento di registrazione \u00e8 anche economico dopo il primo anno. I primi 60 giorni sono gratis.<\/p>\n<p><strong>\u221a<\/strong>\u00a0Risparmiare tempo nella registrazione e certificazione<br \/><strong>\u221a<\/strong>\u00a0Facile da usare<br \/><strong>\u221a<\/strong>\u00a0Veloce resoconto sul consumo e stock<br \/><strong>\u221a<\/strong>\u00a0Pi\u00f9 luoghi possibili nella stessa azienda<br \/><strong>\u221a<\/strong>\u00a0Condivisione sicura con tutti i clienti<\/p>\n<p>[\/et_pb_toggle][et_pb_button button_url=&#8221;https:\/\/portal.greenlinqdata.nl\/GQ_Account_EUM\/CreateGQAccount.aspx&#8221; url_new_window=&#8221;on&#8221; button_text=&#8221;Iscriviti subito&#8221; button_alignment=&#8221;center&#8221; _builder_version=&#8221;4.16&#8243; custom_button=&#8221;on&#8221; button_text_size=&#8221;14px&#8221; button_border_radius=&#8221;21px&#8221; custom_margin=&#8221;15px||||false|false&#8221; custom_padding=&#8221;||||false|false&#8221; global_colors_info=&#8221;{}&#8221;][\/et_pb_button][et_pb_text _builder_version=&#8221;4.16&#8243; background_size=&#8221;initial&#8221; background_position=&#8221;top_left&#8221; background_repeat=&#8221;repeat&#8221; custom_padding=&#8221;15px|||||&#8221; global_colors_info=&#8221;{}&#8221;]<\/p>\n<p><strong>Fase due: l\u2019audit<br \/><\/strong>Nella seconda fase. vi iscrivete presso uno degli auditor (Control Union o SGS) per il certificato GLOBALG.A.P.<\/p>\n<p><strong>Fase tre: il certificato<br \/><\/strong>Un auditor giudica i vostri dati e ricevete un certificato se soddisfano tutte le esigenze disposte.<\/p>\n<p>[\/et_pb_text][et_pb_text _builder_version=&#8221;4.16&#8243; background_size=&#8221;initial&#8221; background_position=&#8221;top_left&#8221; background_repeat=&#8221;repeat&#8221; custom_margin=&#8221;||20px||false|false&#8221; global_colors_info=&#8221;{}&#8221;]<\/p>\n<p>&nbsp;<\/p>\n<h4 style=\"text-align: center;\"><strong>Domande? Desideri saperne di pi\u00f9?<\/strong><\/h4>\n<p style=\"text-align: center;\">\u00a0Leggi le <a href=\"https:\/\/greenlinqdata.nl\/it\/prodotti\/domande-frequenti\/\">domande frequenti<\/a> o <a href=\"https:\/\/greenlinqdata.nl\/it\/contatto\/\">rivolgiti<\/a> ad uno dei nostri specialisti esperti.<\/p>\n<p>[\/et_pb_text][\/et_pb_column][\/et_pb_row][\/et_pb_section][et_pb_section fb_built=&#8221;1&#8243; _builder_version=&#8221;4.16&#8243; _module_preset=&#8221;default&#8221; global_colors_info=&#8221;{}&#8221;][et_pb_row column_structure=&#8221;1_2,1_2&#8243; _builder_version=&#8221;4.16&#8243; _module_preset=&#8221;default&#8221; global_colors_info=&#8221;{}&#8221;][et_pb_column type=&#8221;1_2&#8243; _builder_version=&#8221;4.16&#8243; _module_preset=&#8221;default&#8221; global_colors_info=&#8221;{}&#8221;][et_pb_text _builder_version=&#8221;4.16&#8243; _module_preset=&#8221;default&#8221; global_colors_info=&#8221;{}&#8221;]<\/p>\n<h3>Come creo un account?<\/p>\n<\/h3>\n<p><iframe title=\"GreenlinqData Account Aanmaken\" width=\"1080\" height=\"608\" src=\"https:\/\/www.youtube.com\/embed\/wDJL9bu1_-s?feature=oembed\"  allow=\"accelerometer; autoplay; clipboard-write; encrypted-media; gyroscope; picture-in-picture\" allowfullscreen><\/iframe><\/p>\n<p>[\/et_pb_text][\/et_pb_column][et_pb_column type=&#8221;1_2&#8243; _builder_version=&#8221;4.16&#8243; _module_preset=&#8221;default&#8221; global_colors_info=&#8221;{}&#8221;][et_pb_text _builder_version=&#8221;4.16&#8243; _module_preset=&#8221;default&#8221; global_colors_info=&#8221;{}&#8221;]<\/p>\n<h3>Come faccio a compilare il mio account?<\/h3>\n<p><iframe title=\"GreenlinqData Account Vullen\" width=\"1080\" height=\"608\" src=\"https:\/\/www.youtube.com\/embed\/NDvZMSH2OpY?feature=oembed\"  allow=\"accelerometer; autoplay; clipboard-write; encrypted-media; gyroscope; picture-in-picture\" allowfullscreen><\/iframe><\/p>\n<p>[\/et_pb_text][\/et_pb_column][\/et_pb_row][\/et_pb_section]<\/p>\n","protected":false},"excerpt":{"rendered":"<p>Vari certificati per coltivatori L\u2019attuale mercato dell\u2019orticoltura ornamentale richiede trasparenza sulla produzione sostenibile e sulla gestione aziendale.\u00a0 Ci sono vari certificati che lo comprovano. Separiamo i vari gruppi principali: 1) Certificati Good Agricultural Practices (G.A.P.) 2) Certificati sociali3) Certificazioni ambientali G.A.P. \u00c8 uno dei tre standard pi\u00f9 richiesti. Questo certificato \u00e8 spesso un obbligo per [&hellip;]<\/p>\n","protected":false},"author":3,"featured_media":1374,"parent":1231,"menu_order":2,"comment_status":"closed","ping_status":"closed","template":"","meta":{"_et_pb_use_builder":"on","_et_pb_old_content":"","_et_gb_content_width":"","footnotes":""},"class_list":["post-1381","page","type-page","status-publish","has-post-thumbnail","hentry"],"yoast_head":"<!-- This site is optimized with the Yoast SEO plugin v27.5 - https:\/\/yoast.com\/product\/yoast-seo-wordpress\/ -->\n<title>Certificato ambientale orticoltura ornamentale - GreenlinQdata<\/title>\n<meta name=\"description\" content=\"Software voor telers en afzetorganisatie voor het registreren van gewasbeschermingsmiddelen, meststoffen, biologie, water en energi. U maakt uitgebreide rapportages en houdt makkelijk uw voorraad bij. Siertelers kunnen met deze applicatie hun milieuregistratie doen voor GLOBAL G.A.P.\" \/>\n<meta name=\"robots\" content=\"index, follow, max-snippet:-1, max-image-preview:large, max-video-preview:-1\" \/>\n<link rel=\"canonical\" href=\"https:\/\/greenlinqdata.nl\/it\/prodotti\/certificato-ambientale-orticoltura-ornamentale\/\" \/>\n<meta property=\"og:locale\" content=\"it_IT\" \/>\n<meta property=\"og:type\" content=\"article\" \/>\n<meta property=\"og:title\" content=\"Certificato ambientale orticoltura ornamentale - GreenlinQdata\" \/>\n<meta property=\"og:description\" content=\"Software voor telers en afzetorganisatie voor het registreren van gewasbeschermingsmiddelen, meststoffen, biologie, water en energi. U maakt uitgebreide rapportages en houdt makkelijk uw voorraad bij. Siertelers kunnen met deze applicatie hun milieuregistratie doen voor GLOBAL G.A.P.\" \/>\n<meta property=\"og:url\" content=\"https:\/\/greenlinqdata.nl\/it\/prodotti\/certificato-ambientale-orticoltura-ornamentale\/\" \/>\n<meta property=\"og:site_name\" content=\"GreenlinQdata\" \/>\n<meta property=\"article:modified_time\" content=\"2022-08-30T12:21:43+00:00\" \/>\n<meta property=\"og:image\" content=\"https:\/\/greenlinqdata.nl\/wp-content\/uploads\/2020\/11\/Bloemenkas_GreenlinQdata-e1604501700442.jpg\" \/>\n\t<meta property=\"og:image:width\" content=\"1600\" \/>\n\t<meta property=\"og:image:height\" content=\"560\" \/>\n\t<meta property=\"og:image:type\" content=\"image\/jpeg\" \/>\n<meta name=\"twitter:card\" content=\"summary_large_image\" \/>\n<meta name=\"twitter:label1\" content=\"Tempo di lettura stimato\" \/>\n\t<meta name=\"twitter:data1\" content=\"5 minuti\" \/>\n<script type=\"application\/ld+json\" class=\"yoast-schema-graph\">{\"@context\":\"https:\\\/\\\/schema.org\",\"@graph\":[{\"@type\":\"WebPage\",\"@id\":\"https:\\\/\\\/greenlinqdata.nl\\\/it\\\/prodotti\\\/certificato-ambientale-orticoltura-ornamentale\\\/\",\"url\":\"https:\\\/\\\/greenlinqdata.nl\\\/it\\\/prodotti\\\/certificato-ambientale-orticoltura-ornamentale\\\/\",\"name\":\"Certificato ambientale orticoltura ornamentale - GreenlinQdata\",\"isPartOf\":{\"@id\":\"https:\\\/\\\/greenlinqdata.nl\\\/it\\\/#website\"},\"primaryImageOfPage\":{\"@id\":\"https:\\\/\\\/greenlinqdata.nl\\\/it\\\/prodotti\\\/certificato-ambientale-orticoltura-ornamentale\\\/#primaryimage\"},\"image\":{\"@id\":\"https:\\\/\\\/greenlinqdata.nl\\\/it\\\/prodotti\\\/certificato-ambientale-orticoltura-ornamentale\\\/#primaryimage\"},\"thumbnailUrl\":\"https:\\\/\\\/greenlinqdata.nl\\\/wp-content\\\/uploads\\\/2020\\\/11\\\/Bloemenkas_GreenlinQdata-e1604501700442.jpg\",\"datePublished\":\"2021-01-12T09:12:09+00:00\",\"dateModified\":\"2022-08-30T12:21:43+00:00\",\"description\":\"Software voor telers en afzetorganisatie voor het registreren van gewasbeschermingsmiddelen, meststoffen, biologie, water en energi. U maakt uitgebreide rapportages en houdt makkelijk uw voorraad bij. Siertelers kunnen met deze applicatie hun milieuregistratie doen voor GLOBAL G.A.P.\",\"breadcrumb\":{\"@id\":\"https:\\\/\\\/greenlinqdata.nl\\\/it\\\/prodotti\\\/certificato-ambientale-orticoltura-ornamentale\\\/#breadcrumb\"},\"inLanguage\":\"it-IT\",\"potentialAction\":[{\"@type\":\"ReadAction\",\"target\":[\"https:\\\/\\\/greenlinqdata.nl\\\/it\\\/prodotti\\\/certificato-ambientale-orticoltura-ornamentale\\\/\"]}]},{\"@type\":\"ImageObject\",\"inLanguage\":\"it-IT\",\"@id\":\"https:\\\/\\\/greenlinqdata.nl\\\/it\\\/prodotti\\\/certificato-ambientale-orticoltura-ornamentale\\\/#primaryimage\",\"url\":\"https:\\\/\\\/greenlinqdata.nl\\\/wp-content\\\/uploads\\\/2020\\\/11\\\/Bloemenkas_GreenlinQdata-e1604501700442.jpg\",\"contentUrl\":\"https:\\\/\\\/greenlinqdata.nl\\\/wp-content\\\/uploads\\\/2020\\\/11\\\/Bloemenkas_GreenlinQdata-e1604501700442.jpg\",\"width\":1600,\"height\":560},{\"@type\":\"BreadcrumbList\",\"@id\":\"https:\\\/\\\/greenlinqdata.nl\\\/it\\\/prodotti\\\/certificato-ambientale-orticoltura-ornamentale\\\/#breadcrumb\",\"itemListElement\":[{\"@type\":\"ListItem\",\"position\":1,\"name\":\"Home\",\"item\":\"https:\\\/\\\/greenlinqdata.nl\\\/it\\\/\"},{\"@type\":\"ListItem\",\"position\":2,\"name\":\"Prodotti\",\"item\":\"https:\\\/\\\/greenlinqdata.nl\\\/it\\\/?page_id=1231\"},{\"@type\":\"ListItem\",\"position\":3,\"name\":\"Certificato ambientale orticoltura ornamentale\"}]},{\"@type\":\"WebSite\",\"@id\":\"https:\\\/\\\/greenlinqdata.nl\\\/it\\\/#website\",\"url\":\"https:\\\/\\\/greenlinqdata.nl\\\/it\\\/\",\"name\":\"GreenlinQdata\",\"description\":\"\",\"publisher\":{\"@id\":\"https:\\\/\\\/greenlinqdata.nl\\\/it\\\/#organization\"},\"potentialAction\":[{\"@type\":\"SearchAction\",\"target\":{\"@type\":\"EntryPoint\",\"urlTemplate\":\"https:\\\/\\\/greenlinqdata.nl\\\/it\\\/?s={search_term_string}\"},\"query-input\":{\"@type\":\"PropertyValueSpecification\",\"valueRequired\":true,\"valueName\":\"search_term_string\"}}],\"inLanguage\":\"it-IT\"},{\"@type\":\"Organization\",\"@id\":\"https:\\\/\\\/greenlinqdata.nl\\\/it\\\/#organization\",\"name\":\"GreenlinQdata\",\"url\":\"https:\\\/\\\/greenlinqdata.nl\\\/it\\\/\",\"logo\":{\"@type\":\"ImageObject\",\"inLanguage\":\"it-IT\",\"@id\":\"https:\\\/\\\/greenlinqdata.nl\\\/it\\\/#\\\/schema\\\/logo\\\/image\\\/\",\"url\":\"https:\\\/\\\/greenlinqdata.nl\\\/wp-content\\\/uploads\\\/2020\\\/10\\\/logo.png\",\"contentUrl\":\"https:\\\/\\\/greenlinqdata.nl\\\/wp-content\\\/uploads\\\/2020\\\/10\\\/logo.png\",\"width\":679,\"height\":100,\"caption\":\"GreenlinQdata\"},\"image\":{\"@id\":\"https:\\\/\\\/greenlinqdata.nl\\\/it\\\/#\\\/schema\\\/logo\\\/image\\\/\"}}]}<\/script>\n<!-- \/ Yoast SEO plugin. -->","yoast_head_json":{"title":"Certificato ambientale orticoltura ornamentale - GreenlinQdata","description":"Software voor telers en afzetorganisatie voor het registreren van gewasbeschermingsmiddelen, meststoffen, biologie, water en energi. U maakt uitgebreide rapportages en houdt makkelijk uw voorraad bij. Siertelers kunnen met deze applicatie hun milieuregistratie doen voor GLOBAL G.A.P.","robots":{"index":"index","follow":"follow","max-snippet":"max-snippet:-1","max-image-preview":"max-image-preview:large","max-video-preview":"max-video-preview:-1"},"canonical":"https:\/\/greenlinqdata.nl\/it\/prodotti\/certificato-ambientale-orticoltura-ornamentale\/","og_locale":"it_IT","og_type":"article","og_title":"Certificato ambientale orticoltura ornamentale - GreenlinQdata","og_description":"Software voor telers en afzetorganisatie voor het registreren van gewasbeschermingsmiddelen, meststoffen, biologie, water en energi. U maakt uitgebreide rapportages en houdt makkelijk uw voorraad bij. Siertelers kunnen met deze applicatie hun milieuregistratie doen voor GLOBAL G.A.P.","og_url":"https:\/\/greenlinqdata.nl\/it\/prodotti\/certificato-ambientale-orticoltura-ornamentale\/","og_site_name":"GreenlinQdata","article_modified_time":"2022-08-30T12:21:43+00:00","og_image":[{"width":1600,"height":560,"url":"https:\/\/greenlinqdata.nl\/wp-content\/uploads\/2020\/11\/Bloemenkas_GreenlinQdata-e1604501700442.jpg","type":"image\/jpeg"}],"twitter_card":"summary_large_image","twitter_misc":{"Tempo di lettura stimato":"5 minuti"},"schema":{"@context":"https:\/\/schema.org","@graph":[{"@type":"WebPage","@id":"https:\/\/greenlinqdata.nl\/it\/prodotti\/certificato-ambientale-orticoltura-ornamentale\/","url":"https:\/\/greenlinqdata.nl\/it\/prodotti\/certificato-ambientale-orticoltura-ornamentale\/","name":"Certificato ambientale orticoltura ornamentale - GreenlinQdata","isPartOf":{"@id":"https:\/\/greenlinqdata.nl\/it\/#website"},"primaryImageOfPage":{"@id":"https:\/\/greenlinqdata.nl\/it\/prodotti\/certificato-ambientale-orticoltura-ornamentale\/#primaryimage"},"image":{"@id":"https:\/\/greenlinqdata.nl\/it\/prodotti\/certificato-ambientale-orticoltura-ornamentale\/#primaryimage"},"thumbnailUrl":"https:\/\/greenlinqdata.nl\/wp-content\/uploads\/2020\/11\/Bloemenkas_GreenlinQdata-e1604501700442.jpg","datePublished":"2021-01-12T09:12:09+00:00","dateModified":"2022-08-30T12:21:43+00:00","description":"Software voor telers en afzetorganisatie voor het registreren van gewasbeschermingsmiddelen, meststoffen, biologie, water en energi. U maakt uitgebreide rapportages en houdt makkelijk uw voorraad bij. Siertelers kunnen met deze applicatie hun milieuregistratie doen voor GLOBAL G.A.P.","breadcrumb":{"@id":"https:\/\/greenlinqdata.nl\/it\/prodotti\/certificato-ambientale-orticoltura-ornamentale\/#breadcrumb"},"inLanguage":"it-IT","potentialAction":[{"@type":"ReadAction","target":["https:\/\/greenlinqdata.nl\/it\/prodotti\/certificato-ambientale-orticoltura-ornamentale\/"]}]},{"@type":"ImageObject","inLanguage":"it-IT","@id":"https:\/\/greenlinqdata.nl\/it\/prodotti\/certificato-ambientale-orticoltura-ornamentale\/#primaryimage","url":"https:\/\/greenlinqdata.nl\/wp-content\/uploads\/2020\/11\/Bloemenkas_GreenlinQdata-e1604501700442.jpg","contentUrl":"https:\/\/greenlinqdata.nl\/wp-content\/uploads\/2020\/11\/Bloemenkas_GreenlinQdata-e1604501700442.jpg","width":1600,"height":560},{"@type":"BreadcrumbList","@id":"https:\/\/greenlinqdata.nl\/it\/prodotti\/certificato-ambientale-orticoltura-ornamentale\/#breadcrumb","itemListElement":[{"@type":"ListItem","position":1,"name":"Home","item":"https:\/\/greenlinqdata.nl\/it\/"},{"@type":"ListItem","position":2,"name":"Prodotti","item":"https:\/\/greenlinqdata.nl\/it\/?page_id=1231"},{"@type":"ListItem","position":3,"name":"Certificato ambientale orticoltura ornamentale"}]},{"@type":"WebSite","@id":"https:\/\/greenlinqdata.nl\/it\/#website","url":"https:\/\/greenlinqdata.nl\/it\/","name":"GreenlinQdata","description":"","publisher":{"@id":"https:\/\/greenlinqdata.nl\/it\/#organization"},"potentialAction":[{"@type":"SearchAction","target":{"@type":"EntryPoint","urlTemplate":"https:\/\/greenlinqdata.nl\/it\/?s={search_term_string}"},"query-input":{"@type":"PropertyValueSpecification","valueRequired":true,"valueName":"search_term_string"}}],"inLanguage":"it-IT"},{"@type":"Organization","@id":"https:\/\/greenlinqdata.nl\/it\/#organization","name":"GreenlinQdata","url":"https:\/\/greenlinqdata.nl\/it\/","logo":{"@type":"ImageObject","inLanguage":"it-IT","@id":"https:\/\/greenlinqdata.nl\/it\/#\/schema\/logo\/image\/","url":"https:\/\/greenlinqdata.nl\/wp-content\/uploads\/2020\/10\/logo.png","contentUrl":"https:\/\/greenlinqdata.nl\/wp-content\/uploads\/2020\/10\/logo.png","width":679,"height":100,"caption":"GreenlinQdata"},"image":{"@id":"https:\/\/greenlinqdata.nl\/it\/#\/schema\/logo\/image\/"}}]}},"_links":{"self":[{"href":"https:\/\/greenlinqdata.nl\/it\/wp-json\/wp\/v2\/pages\/1381","targetHints":{"allow":["GET"]}}],"collection":[{"href":"https:\/\/greenlinqdata.nl\/it\/wp-json\/wp\/v2\/pages"}],"about":[{"href":"https:\/\/greenlinqdata.nl\/it\/wp-json\/wp\/v2\/types\/page"}],"author":[{"embeddable":true,"href":"https:\/\/greenlinqdata.nl\/it\/wp-json\/wp\/v2\/users\/3"}],"replies":[{"embeddable":true,"href":"https:\/\/greenlinqdata.nl\/it\/wp-json\/wp\/v2\/comments?post=1381"}],"version-history":[{"count":12,"href":"https:\/\/greenlinqdata.nl\/it\/wp-json\/wp\/v2\/pages\/1381\/revisions"}],"predecessor-version":[{"id":1904,"href":"https:\/\/greenlinqdata.nl\/it\/wp-json\/wp\/v2\/pages\/1381\/revisions\/1904"}],"up":[{"embeddable":true,"href":"https:\/\/greenlinqdata.nl\/it\/wp-json\/wp\/v2\/pages\/1231"}],"wp:featuredmedia":[{"embeddable":true,"href":"https:\/\/greenlinqdata.nl\/it\/wp-json\/wp\/v2\/media\/1374"}],"wp:attachment":[{"href":"https:\/\/greenlinqdata.nl\/it\/wp-json\/wp\/v2\/media?parent=1381"}],"curies":[{"name":"wp","href":"https:\/\/api.w.org\/{rel}","templated":true}]}}